{"id":377,"date":"2025-03-23T20:16:29","date_gmt":"2025-03-23T20:16:29","guid":{"rendered":"https:\/\/treatrade.hr\/?post_type=product&#038;p=377"},"modified":"2025-05-21T18:04:50","modified_gmt":"2025-05-21T18:04:50","slug":"lincoln-electric-invertec-275tp","status":"publish","type":"product","link":"https:\/\/treatrade.hr\/en\/product\/lincoln-electric-invertec-275tp\/","title":{"rendered":"Lincoln Electric &#8211; Invertec 275TP"},"content":{"rendered":"<p><b>NOVA GENERACIJA URE\u0110AJA ZA TIG ZAVARIVANJE<\/b><\/p>\n<p>Novi\u00a0<b>INVERTEC\u00ae 275TP\u00a0<\/b>je nova generacija TIG inverterskih ure\u0111aja koji nudi izvrsne procese zavarivanja i visoke performanse, \u0161to pove\u0107ava produktivnost i sljede\u0107i je korak u profesionalnom zavarivanju. Novi INVERTEC\u00ae je dizajniran s najnovijom tehnologijom za u\u0161tedu energije i spreman je za rad u najte\u017eim okru\u017eenjima zahvaljuju\u0107i svom jedinstvenom dizajnu.<\/p>\n<p>Za postizanje izvrsnih rezultata zavarivanja, INVERTEC\u00ae 275TP se oslanja na digitalne komunikacijske sustave i ugra\u0111ene komunikacijske ure\u0111aje poput USB-a, \u0161to olak\u0161ava nadzor i pra\u0107enje zavariva\u010dkih postupaka.<\/p>\n<p>Modularni sustav: izvori struje 270A@40%, novi kompaktni i lagani hladnjak COOLARC 27 s ve\u0107om u\u010dinkovito\u0161\u0107u hla\u0111enja, kolica sa dva kota\u010da CART 24 s vrlo \u010distom metalnom konstrukcijom, vrhunskom mobilno\u0161\u0107u i transportom zadovoljava najzahtjevnije primjene zavarivanja u razli\u010ditim segmentima.<\/p>\n<p><b>ROBUSNA POUZDANOST<\/b><\/p>\n<ul>\n<li><b>Visoka intermitencija \u2013 270A@40%<\/b><\/li>\n<li>Visoka u\u010dinkovitost proizvodnje<\/li>\n<li>Digitalno upravljanje strujom zavarivanja<\/li>\n<li>True HD tested \u2013 izra\u0111eni za te\u0161ke radne uvjete<\/li>\n<li><b>Tehnologija inverterskih modula \u2013 ekolo\u0161ki prihvatljiva<\/b><\/li>\n<li>Manja potro\u0161nja energije zahvaljuju\u0107i visokoj u\u010dinkovitosti \u2013 u\u0161teda energije<\/li>\n<li>Automatski na\u010dini rada s u\u0161tedom energije funkcija pripravnosti \/ isklju\u010divanja<\/li>\n<li>Ure\u0111aj je kompatibilan s EN50504 ili 60974-14 kalibracija. Kupac mo\u017ee izvr\u0161iti kalibraciju samostalno<\/li>\n<li>Spreman za rad na motornom generatoru<\/li>\n<li><b>Lincoln Electric industrijski dizajn spreman za upotrebu bilo gdje<\/b><\/li>\n<li><b>Potpuno za\u0161ti\u0107ene tiskane plo\u010dice<\/b><\/li>\n<li>Metalna konstrukcija<\/li>\n<li>Klasa za\u0161tite IP23<\/li>\n<li><b>3 godine jamstva na sve dijelove i rad<\/b><\/li>\n<\/ul>","protected":false},"excerpt":{"rendered":"<p>Novi\u00a0<b>INVERTEC\u00ae 275TP\u00a0<\/b>je nova generacija TIG inverterskih ure\u0111aja koji nudi izvrsne procese zavarivanja i visoke performanse, \u0161to pove\u0107ava produktivnost i sljede\u0107i je korak u profesionalnom zavarivanju. Novi INVERTEC\u00ae je dizajniran s najnovijom tehnologijom za u\u0161tedu energije i spreman je za rad u najte\u017eim okru\u017eenjima zahvaljuju\u0107i svom jedinstvenom dizajnu.<\/p>","protected":false},"featured_media":1138,"template":"","meta":[],"product_brand":[53],"product_cat":[25],"product_tag":[],"class_list":{"0":"post-377","1":"product","2":"type-product","3":"status-publish","4":"has-post-thumbnail","6":"product_brand-lincoln-electric","7":"product_cat-tig","9":"first","10":"instock","11":"shipping-taxable","12":"product-type-simple"},"_links":{"self":[{"href":"https:\/\/treatrade.hr\/en\/wp-json\/wp\/v2\/product\/377","targetHints":{"allow":["GET"]}}],"collection":[{"href":"https:\/\/treatrade.hr\/en\/wp-json\/wp\/v2\/product"}],"about":[{"href":"https:\/\/treatrade.hr\/en\/wp-json\/wp\/v2\/types\/product"}],"wp:featuredmedia":[{"embeddable":true,"href":"https:\/\/treatrade.hr\/en\/wp-json\/wp\/v2\/media\/1138"}],"wp:attachment":[{"href":"https:\/\/treatrade.hr\/en\/wp-json\/wp\/v2\/media?parent=377"}],"wp:term":[{"taxonomy":"product_brand","embeddable":true,"href":"https:\/\/treatrade.hr\/en\/wp-json\/wp\/v2\/product_brand?post=377"},{"taxonomy":"product_cat","embeddable":true,"href":"https:\/\/treatrade.hr\/en\/wp-json\/wp\/v2\/product_cat?post=377"},{"taxonomy":"product_tag","embeddable":true,"href":"https:\/\/treatrade.hr\/en\/wp-json\/wp\/v2\/product_tag?post=377"}],"curies":[{"name":"wp","href":"https:\/\/api.w.org\/{rel}","templated":true}]}}