{"id":375,"date":"2025-03-23T20:15:46","date_gmt":"2025-03-23T20:15:46","guid":{"rendered":"https:\/\/treatrade.hr\/?post_type=product&#038;p=375"},"modified":"2025-03-23T20:15:46","modified_gmt":"2025-03-23T20:15:46","slug":"lincoln-electric-vantage-410","status":"publish","type":"product","link":"https:\/\/treatrade.hr\/en\/product\/lincoln-electric-vantage-410\/","title":{"rendered":"Lincoln Electric &#8211; Vantage 410"},"content":{"rendered":"<p><b>MULTI PROCESNA SPOSOBNOST ZA PRIMJENU U GRA\u0110EVINARSTVU, CJEVOVODOVIMA I NAJMU<\/b><\/p>\n<p>Kompaktan i sna\u017ean motorni izvor struje\/agregat Vantage\u00ae 410 je idealan izbor za poslove u gra\u0111evinskoj industriji, zavarivanju cjevovoda i za poslove najma. \u010cetverocilindri\u010dni, vodom hla\u0111eni dizel Kubota\u00ae motor pogoni generator s mo\u0107nom proizvodnjom struje i multiprocesnim zavarivanjem uklju\u010duju\u0107i REL zavarivanje, TIG zavarivanje dodirom, TIG zavarivanje s podizanjem, elektrolu\u010dno \u017elijebljenje, zavarivanje konstantnim naponom \u017eicama u za\u0161titi plina i samoza\u0161ti\u0107uju\u0107im Innershield pra\u0161kom punjenim \u017eicama.<\/p>\n<p><b>ODLI\u010cNA IZVEDBA<\/b><\/p>\n<p>Patentirana i nagra\u0111ivana Lincoln Electric Chopper Tehnologija\u00ae daje vrhunske performanse elektrolu\u010dnog zavarivanja istosmjernom strujom za klasi\u010dne elektrode, za zavarivanje cijevi na dolje, DC TIG zavarivanje, MIG zavarivanje, zavarivanje punjenim \u017eicama i elektrolu\u010dno \u017elijebljenje. VRD\u2122 opcija smanjuje napon praznog hoda kod zavarivanja konstantnom strujom za dodatnu sigurnost u radu.<\/p>\n<p>Puno snage iz generatora izmjeni\u010dne struje osigurava dovoljan izlazni monofazni ili trofazni napon za napajanje pomo\u0107nih svjetala, brusilica, elektri\u010dnog alata i invertorskih ure\u0111aja za zavarivanje.<\/p>\n<p><b>Za\u0161to VANTAGE\u00ae 410?<\/b><\/p>\n<p><b>\u00bb Kompaktno ku\u0107i\u0161te s oklopom od nehr\u0111aju\u0107eg \u010delika<\/b><\/p>\n<p>Standardni krov od nehr\u0111aju\u0107eg \u010delika, bo\u010dne stranice i vrata za pristup motoru pru\u017eaju dodatnu za\u0161titu i trajnost.<\/p>\n<p><b>\u00bb Multi procesno zavarivanje, odvojeni na\u010din rada \u2013 Elektrolu\u010dno \u017elijebljenje<\/b><\/p>\n<p>Odaberite jedan od pet vrsta na\u010dina rada, uklju\u010duju\u0107i REL CC, zavarivanje na dolje za celulozne elektrode TIG DC s uspostavom luka dodirom, CV- MIG ili elektrolu\u010dno \u017elijebljenje koje maksimizira izlaz s ugljenim elektrodama do 8 mm.<\/p>\n<p><b>\u00bb VRD\u2122 Funkcija za smanjenje napona\u2122<\/b><\/p>\n<p>smanjen napon praznog hoda u REL postupku zavarivanja konstantnom strujom za dodatnu sigurnost.<\/p>\n<p><b>\u00bb Pouzdani motori<\/b><\/p>\n<p>\u2013 4 cilindri\u010dni 1800 RPM Kubota\u00ae dizel motori rade glatko i tiho. Mjera\u010di motora omogu\u0107uju vam brzo pra\u0107enje performansi.<\/p>\n<p>\u2013 spremnik goriva od 75.7 litara dovoljan za rad dugotrajno vrijeme.<\/p>\n<p><b>\u00bb Niska razina buke<\/b><\/p>\n<p>Zvu\u010dna snaga 97.0 dBA Lwa\u2013 jedan od najti\u0161ih dostupnih motornih izvora struje.<\/p>","protected":false},"excerpt":{"rendered":"<p>Kompaktan i sna\u017ean motorni izvor struje\/agregat Vantage\u00ae 410 je idealan izbor za poslove u gra\u0111evinskoj industriji, zavarivanju cjevovoda i za poslove najma. \u010cetverocilindri\u010dni, vodom hla\u0111eni dizel Kubota\u00ae motor pogoni generator s mo\u0107nom proizvodnjom struje i multiprocesnim zavarivanjem uklju\u010duju\u0107i REL zavarivanje, TIG zavarivanje dodirom, TIG zavarivanje s podizanjem, elektrolu\u010dno \u017elijebljenje, zavarivanje konstantnim naponom \u017eicama u za\u0161titi plina i samoza\u0161ti\u0107uju\u0107im Innershield pra\u0161kom punjenim \u017eicama.<\/p>","protected":false},"featured_media":376,"template":"","meta":[],"product_brand":[],"product_cat":[27],"product_tag":[],"class_list":{"0":"post-375","1":"product","2":"type-product","3":"status-publish","4":"has-post-thumbnail","6":"product_cat-motorni-izvori-struje","8":"first","9":"instock","10":"shipping-taxable","11":"product-type-simple"},"_links":{"self":[{"href":"https:\/\/treatrade.hr\/en\/wp-json\/wp\/v2\/product\/375","targetHints":{"allow":["GET"]}}],"collection":[{"href":"https:\/\/treatrade.hr\/en\/wp-json\/wp\/v2\/product"}],"about":[{"href":"https:\/\/treatrade.hr\/en\/wp-json\/wp\/v2\/types\/product"}],"wp:featuredmedia":[{"embeddable":true,"href":"https:\/\/treatrade.hr\/en\/wp-json\/wp\/v2\/media\/376"}],"wp:attachment":[{"href":"https:\/\/treatrade.hr\/en\/wp-json\/wp\/v2\/media?parent=375"}],"wp:term":[{"taxonomy":"product_brand","embeddable":true,"href":"https:\/\/treatrade.hr\/en\/wp-json\/wp\/v2\/product_brand?post=375"},{"taxonomy":"product_cat","embeddable":true,"href":"https:\/\/treatrade.hr\/en\/wp-json\/wp\/v2\/product_cat?post=375"},{"taxonomy":"product_tag","embeddable":true,"href":"https:\/\/treatrade.hr\/en\/wp-json\/wp\/v2\/product_tag?post=375"}],"curies":[{"name":"wp","href":"https:\/\/api.w.org\/{rel}","templated":true}]}}