{"id":371,"date":"2025-03-23T20:14:07","date_gmt":"2025-03-23T20:14:07","guid":{"rendered":"https:\/\/treatrade.hr\/?post_type=product&#038;p=371"},"modified":"2025-03-23T20:14:07","modified_gmt":"2025-03-23T20:14:07","slug":"lincoln-electric-idealarc-dc-100-i-dc-1500","status":"publish","type":"product","link":"https:\/\/treatrade.hr\/en\/product\/lincoln-electric-idealarc-dc-100-i-dc-1500\/","title":{"rendered":"Lincoln Electric &#8211; Idealarc DC-100 i DC-1500"},"content":{"rendered":"<p><b>Industrijski multiprocesni DC izvori struje<\/b><\/p>\n<p>Ako primjena zahtijeva \u010distu snagu zavarivanja u kombinaciji s odabirom razli\u010ditih postupaka zavarivanja, tada je najbolji izbor izvor struje Idealarc\u00ae DC-1000 s 1300 ampera \u010diste istosmjerne struje. Dizajniran za poluautomatizirano i automatizirano zavarivanje, precizna kontrola Idealarc\u00ae DC-1000 pru\u017ea vrhunske izvedbe MIG zavarivanja, zavarivanja pra\u0161kom punjenom \u017eicom i EPP zavarivanja te izvrsno elektrolu\u010dno \u017elijebljenje ugljenom elektrodom s elektrodama promjera do 16.0 mm.<\/p>\n<p>Idealarc\u00ae DC-1500 je multiprocesni izvor struje za elektrolu\u010dno zavarivanje istosmjernom strujom namijenjen za primjenu kod automatiziranog zavarivanja. Izvor isporu\u010duje izvanredne karakteristike el.luka i s konstantnim naponom i s konstantnom strujom. Ovo omogu\u0107ava svestranost i zavarivanju jednim izvorom struje. Jedan potenciometar za potpunu kontrolu svih izlaznih parametara omogu\u0107uje izvanrednu izvedbu zavarivanja.<\/p>\n<p><b>Zna\u010dajke Idealarc\u00ae DC1000<\/b><\/p>\n<p>\u2022 500 amperski izlazni priklju\u010dci pru\u017eaju pobolj\u0161ane karakteristike luka pri zavarivanju pra\u0161kom punjenom \u017eicom i MIG zavarivanju s niskom jakosti struje.<\/p>\n<p>\u2022 Jedan potenciometar za precizno upravljanje izlazom i jednostavno kori\u0161tenje.<\/p>\n<p>\u2022 Priklju\u010dna traka i vijci na izlaznim priklju\u010dcima za kabel daljinskog upravljanja i zavariva\u010dke kabele.<\/p>\n<p>\u2022 Ku\u0107i\u0161te niskog profila omogu\u0107uje ugradnju u police i slaganje do 2 ure\u0111aja u visinu kako bi se u\u0161tedio prostor na podu.<\/p>\n<p>\u2022 Uklonjive bo\u010dne stranice ure\u0111aja za lak\u0161i pristup unutarnjim dijelovima.<\/p>\n<p>\u2022 Kompenzacija ulaznog napona za odr\u017eavanje konstantnosti zavarivanja i kod promjena ulaznog napona za \u00b1 10%.<\/p>\n<p>\u2022 Unutarnji dijelovi uklju\u010duju\u0107i namotaje, ispravlja\u010de i elektroni\u010dke plo\u010dice, su presvu\u010deni kako bi se za\u0161titili od utjecaja vlage i korozija.<\/p>\n<p>\u2022 Sedam godina garancije na ispravlja\u010d\/transformator<\/p>\n<p>&nbsp;<\/p>\n<p><b>Zna\u010dajke Idealarc\u00ae DC1500<\/b><\/p>\n<p>\u2022 Potpuno upravljanje rasponom izlaznog napona za jednostavan rad i preciznu kontrolu izlaza.<\/p>\n<p>\u2022 Prekida\u010d za odabir na\u010dina rada koristi se za odabir \u017eeljenih karakteristika izlaza za postupak koji se koristi.<\/p>\n<p>\u2022 Kompenzacija ulaznog napona za odr\u017eavanje konstantnosti zavarivanja i kod promjena ulaznog napona za \u00b1 10%.<\/p>\n<p>\u2022 Ventilatorsko hla\u0111enje s elektronskom i termostati\u010dkom za\u0161titom od preoptere\u0107enja i prekomjernih temperatura.<\/p>\n<p>\u2022 Funkcijska svjetla ugra\u0111ena u tiskanu plo\u010dicu radi brzog dijagnosticiranja kvarova.<\/p>\n<p>\u2022 Namotaji i ispravlja\u010di su za\u0161ti\u0107eni od vlage i korozije.<\/p>\n<p>\u2022 Uklonjive bo\u010dne stranice ure\u0111aja za lak\u0161i pristup unutarnjim dijelovima.<\/p>\n<p>\u2022 Uvu\u010dena prednja plo\u010da \u0161titi kontrole procesa.<\/p>\n<p>\u2022 Priklju\u010dna traka i vijci na izlaznim priklju\u010dcima za kabel daljinskog upravljanja i zavariva\u010dke kabele.<\/p>\n<p>\u2022 Sedam godina garancije na ispravlja\u010d\/transformator<\/p>","protected":false},"excerpt":{"rendered":"<p>Ako primjena zahtijeva \u010distu snagu zavarivanja u kombinaciji s odabirom razli\u010ditih postupaka zavarivanja, tada je najbolji izbor izvor struje Idealarc\u00ae DC-1000 s 1300 ampera \u010diste istosmjerne struje. Dizajniran za poluautomatizirano i automatizirano zavarivanje, precizna kontrola Idealarc\u00ae DC-1000 pru\u017ea vrhunske izvedbe MIG zavarivanja, zavarivanja pra\u0161kom punjenom \u017eicom i EPP zavarivanja te izvrsno elektrolu\u010dno \u017elijebljenje ugljenom elektrodom s elektrodama promjera do 16.0 mm.<\/p>","protected":false},"featured_media":372,"template":"","meta":[],"product_brand":[],"product_cat":[26],"product_tag":[],"class_list":{"0":"post-371","1":"product","2":"type-product","3":"status-publish","4":"has-post-thumbnail","6":"product_cat-epp-zavarivanje","8":"first","9":"instock","10":"shipping-taxable","11":"product-type-simple"},"_links":{"self":[{"href":"https:\/\/treatrade.hr\/en\/wp-json\/wp\/v2\/product\/371","targetHints":{"allow":["GET"]}}],"collection":[{"href":"https:\/\/treatrade.hr\/en\/wp-json\/wp\/v2\/product"}],"about":[{"href":"https:\/\/treatrade.hr\/en\/wp-json\/wp\/v2\/types\/product"}],"wp:featuredmedia":[{"embeddable":true,"href":"https:\/\/treatrade.hr\/en\/wp-json\/wp\/v2\/media\/372"}],"wp:attachment":[{"href":"https:\/\/treatrade.hr\/en\/wp-json\/wp\/v2\/media?parent=371"}],"wp:term":[{"taxonomy":"product_brand","embeddable":true,"href":"https:\/\/treatrade.hr\/en\/wp-json\/wp\/v2\/product_brand?post=371"},{"taxonomy":"product_cat","embeddable":true,"href":"https:\/\/treatrade.hr\/en\/wp-json\/wp\/v2\/product_cat?post=371"},{"taxonomy":"product_tag","embeddable":true,"href":"https:\/\/treatrade.hr\/en\/wp-json\/wp\/v2\/product_tag?post=371"}],"curies":[{"name":"wp","href":"https:\/\/api.w.org\/{rel}","templated":true}]}}