{"id":369,"date":"2025-03-23T20:12:45","date_gmt":"2025-03-23T20:12:45","guid":{"rendered":"https:\/\/treatrade.hr\/?post_type=product&#038;p=369"},"modified":"2026-02-16T16:47:09","modified_gmt":"2026-02-16T16:47:09","slug":"lincoln-electric-power-wave-ac-dc-1000","status":"publish","type":"product","link":"https:\/\/treatrade.hr\/en\/product\/lincoln-electric-power-wave-ac-dc-1000\/","title":{"rendered":"Lincoln Electric &#8211; Power Wave AC\/DC 1000"},"content":{"rendered":"<p><b>Power Wave\u00ae AC\/DC 1000\u00ae SD<\/b><\/p>\n<p><b>Pove\u0107ana produktivnost, kvaliteta i fleksibilnost<\/b><\/p>\n<p>Izvor struje s programski upravljanim valnim oblicima koji pru\u017ea maksimalnu kontrolu nad deponiranjem metala te kontrolom penetracije u aplikacijama zavarivanja s jednim ili vi\u0161e elektri\u010dnih lukova.<\/p>\n<p><b>Zna\u010dajke<\/b><\/p>\n<p>\u2022 Ulazni napon 380-575 VAC, 50\/60 Hz\u2013 nudi mogu\u0107nost povezivanja bilo gdje u svijetu<\/p>\n<p>\u2022 Nije potrebna promjena priklju\u010daka kabela za promjenu polariteta \u2013 eliminiraju se zastoji.<\/p>\n<p>\u2022 Jednostavnost paralelnog spajanja izvora za vi\u0161e elektri\u010dnih lukova.<\/p>\n<p>\u2022 3-fazni ulazni napon \u2013 eliminira disbalans povezan s izvorima za zavarivanje izmjeni\u010dnom strujom na bazi transformatora.<\/p>\n<p>\u2022 Korekcija faktora snage 95%\u2013 omogu\u0107uje povezivanje vi\u0161e strojeva na istoj infrastrukturi postrojenja uz ni\u017ee tro\u0161kove instalacije.<\/p>\n<p>\u2022 Ekstremna robusnost \u2013 mo\u017ee se koristiti na otvorenom. Ocijenjeno IP23 klasom.<\/p>\n<p>\u2022 ArcLink\u00ae, ethernet i DeviceNet\u2122 komunikacija<\/p>\n<p>\u2013 nudi daljinsko pra\u0107enje procesa, upravljanje i rje\u0161avanje problema .<\/p>\n<p>\u2022 True Energy\u2122 mjeri, izra\u010dunava i prikazuje trenutnu energiju u zavaru za kriti\u010dne kalkulacije unosa topline.<\/p>\n<p>Tehni\u010dke karakteristike<\/p>\n<p>\u2022 Pra\u0107enje proizvodnje\u2122 2.2 \u2013 prati upotrebu opreme, pohranjuje podatke o zavarivanju i konfigurira ograni\u010denja koja poma\u017eu u analizi u\u010dinkovitosti zavarivanja.<\/p>\n<p>\u2022 Softverski upravljane kontrole \u2013 mogu se nadograditi kada nove zna\u010dajke postanu dostupne.<\/p>\n<p>\u2022 iARC\u2122 digitalna kontrola \u2013 90 puta br\u017ea od prethodne generacije, vrlo responsivni el. luk.<\/p>","protected":false},"excerpt":{"rendered":"<p>Izvor struje s programski upravljanim valnim oblicima koji pru\u017ea maksimalnu kontrolu nad deponiranjem metala te kontrolom penetracije u aplikacijama zavarivanja s jednim ili vi\u0161e elektri\u010dnih lukova.<\/p>","protected":false},"featured_media":370,"template":"","meta":[],"product_brand":[53],"product_cat":[26],"product_tag":[],"class_list":{"0":"post-369","1":"product","2":"type-product","3":"status-publish","4":"has-post-thumbnail","6":"product_brand-lincoln-electric","7":"product_cat-epp-zavarivanje","9":"first","10":"instock","11":"shipping-taxable","12":"product-type-simple"},"_links":{"self":[{"href":"https:\/\/treatrade.hr\/en\/wp-json\/wp\/v2\/product\/369","targetHints":{"allow":["GET"]}}],"collection":[{"href":"https:\/\/treatrade.hr\/en\/wp-json\/wp\/v2\/product"}],"about":[{"href":"https:\/\/treatrade.hr\/en\/wp-json\/wp\/v2\/types\/product"}],"wp:featuredmedia":[{"embeddable":true,"href":"https:\/\/treatrade.hr\/en\/wp-json\/wp\/v2\/media\/370"}],"wp:attachment":[{"href":"https:\/\/treatrade.hr\/en\/wp-json\/wp\/v2\/media?parent=369"}],"wp:term":[{"taxonomy":"product_brand","embeddable":true,"href":"https:\/\/treatrade.hr\/en\/wp-json\/wp\/v2\/product_brand?post=369"},{"taxonomy":"product_cat","embeddable":true,"href":"https:\/\/treatrade.hr\/en\/wp-json\/wp\/v2\/product_cat?post=369"},{"taxonomy":"product_tag","embeddable":true,"href":"https:\/\/treatrade.hr\/en\/wp-json\/wp\/v2\/product_tag?post=369"}],"curies":[{"name":"wp","href":"https:\/\/api.w.org\/{rel}","templated":true}]}}