{"id":367,"date":"2025-03-23T20:12:03","date_gmt":"2025-03-23T20:12:03","guid":{"rendered":"https:\/\/treatrade.hr\/?post_type=product&#038;p=367"},"modified":"2025-05-26T10:29:16","modified_gmt":"2025-05-26T10:29:16","slug":"lincoln-electric-aspect-200","status":"publish","type":"product","link":"https:\/\/treatrade.hr\/en\/product\/lincoln-electric-aspect-200\/","title":{"rendered":"Lincoln Electric &#8211; Aspect 200"},"content":{"rendered":"<p><b>JEDNOFAZNI TIG AC\/DC IZVOR STRUJE<\/b><\/p>\n<p>Aspect\u00ae 200 izvor struje ima funkcije TIG AC &amp; DC zavarivanja \u010detiri razli\u010dita valna oblika, pulsiranje, podesiva ravnote\u017ea i offset \u0161to ga \u010dini idealnim za kriti\u010dne primjene TIG AC\/DC zavarivanja. Nudi jednostavnu upravlja\u010dku plo\u010du sa svijetlim digitalnim zaslonom i inovativni sustav upravljanja s gorionika. Mo\u017ee se jednostavno prebaciti u ure\u0111aj s vodenim hla\u0111enjem dodavanjem COOL ARC\u00ae 24 hladnjaka<\/p>\n<p><b>Za\u0161to ASPECT\u00ae 200 ?<\/b><\/p>\n<p>\u00bb<u>\u00a0Izvrsne performanse el.luka<\/u><\/p>\n<p>Izvrsno uspostavljanje luka visokom frekvencijom, stabilan i brz luk, minimalna struja 2A<\/p>\n<p><u>\u00bb Napredne funkcije TIG AC\/DC zavarivanja<\/u><\/p>\n<p>\u010cetiri valna oblika, pulsiranje, podesiva ravnote\u017ea i offset, inovativna i jednostavna upravlja\u010dka plo\u010da, automatsko pode\u0161avanje izmjeni\u010dne struje<\/p>\n<p>\u00bb\u00a0<u>Kompatibilan s motornim agregatima<\/u><\/p>\n<p>Idealan za kori\u0161tenje na terenu<\/p>\n<p>\u00bb\u00a0<u>Mogu\u0107nost zavarivanja celuloznom elektrodom<\/u><\/p>\n<p>\u00bb\u00a0<u>Svijetli digitalni zaslon<\/u><\/p>\n<p>Gumbi za jednostavno postavljanje, 9 memorija, nova mogu\u0107nost upravljanja s TIG gorionika<\/p>\n<p>\u00bb\u00a0<u>Energetski u\u010dinkovit<\/u><\/p>\n<p>Jednofazni buck-boost inverter za u\u0161tedu energije<\/p>\n<p>\u00bb\u00a0<u>Robustan dizajn<\/u><\/p>\n<p>Za\u0161ti\u0107ene tiskane plo\u010dice, True HD dizajn posebna za\u0161tita za upotrebu u te\u0161kim uvjetima<\/p>\n<p>\u00bb\u00a0<u>Najbolje performanse zavarivanja aluminija<\/u><\/p>","protected":false},"excerpt":{"rendered":"<p>Aspect\u00ae 200 izvor struje ima funkcije TIG AC &amp; DC zavarivanja \u010detiri razli\u010dita valna oblika, pulsiranje, podesiva ravnote\u017ea i offset \u0161to ga \u010dini idealnim za kriti\u010dne primjene TIG AC\/DC zavarivanja.<\/p>","protected":false},"featured_media":1140,"template":"","meta":[],"product_brand":[],"product_cat":[25],"product_tag":[],"class_list":{"0":"post-367","1":"product","2":"type-product","3":"status-publish","4":"has-post-thumbnail","6":"product_cat-tig","8":"first","9":"instock","10":"shipping-taxable","11":"product-type-simple"},"_links":{"self":[{"href":"https:\/\/treatrade.hr\/en\/wp-json\/wp\/v2\/product\/367","targetHints":{"allow":["GET"]}}],"collection":[{"href":"https:\/\/treatrade.hr\/en\/wp-json\/wp\/v2\/product"}],"about":[{"href":"https:\/\/treatrade.hr\/en\/wp-json\/wp\/v2\/types\/product"}],"wp:featuredmedia":[{"embeddable":true,"href":"https:\/\/treatrade.hr\/en\/wp-json\/wp\/v2\/media\/1140"}],"wp:attachment":[{"href":"https:\/\/treatrade.hr\/en\/wp-json\/wp\/v2\/media?parent=367"}],"wp:term":[{"taxonomy":"product_brand","embeddable":true,"href":"https:\/\/treatrade.hr\/en\/wp-json\/wp\/v2\/product_brand?post=367"},{"taxonomy":"product_cat","embeddable":true,"href":"https:\/\/treatrade.hr\/en\/wp-json\/wp\/v2\/product_cat?post=367"},{"taxonomy":"product_tag","embeddable":true,"href":"https:\/\/treatrade.hr\/en\/wp-json\/wp\/v2\/product_tag?post=367"}],"curies":[{"name":"wp","href":"https:\/\/api.w.org\/{rel}","templated":true}]}}