{"id":362,"date":"2025-03-23T20:08:04","date_gmt":"2025-03-23T20:08:04","guid":{"rendered":"https:\/\/treatrade.hr\/?post_type=product&#038;p=362"},"modified":"2025-05-21T06:19:39","modified_gmt":"2025-05-21T06:19:39","slug":"lincoln-electric-bestermig-200s","status":"publish","type":"product","link":"https:\/\/treatrade.hr\/en\/product\/lincoln-electric-bestermig-200s\/","title":{"rendered":"Lincoln Electric \u2013 BesterMig 200-S"},"content":{"rendered":"<p>Potpuno novi izvor struje BesterMIG 200-S pomaknut \u0107e va\u0161u percepciju zavarivanja na vi\u0161u razinu. Sinergija je inovativna tehnologija koja se temelji na automatskom odabiru parametara zavarivanja.<br \/>\nZaboravite na odabir prave struje zavarivanja, dodavanja \u017eice ili postavki debljine materijala, sinergija to \u010dini umjesto vas, osiguravaju\u0107i savr\u0161ene zavare.<br \/>\nSinergija smanjuje rizik gre\u0161ke pri zavarivanju, jam\u010de\u0107i vrhunsku kvalitetu zavarivanja i niske tro\u0161kove.<br \/>\nZavarujte besprijekorno \u2013 automatsko pode\u0161avanje parametara \u0161tedi vrijeme zavarivanja i pove\u0107ava efikasnost.<\/p>\n<p>Vi\u0161eprocesni prijenosni kompaktni ure\u0111aj za zavarivanje: MIG\/MAG, PP\u017d, REL i TIG na podizanje<br \/>\nOpremljen sa SINERGIJOM baziranoj na automatskom odabiru parametara zavarivanja<br \/>\nSavr\u0161eno rje\u0161enje za hobiste i uradi sam majstore &#8211; \u010dini zavarivanje br\u017eim i u\u010dinkovitijim.<br \/>\nUgra\u0111ene funkcije &#8220;snaga luka&#8221; i &#8220;anti-stick&#8221; -pobolj\u0161ava paljenje i stabilnost luka za bolju kvalitetu zavara.<br \/>\nSvijetli digitalni zaslon<br \/>\nSpreman za rad na motornim agregatima<br \/>\nJednostavna promjena polariteta<\/p>","protected":false},"excerpt":{"rendered":"<p>Odli\u010dan izbor za postupke MIG zavarivanja, TIG zavarivanja s uspostavljanjem luka podizanjem i REL zavarivanja<\/p>","protected":false},"featured_media":1088,"template":"","meta":[],"product_brand":[53],"product_cat":[24],"product_tag":[],"class_list":{"0":"post-362","1":"product","2":"type-product","3":"status-publish","4":"has-post-thumbnail","6":"product_brand-lincoln-electric","7":"product_cat-mig-mag-i-multiprocesni","9":"first","10":"instock","11":"shipping-taxable","12":"product-type-simple"},"_links":{"self":[{"href":"https:\/\/treatrade.hr\/en\/wp-json\/wp\/v2\/product\/362","targetHints":{"allow":["GET"]}}],"collection":[{"href":"https:\/\/treatrade.hr\/en\/wp-json\/wp\/v2\/product"}],"about":[{"href":"https:\/\/treatrade.hr\/en\/wp-json\/wp\/v2\/types\/product"}],"wp:featuredmedia":[{"embeddable":true,"href":"https:\/\/treatrade.hr\/en\/wp-json\/wp\/v2\/media\/1088"}],"wp:attachment":[{"href":"https:\/\/treatrade.hr\/en\/wp-json\/wp\/v2\/media?parent=362"}],"wp:term":[{"taxonomy":"product_brand","embeddable":true,"href":"https:\/\/treatrade.hr\/en\/wp-json\/wp\/v2\/product_brand?post=362"},{"taxonomy":"product_cat","embeddable":true,"href":"https:\/\/treatrade.hr\/en\/wp-json\/wp\/v2\/product_cat?post=362"},{"taxonomy":"product_tag","embeddable":true,"href":"https:\/\/treatrade.hr\/en\/wp-json\/wp\/v2\/product_tag?post=362"}],"curies":[{"name":"wp","href":"https:\/\/api.w.org\/{rel}","templated":true}]}}