{"id":1449,"date":"2026-02-21T06:40:17","date_gmt":"2026-02-21T06:40:17","guid":{"rendered":"https:\/\/treatrade.hr\/?post_type=product&#038;p=1449"},"modified":"2026-02-21T06:42:08","modified_gmt":"2026-02-21T06:42:08","slug":"gamma-klijesta-mase","status":"publish","type":"product","link":"https:\/\/treatrade.hr\/en\/product\/gamma-klijesta-mase\/","title":{"rendered":"Gamma, klije\u0161ta mase"},"content":{"rendered":"<section id=\"section_742\" class=\"section section_ProductDetail_Description section_742 product-text-two\" data-lazysection-routevalues=\"{&quot;sectionid&quot;:742}\" data-lazyload=\"false\" data-action=\"ProductDetail\/DescriptionDetailSection\" data-sectionid=\"742\" data-view=\"ProductDetail\/_Description\">\n<div class=\"row\">\n<div class=\"col-xs-12\">\n<div id=\"textshort742\">\n<section id=\"section_742\" class=\"section section_ProductDetail_Description section_742 product-text-two\" data-lazysection-routevalues=\"{&quot;sectionid&quot;:742}\" data-lazyload=\"false\" data-action=\"ProductDetail\/DescriptionDetailSection\" data-sectionid=\"742\" data-view=\"ProductDetail\/_Description\">\n<div class=\"row\">\n<div class=\"col-xs-12\">\n<div id=\"textshort742\">\n<p><span dir=\"auto\">Klije\u0161ta mase od lijevanog mesinga. Bakrena traka za spajanje za zajam\u010denu vodljivost. Stezaljka od bakrenog pletenog materijala za pobolj\u0161anu vodljivost.<\/span><\/p>\n<\/div>\n<\/div>\n<\/div>\n<\/section>\n<div class=\"row addtocart-row\" data-rowid=\"357\">\n<div class=\"col-sm-12\" data-columnid=\"533\"><\/div>\n<\/div>\n<\/div>\n<\/div>\n<\/div>\n<\/section>","protected":false},"excerpt":{"rendered":"<p>Klije\u0161ta mase od lijevanog mesinga. Bakrena traka za spajanje za zajam\u010denu vodljivost. Stezaljka od bakrenog pletenog materijala za pobolj\u0161anu vodljivost.<\/p>","protected":false},"featured_media":1450,"template":"","meta":[],"product_brand":[57,56],"product_cat":[45],"product_tag":[],"class_list":{"0":"post-1449","1":"product","2":"type-product","3":"status-publish","4":"has-post-thumbnail","6":"product_brand-sacit","7":"product_brand-trafimet","8":"product_cat-dodaci-i-dodatna-oprema-za-zavarivanje","10":"first","11":"instock","12":"shipping-taxable","13":"product-type-simple"},"_links":{"self":[{"href":"https:\/\/treatrade.hr\/en\/wp-json\/wp\/v2\/product\/1449","targetHints":{"allow":["GET"]}}],"collection":[{"href":"https:\/\/treatrade.hr\/en\/wp-json\/wp\/v2\/product"}],"about":[{"href":"https:\/\/treatrade.hr\/en\/wp-json\/wp\/v2\/types\/product"}],"wp:featuredmedia":[{"embeddable":true,"href":"https:\/\/treatrade.hr\/en\/wp-json\/wp\/v2\/media\/1450"}],"wp:attachment":[{"href":"https:\/\/treatrade.hr\/en\/wp-json\/wp\/v2\/media?parent=1449"}],"wp:term":[{"taxonomy":"product_brand","embeddable":true,"href":"https:\/\/treatrade.hr\/en\/wp-json\/wp\/v2\/product_brand?post=1449"},{"taxonomy":"product_cat","embeddable":true,"href":"https:\/\/treatrade.hr\/en\/wp-json\/wp\/v2\/product_cat?post=1449"},{"taxonomy":"product_tag","embeddable":true,"href":"https:\/\/treatrade.hr\/en\/wp-json\/wp\/v2\/product_tag?post=1449"}],"curies":[{"name":"wp","href":"https:\/\/api.w.org\/{rel}","templated":true}]}}