{"id":1447,"date":"2026-02-21T06:35:30","date_gmt":"2026-02-21T06:35:30","guid":{"rendered":"https:\/\/treatrade.hr\/?post_type=product&#038;p=1447"},"modified":"2026-02-21T06:37:46","modified_gmt":"2026-02-21T06:37:46","slug":"urania-drzaci-elektroda","status":"publish","type":"product","link":"https:\/\/treatrade.hr\/en\/product\/urania-drzaci-elektroda\/","title":{"rendered":"Urania, dr\u017ea\u010di elektroda"},"content":{"rendered":"<section id=\"section_742\" class=\"section section_ProductDetail_Description section_742 product-text-two\" data-lazysection-routevalues=\"{&quot;sectionid&quot;:742}\" data-lazyload=\"false\" data-action=\"ProductDetail\/DescriptionDetailSection\" data-sectionid=\"742\" data-view=\"ProductDetail\/_Description\">\n<div class=\"row\">\n<div class=\"col-xs-12\">\n<div id=\"textshort742\">\n<section id=\"section_742\" class=\"section section_ProductDetail_Description section_742 product-text-two\" data-lazysection-routevalues=\"{&quot;sectionid&quot;:742}\" data-lazyload=\"false\" data-action=\"ProductDetail\/DescriptionDetailSection\" data-sectionid=\"742\" data-view=\"ProductDetail\/_Description\">\n<div class=\"row\">\n<div class=\"col-xs-12\">\n<div id=\"textshort742\">\n<p><span dir=\"auto\">Dr\u017ea\u010d elektrode s tijelom od lijevanog mesinga i izolacijskim premazima od termostabilnih, nezapaljivih i toplinski otpornih materijala. Stezanje kabela \u0161esterokutnim vijcima. Izolirana tla\u010dna opruga. Ru\u010dica od lijevanog mesinga izolirana termostabilnim materijalom. Jednodijelni vrh, pri\u010dvr\u0161\u0107ivanje elektrode u 5 polo\u017eaja.<\/span><\/p>\n<\/div>\n<\/div>\n<\/div>\n<\/section>\n<\/div>\n<\/div>\n<\/div>\n<\/section>","protected":false},"excerpt":{"rendered":"<p>Dr\u017ea\u010d elektrode s tijelom od lijevanog mesinga i izolacijskim premazima od termostabilnih, nezapaljivih i toplinski otpornih materijala. Stezanje kabela \u0161esterokutnim vijcima. Izolirana tla\u010dna opruga. Ru\u010dica od lijevanog mesinga izolirana termostabilnim materijalom. Jednodijelni vrh, pri\u010dvr\u0161\u0107ivanje elektrode u 5 polo\u017eaja.<\/p>","protected":false},"featured_media":1448,"template":"","meta":[],"product_brand":[57,56],"product_cat":[45],"product_tag":[],"class_list":{"0":"post-1447","1":"product","2":"type-product","3":"status-publish","4":"has-post-thumbnail","6":"product_brand-sacit","7":"product_brand-trafimet","8":"product_cat-dodaci-i-dodatna-oprema-za-zavarivanje","10":"first","11":"instock","12":"shipping-taxable","13":"product-type-simple"},"_links":{"self":[{"href":"https:\/\/treatrade.hr\/en\/wp-json\/wp\/v2\/product\/1447","targetHints":{"allow":["GET"]}}],"collection":[{"href":"https:\/\/treatrade.hr\/en\/wp-json\/wp\/v2\/product"}],"about":[{"href":"https:\/\/treatrade.hr\/en\/wp-json\/wp\/v2\/types\/product"}],"wp:featuredmedia":[{"embeddable":true,"href":"https:\/\/treatrade.hr\/en\/wp-json\/wp\/v2\/media\/1448"}],"wp:attachment":[{"href":"https:\/\/treatrade.hr\/en\/wp-json\/wp\/v2\/media?parent=1447"}],"wp:term":[{"taxonomy":"product_brand","embeddable":true,"href":"https:\/\/treatrade.hr\/en\/wp-json\/wp\/v2\/product_brand?post=1447"},{"taxonomy":"product_cat","embeddable":true,"href":"https:\/\/treatrade.hr\/en\/wp-json\/wp\/v2\/product_cat?post=1447"},{"taxonomy":"product_tag","embeddable":true,"href":"https:\/\/treatrade.hr\/en\/wp-json\/wp\/v2\/product_tag?post=1447"}],"curies":[{"name":"wp","href":"https:\/\/api.w.org\/{rel}","templated":true}]}}