{"id":1430,"date":"2026-02-16T20:06:56","date_gmt":"2026-02-16T20:06:56","guid":{"rendered":"https:\/\/treatrade.hr\/?post_type=product&#038;p=1430"},"modified":"2026-02-16T20:10:53","modified_gmt":"2026-02-16T20:10:53","slug":"viking-3250d-fgs-samozatamnjujuca-maska","status":"publish","type":"product","link":"https:\/\/treatrade.hr\/en\/product\/viking-3250d-fgs-samozatamnjujuca-maska\/","title":{"rendered":"Viking 3250D FGS, samozatamnjuju\u0107a maska"},"content":{"rendered":"<div class=\"hero-product__detail\" data-eapps-font-size=\"16\" data-eapps-line-height=\"16\">\n<p data-eapps-font-size=\"16\" data-eapps-line-height=\"24\"><span dir=\"auto\">U svakom proizvodnom okru\u017eenju, produktivnost, sigurnost i opti\u010dka jasno\u0107a su va\u017eni. VIKING\u00a0<\/span><span data-eapps-font-size=\"16\" data-eapps-line-height=\"24\"><span dir=\"auto\">\u2122<\/span><\/span><span dir=\"auto\">\u00a03250D FGS\u00ae pru\u017ea pobolj\u0161anja svakog od ovih elemenata u usporedbi sa standardnom maskom za zavarivanje.<\/span><\/p>\n<div class=\"overview__main\" data-eapps-font-size=\"16\" data-eapps-line-height=\"16\">\n<ul>\n<li><span dir=\"auto\">Vode\u0107a optika u industriji &#8211; 4C\u00ae tehnologija le\u0107a, opti\u010dka jasno\u0107a 1\/1\/1\/1 i iznimno veliko podru\u010dje gledanja od 8100 mm2<\/span><\/li>\n<li><span dir=\"auto\">Savr\u0161ena opti\u010dka jasno\u0107a 1\/1\/1\/1 eliminira izobli\u010denja i zamu\u0107enje, a istovremeno odr\u017eava konzistentnost nijanse i pobolj\u0161ava kutne performanse.<\/span><\/li>\n<li><strong data-eapps-font-size=\"16\" data-eapps-line-height=\"24\"><span dir=\"auto\">Automatski zatamnjuju\u0107i zaslon od 8.064,5 mm2 <\/span><\/strong><span dir=\"auto\">nudi \u0161iroki prikaz procesa kako bi pro\u0161irio vidno polje i pobolj\u0161ao kontrolu operatera<\/span><\/li>\n<li><strong data-eapps-font-size=\"16\" data-eapps-line-height=\"24\"><span dir=\"auto\">Bo\u010dni prozori sa zatamnjenjem DIN 5 <\/span><\/strong><span dir=\"auto\">pove\u0107avaju periferni vid u zatvorenom polo\u017eaju kacige.<\/span><\/li>\n<li><strong data-eapps-font-size=\"16\" data-eapps-line-height=\"24\"><span dir=\"auto\">Pokrivalo za glavu otporno na plamen<\/span><\/strong><span dir=\"auto\">\u00a0pru\u017ea za\u0161titu od prskanja i pobolj\u0161ava udobnost<\/span><\/li>\n<li><strong data-eapps-font-size=\"16\" data-eapps-line-height=\"24\"><span dir=\"auto\">Veliki integrirani \u0161titnik za bru\u0161enje\u00a0<\/span><\/strong><span dir=\"auto\">\u0161titi operatere od udaraca, a istovremeno pru\u017ea jasan pogled za bru\u0161enje i pregled materijala<\/span><\/li>\n<li><strong data-eapps-font-size=\"16\" data-eapps-line-height=\"24\"><span dir=\"auto\">Premaz protiv zamagljivanja\u00a0<\/span><\/strong><span dir=\"auto\">poma\u017ee u odr\u017eavanju dosljedno jasnog pogleda<\/span><\/li>\n<li><strong data-eapps-font-size=\"16\" data-eapps-line-height=\"24\"><span dir=\"auto\">4-osni nosa\u010d <\/span><\/strong><span dir=\"auto\">omogu\u0107uje vi\u0161esmjerno pode\u0161avanje za ravnomjernu raspodjelu te\u017eine i pobolj\u0161anje udobnosti<\/span><\/li>\n<\/ul>\n<\/div>\n<div class=\"hero-product__input-output-icons\" data-eapps-font-size=\"16\" data-eapps-line-height=\"16\">\n<div class=\"input-output-icons\" data-eapps-font-size=\"16\" data-eapps-line-height=\"16\">\n<div class=\"input-output-icons__item input-output-icons__item--output\" data-eapps-font-size=\"16\" data-eapps-line-height=\"16\"><\/div>\n<div class=\"input-output-icons__item input-output-icons__item--input\" data-eapps-font-size=\"16\" data-eapps-line-height=\"16\"><\/div>\n<\/div>\n<\/div>\n<\/div>\n<div class=\"hero-product__add-to-cart\" data-gtm-vis-recent-on-screen32191366_66=\"306\" data-gtm-vis-first-on-screen32191366_66=\"306\" data-gtm-vis-total-visible-time32191366_66=\"100\" data-gtm-vis-has-fired32191366_66=\"1\" data-eapps-font-size=\"16\" data-eapps-line-height=\"16\">\n<div class=\"hero-product__pricing\" data-eapps-font-size=\"16\" data-eapps-line-height=\"16\">\n<div class=\"hero-product__sign-in-view-price\" data-eapps-font-size=\"16\" data-eapps-line-height=\"16\"><\/div>\n<\/div>\n<\/div>","protected":false},"excerpt":{"rendered":"<p><span dir=\"auto\">Maska za zavarivanje s integriranim preklopnim \u0161titnikom za bru\u0161enje<\/span><\/p>","protected":false},"featured_media":1431,"template":"","meta":[],"product_brand":[53],"product_cat":[42,41],"product_tag":[],"class_list":{"0":"post-1430","1":"product","2":"type-product","3":"status-publish","4":"has-post-thumbnail","6":"product_brand-lincoln-electric","7":"product_cat-maske-i-naocale","8":"product_cat-zastitna-oprema","10":"first","11":"instock","12":"shipping-taxable","13":"product-type-simple"},"_links":{"self":[{"href":"https:\/\/treatrade.hr\/en\/wp-json\/wp\/v2\/product\/1430","targetHints":{"allow":["GET"]}}],"collection":[{"href":"https:\/\/treatrade.hr\/en\/wp-json\/wp\/v2\/product"}],"about":[{"href":"https:\/\/treatrade.hr\/en\/wp-json\/wp\/v2\/types\/product"}],"wp:featuredmedia":[{"embeddable":true,"href":"https:\/\/treatrade.hr\/en\/wp-json\/wp\/v2\/media\/1431"}],"wp:attachment":[{"href":"https:\/\/treatrade.hr\/en\/wp-json\/wp\/v2\/media?parent=1430"}],"wp:term":[{"taxonomy":"product_brand","embeddable":true,"href":"https:\/\/treatrade.hr\/en\/wp-json\/wp\/v2\/product_brand?post=1430"},{"taxonomy":"product_cat","embeddable":true,"href":"https:\/\/treatrade.hr\/en\/wp-json\/wp\/v2\/product_cat?post=1430"},{"taxonomy":"product_tag","embeddable":true,"href":"https:\/\/treatrade.hr\/en\/wp-json\/wp\/v2\/product_tag?post=1430"}],"curies":[{"name":"wp","href":"https:\/\/api.w.org\/{rel}","templated":true}]}}