{"id":1422,"date":"2026-02-16T16:50:49","date_gmt":"2026-02-16T16:50:49","guid":{"rendered":"https:\/\/treatrade.hr\/?post_type=product&#038;p=1422"},"modified":"2026-02-16T19:11:31","modified_gmt":"2026-02-16T19:11:31","slug":"lincoln-electric-tomahawk-45-uredaj-za-plazma-rezanje","status":"publish","type":"product","link":"https:\/\/treatrade.hr\/en\/product\/lincoln-electric-tomahawk-45-uredaj-za-plazma-rezanje\/","title":{"rendered":"Lincoln Electric Tomahawk 45, ure\u0111aj za plazma rezanje"},"content":{"rendered":"<p class=\"hero-product__description\" data-eapps-font-size=\"15\" data-eapps-line-height=\"21\"><span dir=\"auto\">Plazma reza\u010d &#8211; 400V\/3P &#8211; Izlazna struja: 60A @40%<\/span><\/p>\n<ul>\n<li><span dir=\"auto\">TFT 2,8\u201d zaslon \u2013 Za jednostavnije i korisniku prilago\u0111enije korisni\u010dko su\u010delje<\/span><\/li>\n<li><span dir=\"auto\">Kontinuirana kontrola izlaza \u2013 Fokusirajte luk za razli\u010dite debljine materijala.<\/span><\/li>\n<li><span dir=\"auto\">Touch Start sustav \u2013 Pouzdano paljenje plazma luka bez visoke frekvencije<\/span><\/li>\n<li><span dir=\"auto\">Brzo ponovno paljenje luka \u2013 Brzo rezanje kroz pukotine, \u010dak i kroz pro\u0161ireni metal<\/span><\/li>\n<li><span dir=\"auto\">Upravljanje pro\u010di\u0161\u0107avanjem na prednjoj plo\u010di \u2013 Omogu\u0107uje jednostavno pode\u0161avanje protoka zraka bez pokretanja plazma luka.<\/span><\/li>\n<li><span dir=\"auto\">Hladan rad, dugi vijek trajanja potro\u0161nog materijala \u2013 Novi dizajn elektrode i mlaznice dugoro\u010dno vam \u0161tedi novac.<\/span><\/li>\n<li><span dir=\"auto\">Dodatna sigurnost \u2013 Na\u0161 sustav \u201eParts-in-Place\u201c detektira ispravnu ugradnju potro\u0161nih dijelova i gorionika.<\/span><\/li>\n<li><span dir=\"auto\">Lagan i prenosiv \u2013 Lako ga nosi jedna osoba.<\/span><\/li>\n<li><span dir=\"auto\">Kompatibilnost s generatorom struje<\/span><\/li>\n<\/ul>\n<p>&nbsp;<\/p>\n<p><iframe title=\"TOMAHAWK\u00ae 30K &amp; 45 Compact Plasma Cutters\" width=\"800\" height=\"450\" src=\"https:\/\/www.youtube.com\/embed\/Zm_xxpIhJgE?feature=oembed\" frameborder=\"0\" allow=\"accelerometer; autoplay; clipboard-write; encrypted-media; gyroscope; picture-in-picture; web-share\" referrerpolicy=\"strict-origin-when-cross-origin\" allowfullscreen><\/iframe><\/p>\n<div class=\"hero-product__input-output-icons\" data-eapps-font-size=\"16\" data-eapps-line-height=\"16\">\n<div class=\"input-output-icons\" data-eapps-font-size=\"16\" data-eapps-line-height=\"16\">\n<div class=\"input-output-icons__item input-output-icons__item--output\" data-eapps-font-size=\"16\" data-eapps-line-height=\"16\">\n<div class=\"input-output-icons-item\" data-eapps-font-size=\"16\" data-eapps-line-height=\"16\"><\/div>\n<\/div>\n<\/div>\n<\/div>","protected":false},"excerpt":{"rendered":"<p>Plazma reza\u010d &#8211; 400V\/3P &#8211; Izlazna struja: 60A @40% TFT 2,8\u201d zaslon \u2013 Za jednostavnije i korisniku prilago\u0111enije korisni\u010dko su\u010delje Kontinuirana kontrola izlaza \u2013 Fokusirajte luk za razli\u010dite debljine materijala. Touch Start sustav \u2013 Pouzdano paljenje plazma luka bez visoke frekvencije Brzo ponovno paljenje luka \u2013 Brzo rezanje kroz pukotine, \u010dak i kroz pro\u0161ireni metal [&hellip;]<\/p>\n","protected":false},"featured_media":1424,"template":"","meta":[],"product_brand":[53],"product_cat":[28],"product_tag":[],"class_list":{"0":"post-1422","1":"product","2":"type-product","3":"status-publish","4":"has-post-thumbnail","6":"product_brand-lincoln-electric","7":"product_cat-uredaji-za-plazma-rezanje","9":"first","10":"instock","11":"shipping-taxable","12":"product-type-simple"},"_links":{"self":[{"href":"https:\/\/treatrade.hr\/en\/wp-json\/wp\/v2\/product\/1422","targetHints":{"allow":["GET"]}}],"collection":[{"href":"https:\/\/treatrade.hr\/en\/wp-json\/wp\/v2\/product"}],"about":[{"href":"https:\/\/treatrade.hr\/en\/wp-json\/wp\/v2\/types\/product"}],"wp:featuredmedia":[{"embeddable":true,"href":"https:\/\/treatrade.hr\/en\/wp-json\/wp\/v2\/media\/1424"}],"wp:attachment":[{"href":"https:\/\/treatrade.hr\/en\/wp-json\/wp\/v2\/media?parent=1422"}],"wp:term":[{"taxonomy":"product_brand","embeddable":true,"href":"https:\/\/treatrade.hr\/en\/wp-json\/wp\/v2\/product_brand?post=1422"},{"taxonomy":"product_cat","embeddable":true,"href":"https:\/\/treatrade.hr\/en\/wp-json\/wp\/v2\/product_cat?post=1422"},{"taxonomy":"product_tag","embeddable":true,"href":"https:\/\/treatrade.hr\/en\/wp-json\/wp\/v2\/product_tag?post=1422"}],"curies":[{"name":"wp","href":"https:\/\/api.w.org\/{rel}","templated":true}]}}