{"id":1404,"date":"2026-02-11T21:54:41","date_gmt":"2026-02-11T21:54:41","guid":{"rendered":"https:\/\/treatrade.hr\/?post_type=product&#038;p=1404"},"modified":"2026-02-11T22:24:48","modified_gmt":"2026-02-11T22:24:48","slug":"hypertherm-powermax-30-air","status":"publish","type":"product","link":"https:\/\/treatrade.hr\/en\/product\/hypertherm-powermax-30-air\/","title":{"rendered":"Hypertherm &#8211; Powermax 30 AIR"},"content":{"rendered":"<div class=\"shorten\">\n<div class=\"shorten\">\n<div class=\"shorten\">\n<p><span dir=\"auto\">Unato\u010d maloj veli\u010dini, Powermax30<\/span><sup><span dir=\"auto\">\u00ae<\/span><\/sup><span dir=\"auto\"> AIR pru\u017ea velike performanse. Ovaj mali zra\u010dni plazma reza\u010d &#8211; najmanji i najlak\u0161i ru\u010dni plazma reza\u010d u svojoj klasi &#8211; uklju\u010duje vlastiti ugra\u0111eni zra\u010dni kompresor. Tako je, to je mali plazma reza\u010d s ugra\u0111enim kompresorom tako da Powermax30 AIR mo\u017eete koristiti bilo gdje gdje postoji jednofazna struja. Samo ga uklju\u010dite, pri\u010dvrstite stezaljku i spremni ste za rezanje. \u010cak je i dvostruki napon. Mo\u017eete ga koristiti kao plazma reza\u010d od 120 V ili na 240 V. Bez obzira na to koji ulaz napajanja (120 V ili 240 V) odaberete, mislimo da \u0107ete se slo\u017eiti da je Powermax30 AIR najbolji plazma reza\u010d s ugra\u0111enim kompresorom dostupan danas.<\/span><\/p>\n<\/div>\n<div class=\"col-sm-6 xhtml\">\n<p><strong><span dir=\"auto\">Jednostavno postavljanje i kori\u0161tenje<\/span><\/strong><\/p>\n<ul>\n<li><span dir=\"auto\">Unutarnji kompresor eliminira potrebu za vanjskim kompresorom i filterom zraka<\/span><\/li>\n<li><span dir=\"auto\">Uklju\u010dite u bilo koju uti\u010dnicu od 120 ili 240 V (uklju\u010dena prakti\u010dna Auto-Voltage\u2122 tehnologija i adapteri za utika\u010d)<\/span><\/li>\n<\/ul>\n<\/div>\n<div class=\"col-sm-6\">\n<p><strong><span dir=\"auto\">Vrhunske performanse u kompaktnom pakiranju<\/span><\/strong><\/p>\n<ul>\n<li><span dir=\"auto\">Dizajn potro\u0161nog materijala za koji je u postupku patentiranja omogu\u0107uje dosljedno rezanje optimizacijom protoka zraka iz kompaktnog, unutarnjeg kompresora<\/span><\/li>\n<li><span dir=\"auto\">Brzo re\u017eite metalnu re\u0161etku ili zahr\u0111ali metal bez ponovnog okidanja pomo\u0107u funkcije kontinuiranog pilotnog luka<\/span><\/li>\n<li><span dir=\"auto\">Velike brzine rezanja i vrhunska kvaliteta rezanja omogu\u0107uju vam br\u017ee dovr\u0161avanje poslova, s manje sekundarnih operacija<\/span><\/li>\n<\/ul>\n<p><img fetchpriority=\"high\" decoding=\"async\" class=\"alignnone size-medium wp-image-1420\" src=\"https:\/\/treatrade.hr\/wp-content\/uploads\/2026\/02\/pmx30air_cut_performance_chart-300x285.webp\" alt=\"\" width=\"300\" height=\"285\" srcset=\"https:\/\/treatrade.hr\/wp-content\/uploads\/2026\/02\/pmx30air_cut_performance_chart-300x285.webp 300w, https:\/\/treatrade.hr\/wp-content\/uploads\/2026\/02\/pmx30air_cut_performance_chart-13x12.webp 13w, https:\/\/treatrade.hr\/wp-content\/uploads\/2026\/02\/pmx30air_cut_performance_chart-24x24.webp 24w, https:\/\/treatrade.hr\/wp-content\/uploads\/2026\/02\/pmx30air_cut_performance_chart-36x34.webp 36w, https:\/\/treatrade.hr\/wp-content\/uploads\/2026\/02\/pmx30air_cut_performance_chart-48x46.webp 48w, https:\/\/treatrade.hr\/wp-content\/uploads\/2026\/02\/pmx30air_cut_performance_chart.webp 345w\" sizes=\"(max-width: 300px) 100vw, 300px\" \/><\/p>\n<div class=\"row\">\n<div class=\"col-sm-6 xhtml\">\n<p><strong><span dir=\"auto\">Iznimna svestranost<\/span><\/strong><\/p>\n<ul>\n<li><span dir=\"auto\">Samo jedan alat je sve \u0161to vam je potrebno za rezanje razli\u010ditih vrsta i debljina metala<\/span><\/li>\n<li><span dir=\"auto\">Mala veli\u010dina i mala te\u017eina omogu\u0107uju vam da Powermax30 AIR ponesete na posao, umjesto da ga donosite u sustav \u2013 idealno rje\u0161enje za \u0161irok raspon primjena rezanja.<\/span><\/li>\n<li><span dir=\"auto\">Izra\u0111en da izdr\u017ei te\u0161ku upotrebu u najzahtjevnijim okru\u017eenjima<\/span><\/li>\n<\/ul>\n<h4><\/h4>\n<div class=\"table-action-wrapper\">\n<div class=\"table-responsive table-container\">\n<table class=\"table table-bordered table-striped\">\n<tbody>\n<tr>\n<th style=\"text-align: center;\"><span dir=\"auto\">Kapacitet rezanja<\/span><\/th>\n<th style=\"text-align: center;\"><span dir=\"auto\">Debljina<\/span><\/th>\n<th style=\"text-align: center;\"><span dir=\"auto\">Brzina rezanja<\/span><\/th>\n<\/tr>\n<tr>\n<td style=\"text-align: center;\"><strong><span dir=\"auto\">Preporu\u010deno<\/span><\/strong><\/td>\n<td>\n<p style=\"text-align: center;\"><span dir=\"auto\">8 mm<\/span><\/p>\n<p style=\"text-align: center;\"><span dir=\"auto\">10 mm<\/span><\/p>\n<\/td>\n<td style=\"text-align: center;\"><span dir=\"auto\">500 mm\/min<\/span><\/p>\n<p><span dir=\"auto\">250 mm\/min<\/span><\/td>\n<\/tr>\n<tr>\n<td style=\"text-align: center;\"><strong><span dir=\"auto\">Grubo rezanje<\/span><\/strong><\/td>\n<td style=\"text-align: center;\"><span dir=\"auto\">16 mm<\/span><\/td>\n<td style=\"text-align: center;\"><span dir=\"auto\">125 mm\/min<\/span><\/td>\n<\/tr>\n<\/tbody>\n<\/table>\n<\/div>\n<\/div>\n<\/div>\n<\/div>\n<\/div>\n<\/div>\n<\/div>","protected":false},"excerpt":{"rendered":"<p>Unato\u010d maloj veli\u010dini, Powermax30\u00ae AIR pru\u017ea velike performanse. Ovaj mali zra\u010dni plazma reza\u010d &#8211; najmanji i najlak\u0161i ru\u010dni plazma reza\u010d u svojoj klasi &#8211; uklju\u010duje vlastiti ugra\u0111eni zra\u010dni kompresor. Tako je, to je mali plazma reza\u010d s ugra\u0111enim kompresorom tako da Powermax30 AIR mo\u017eete koristiti bilo gdje gdje postoji jednofazna struja. Samo ga uklju\u010dite, pri\u010dvrstite [&hellip;]<\/p>\n","protected":false},"featured_media":1409,"template":"","meta":[],"product_brand":[58],"product_cat":[28],"product_tag":[],"class_list":{"0":"post-1404","1":"product","2":"type-product","3":"status-publish","4":"has-post-thumbnail","6":"product_brand-hypertherm","7":"product_cat-uredaji-za-plazma-rezanje","9":"first","10":"instock","11":"shipping-taxable","12":"product-type-simple"},"_links":{"self":[{"href":"https:\/\/treatrade.hr\/en\/wp-json\/wp\/v2\/product\/1404","targetHints":{"allow":["GET"]}}],"collection":[{"href":"https:\/\/treatrade.hr\/en\/wp-json\/wp\/v2\/product"}],"about":[{"href":"https:\/\/treatrade.hr\/en\/wp-json\/wp\/v2\/types\/product"}],"wp:featuredmedia":[{"embeddable":true,"href":"https:\/\/treatrade.hr\/en\/wp-json\/wp\/v2\/media\/1409"}],"wp:attachment":[{"href":"https:\/\/treatrade.hr\/en\/wp-json\/wp\/v2\/media?parent=1404"}],"wp:term":[{"taxonomy":"product_brand","embeddable":true,"href":"https:\/\/treatrade.hr\/en\/wp-json\/wp\/v2\/product_brand?post=1404"},{"taxonomy":"product_cat","embeddable":true,"href":"https:\/\/treatrade.hr\/en\/wp-json\/wp\/v2\/product_cat?post=1404"},{"taxonomy":"product_tag","embeddable":true,"href":"https:\/\/treatrade.hr\/en\/wp-json\/wp\/v2\/product_tag?post=1404"}],"curies":[{"name":"wp","href":"https:\/\/api.w.org\/{rel}","templated":true}]}}