{"id":1390,"date":"2026-02-11T20:01:18","date_gmt":"2026-02-11T20:01:18","guid":{"rendered":"https:\/\/treatrade.hr\/?post_type=product&#038;p=1390"},"modified":"2026-02-11T20:03:10","modified_gmt":"2026-02-11T20:03:10","slug":"wt-stezaljka-1%e2%80%b3-14%e2%80%b3","status":"publish","type":"product","link":"https:\/\/treatrade.hr\/en\/product\/wt-stezaljka-1%e2%80%b3-14%e2%80%b3\/","title":{"rendered":"WT stezaljka (1\u2033-14\u2033)"},"content":{"rendered":"<section class=\"has_eae_slider elementor-section elementor-top-section elementor-element elementor-element-2185403 elementor-section-boxed elementor-section-height-default elementor-section-height-default\" data-id=\"2185403\" data-element_type=\"section\">\n<div class=\"elementor-container elementor-column-gap-default\">\n<div class=\"has_eae_slider elementor-column elementor-col-100 elementor-top-column elementor-element elementor-element-71eb2bf\" data-id=\"71eb2bf\" data-element_type=\"column\">\n<div class=\"elementor-widget-wrap elementor-element-populated\">\n<div class=\"elementor-element elementor-element-ebf4bf7 elementor-widget elementor-widget-text-editor\" data-id=\"ebf4bf7\" data-element_type=\"widget\" data-widget_type=\"text-editor.default\">\n<div class=\"elementor-widget-container\">\n<p><span dir=\"auto\">WT stezaljka je izra\u0111ena od tla\u010dno lijevanog aluminija, \u0161to osigurava dovoljnu steznu silu za zadovoljavanje zahtjeva za sve dimenzije cijevi u rasponu od 1\u201d-14\u201d (27-355 mm) i debljine stijenke do 15 mm. Leptir vijci izra\u0111eni su od kuglica od nehr\u0111aju\u0107eg \u010delika.<\/span><\/p>\n<p><span dir=\"auto\">WT stezaljka se mo\u017ee koristiti za nehr\u0111aju\u0107i \u010delik, dupleks i druge vrste visokolegiranog \u010delika. Zavarivanje cijevi i spojeva cijevi lako se izvodi WT stezaljkom.<\/span><\/p>\n<\/div>\n<\/div>\n<\/div>\n<\/div>\n<\/div>\n<\/section>","protected":false},"excerpt":{"rendered":"<p>WT stezaljka je izra\u0111ena od tla\u010dno lijevanog aluminija, \u0161to osigurava dovoljnu steznu silu za zadovoljavanje zahtjeva za sve dimenzije cijevi u rasponu od 1\u201d-14\u201d (27-355 mm) i debljine stijenke do 15 mm. Leptir vijci izra\u0111eni su od kuglica od nehr\u0111aju\u0107eg \u010delika. WT stezaljka se mo\u017ee koristiti za nehr\u0111aju\u0107i \u010delik, dupleks i druge vrste visokolegiranog \u010delika. [&hellip;]<\/p>\n","protected":false},"featured_media":1391,"template":"","meta":[],"product_brand":[74],"product_cat":[50],"product_tag":[],"class_list":{"0":"post-1390","1":"product","2":"type-product","3":"status-publish","4":"has-post-thumbnail","6":"product_brand-weldtech","7":"product_cat-oprema-za-montazu-i-inertiranje-cijevi","9":"first","10":"instock","11":"shipping-taxable","12":"product-type-simple"},"_links":{"self":[{"href":"https:\/\/treatrade.hr\/en\/wp-json\/wp\/v2\/product\/1390","targetHints":{"allow":["GET"]}}],"collection":[{"href":"https:\/\/treatrade.hr\/en\/wp-json\/wp\/v2\/product"}],"about":[{"href":"https:\/\/treatrade.hr\/en\/wp-json\/wp\/v2\/types\/product"}],"wp:featuredmedia":[{"embeddable":true,"href":"https:\/\/treatrade.hr\/en\/wp-json\/wp\/v2\/media\/1391"}],"wp:attachment":[{"href":"https:\/\/treatrade.hr\/en\/wp-json\/wp\/v2\/media?parent=1390"}],"wp:term":[{"taxonomy":"product_brand","embeddable":true,"href":"https:\/\/treatrade.hr\/en\/wp-json\/wp\/v2\/product_brand?post=1390"},{"taxonomy":"product_cat","embeddable":true,"href":"https:\/\/treatrade.hr\/en\/wp-json\/wp\/v2\/product_cat?post=1390"},{"taxonomy":"product_tag","embeddable":true,"href":"https:\/\/treatrade.hr\/en\/wp-json\/wp\/v2\/product_tag?post=1390"}],"curies":[{"name":"wp","href":"https:\/\/api.w.org\/{rel}","templated":true}]}}