{"id":1387,"date":"2026-02-11T19:29:25","date_gmt":"2026-02-11T19:29:25","guid":{"rendered":"https:\/\/treatrade.hr\/?post_type=product&#038;p=1387"},"modified":"2026-02-11T20:03:42","modified_gmt":"2026-02-11T20:03:42","slug":"pf-stezaljka-1%e2%80%b3-14%e2%80%b3","status":"publish","type":"product","link":"https:\/\/treatrade.hr\/en\/product\/pf-stezaljka-1%e2%80%b3-14%e2%80%b3\/","title":{"rendered":"PF stezaljka (1\u2033-14\u2033)"},"content":{"rendered":"<section class=\"has_eae_slider elementor-section elementor-top-section elementor-element elementor-element-2185403 elementor-section-boxed elementor-section-height-default elementor-section-height-default\" data-id=\"2185403\" data-element_type=\"section\">\n<div class=\"elementor-container elementor-column-gap-default\">\n<div class=\"has_eae_slider elementor-column elementor-col-100 elementor-top-column elementor-element elementor-element-71eb2bf\" data-id=\"71eb2bf\" data-element_type=\"column\">\n<div class=\"elementor-widget-wrap elementor-element-populated\">\n<div class=\"elementor-element elementor-element-ebf4bf7 elementor-widget elementor-widget-text-editor\" data-id=\"ebf4bf7\" data-element_type=\"widget\" data-widget_type=\"text-editor.default\">\n<div class=\"elementor-widget-container\">\n<p><span dir=\"auto\">Jedinstveni dizajn PF stezaljke pru\u017ea izuzetno sna\u017enu stezaljku za spajanje svih vrsta <\/span><span dir=\"auto\">cijevi i spojnica, kako od uglji\u010dnog \u010delika tako i od nehr\u0111aju\u0107eg \u010delika.<\/span><br \/>\n<span dir=\"auto\">Sve kontaktne to\u010dke stezaljke su od nehr\u0111aju\u0107eg \u010delika, a vijci su pocin\u010dani s kuglastim <\/span><span dir=\"auto\">vrhom od nehr\u0111aju\u0107eg \u010delika kako bi se osiguralo savr\u0161eno spajanje.<\/span><\/p>\n<\/div>\n<\/div>\n<\/div>\n<\/div>\n<\/div>\n<\/section>","protected":false},"excerpt":{"rendered":"<p>Jedinstveni dizajn PF stezaljke pru\u017ea izuzetno sna\u017enu stezaljku za spajanje svih vrsta cijevi i spojnica, kako od uglji\u010dnog \u010delika tako i od nehr\u0111aju\u0107eg \u010delika. Sve kontaktne to\u010dke stezaljke su od nehr\u0111aju\u0107eg \u010delika, a vijci su pocin\u010dani s kuglastim vrhom od nehr\u0111aju\u0107eg \u010delika kako bi se osiguralo savr\u0161eno spajanje.<\/p>","protected":false},"featured_media":1389,"template":"","meta":[],"product_brand":[74],"product_cat":[50],"product_tag":[],"class_list":{"0":"post-1387","1":"product","2":"type-product","3":"status-publish","4":"has-post-thumbnail","6":"product_brand-weldtech","7":"product_cat-oprema-za-montazu-i-inertiranje-cijevi","9":"first","10":"instock","11":"shipping-taxable","12":"product-type-simple"},"_links":{"self":[{"href":"https:\/\/treatrade.hr\/en\/wp-json\/wp\/v2\/product\/1387","targetHints":{"allow":["GET"]}}],"collection":[{"href":"https:\/\/treatrade.hr\/en\/wp-json\/wp\/v2\/product"}],"about":[{"href":"https:\/\/treatrade.hr\/en\/wp-json\/wp\/v2\/types\/product"}],"wp:featuredmedia":[{"embeddable":true,"href":"https:\/\/treatrade.hr\/en\/wp-json\/wp\/v2\/media\/1389"}],"wp:attachment":[{"href":"https:\/\/treatrade.hr\/en\/wp-json\/wp\/v2\/media?parent=1387"}],"wp:term":[{"taxonomy":"product_brand","embeddable":true,"href":"https:\/\/treatrade.hr\/en\/wp-json\/wp\/v2\/product_brand?post=1387"},{"taxonomy":"product_cat","embeddable":true,"href":"https:\/\/treatrade.hr\/en\/wp-json\/wp\/v2\/product_cat?post=1387"},{"taxonomy":"product_tag","embeddable":true,"href":"https:\/\/treatrade.hr\/en\/wp-json\/wp\/v2\/product_tag?post=1387"}],"curies":[{"name":"wp","href":"https:\/\/api.w.org\/{rel}","templated":true}]}}