{"id":1375,"date":"2026-02-06T11:02:16","date_gmt":"2026-02-06T11:02:16","guid":{"rendered":"https:\/\/treatrade.hr\/?post_type=product&#038;p=1375"},"modified":"2026-02-11T09:51:16","modified_gmt":"2026-02-11T09:51:16","slug":"ag55sn-oblozeno-srebro-za-tvrdo-lemljenje","status":"publish","type":"product","link":"https:\/\/treatrade.hr\/en\/product\/ag55sn-oblozeno-srebro-za-tvrdo-lemljenje\/","title":{"rendered":"Ag55Sn, oblo\u017eeno srebro za tvrdo lemljenje"},"content":{"rendered":"<p>Legura za lemljenje bez kadmija s vrlo visokim udjelom srebra (55%)<br \/>\nIzvrsna fluidnost i mehani\u010dka \u010dvrsto\u0107a<\/p>\n<p>Za visoko pouzdane i visokokvalitetne poslove u sektorima hla\u0111enja, klimatizacije, medicine, distribucije tehni\u010dkih plinova itd<br \/>\nIzvrsna otpornost na koroziju<br \/>\nMo\u017ee se koristiti za spajanje \u017eeljeznih i obojenih metala poput \u010delika, nehr\u0111aju\u0107eg \u010delika, bakra, mesinga, bronce, nikla i legura nikla itd<br \/>\nVrlo je pogodno za nehr\u0111aju\u0107i \u010delik<br \/>\nNije pogodno za aluminij i magnezij<br \/>\nOptimalni razmak spoja: 0,05 \u2013 0,15 mm<br \/>\nOva legura je u skladu s RoHS-om (Direktiva EU 2002\/95\/EZ)<\/p>\n<p>Glavna tehni\u010dka svojstva:<br \/>\n\u2013 Sastav % (Ag \u2013 Cu \u2013 Zn \u2013 Sn): 55 \u2013 21 \u2013 22 \u2013 2<br \/>\n\u2013 Raspon taljenja SOL \u2013 LIQ (\u00b0C): 630 \u2013 660<br \/>\n\u2013 Gusto\u0107a (g\/cm3): 9,4<br \/>\n\u2013 Vla\u010dna \u010dvrsto\u0107a (kg\/mm2): 44<br \/>\n\u2013 Norma ISO 17672: Ag 155<br \/>\n\u2013 Norma EN 1044: AG 103<\/p>\n<p><a href=\"https:\/\/treatrade.hr\/wp-content\/uploads\/2026\/02\/Ag30Sn-oblozeno-srebro-za-tvrdo-lemljenje-\u2013-Trea-Trade-\u2013-Sve-za-zavarivanje.pdf\">Ag30Sn, obloz\u030ceno srebro za tvrdo lemljenje \u2013 Trea Trade \u2013 Sve za zavarivanje<\/a><\/p>","protected":false},"excerpt":{"rendered":"<p>Test 1234<\/p>","protected":false},"featured_media":1374,"template":"","meta":[],"product_brand":[55],"product_cat":[39],"product_tag":[],"class_list":{"0":"post-1375","1":"product","2":"type-product","3":"status-publish","4":"has-post-thumbnail","6":"product_brand-harris-calorific","7":"product_cat-dodatni-materijali","9":"first","10":"instock","11":"shipping-taxable","12":"product-type-simple"},"_links":{"self":[{"href":"https:\/\/treatrade.hr\/en\/wp-json\/wp\/v2\/product\/1375","targetHints":{"allow":["GET"]}}],"collection":[{"href":"https:\/\/treatrade.hr\/en\/wp-json\/wp\/v2\/product"}],"about":[{"href":"https:\/\/treatrade.hr\/en\/wp-json\/wp\/v2\/types\/product"}],"wp:featuredmedia":[{"embeddable":true,"href":"https:\/\/treatrade.hr\/en\/wp-json\/wp\/v2\/media\/1374"}],"wp:attachment":[{"href":"https:\/\/treatrade.hr\/en\/wp-json\/wp\/v2\/media?parent=1375"}],"wp:term":[{"taxonomy":"product_brand","embeddable":true,"href":"https:\/\/treatrade.hr\/en\/wp-json\/wp\/v2\/product_brand?post=1375"},{"taxonomy":"product_cat","embeddable":true,"href":"https:\/\/treatrade.hr\/en\/wp-json\/wp\/v2\/product_cat?post=1375"},{"taxonomy":"product_tag","embeddable":true,"href":"https:\/\/treatrade.hr\/en\/wp-json\/wp\/v2\/product_tag?post=1375"}],"curies":[{"name":"wp","href":"https:\/\/api.w.org\/{rel}","templated":true}]}}