{"id":1373,"date":"2026-02-06T10:11:39","date_gmt":"2026-02-06T10:11:39","guid":{"rendered":"https:\/\/treatrade.hr\/?post_type=product&#038;p=1373"},"modified":"2026-02-06T11:02:08","modified_gmt":"2026-02-06T11:02:08","slug":"ag30sn-oblozeno-srebro-za-tvrdo-lemljenje","status":"publish","type":"product","link":"https:\/\/treatrade.hr\/en\/product\/ag30sn-oblozeno-srebro-za-tvrdo-lemljenje\/","title":{"rendered":"Ag30Sn, oblo\u017eeno srebro za tvrdo lemljenje"},"content":{"rendered":"<p>Legura za lemljenje bez kadmija sa srednjim udjelom srebra (30%)<br \/>\nDobra fluidnost i mehani\u010dka \u010dvrsto\u0107a<\/p>\n<p>Pogodno za op\u0107u primjenu u raznim podru\u010djima, a posebno u sektorima industrijskog hla\u0111enja i klimatizacije.<br \/>\nMo\u017ee se koristiti za spajanje \u017eeljeznih i obojenih metala poput \u010delika, nehr\u0111aju\u0107eg \u010delika, bakra, mesinga, bronce, nikla i legura nikla itd.<br \/>\nNije prikladno za aluminij i magnezij<br \/>\nOptimalni razmak spoja: 0,075 \u2013 0,2 mm<br \/>\nOva legura je u skladu s RoHS direktivom (EU direktiva 2002\/95\/EZ)<\/p>\n<p>Glavna tehni\u010dka svojstva:<br \/>\n\u2013 Sastav % (Ag \u2013 Cu \u2013 Zn \u2013 Sn): 30 \u2013 36 \u2013 32 \u2013 2<br \/>\n\u2013 Raspon taljenja SOL \u2013 LIQ (\u00b0C): 665 \u2013 755<br \/>\n\u2013 Gusto\u0107a (g\/cm3): 8,8<br \/>\n\u2013 Vla\u010dna \u010dvrsto\u0107a (kg\/mm2): 48<br \/>\n\u2013 Norma ISO 17672: Ag 130<br \/>\n\u2013 Norma EN 1044: AG 107<\/p>\n<p>&nbsp;<\/p>","protected":false},"excerpt":{"rendered":"<p>Legura za lemljenje bez kadmija sa srednjim udjelom srebra (30%) Dobra fluidnost i mehani\u010dka \u010dvrsto\u0107a Pogodno za op\u0107u primjenu u raznim podru\u010djima, a posebno u sektorima industrijskog hla\u0111enja i klimatizacije. Mo\u017ee se koristiti za spajanje \u017eeljeznih i obojenih metala poput \u010delika, nehr\u0111aju\u0107eg \u010delika, bakra, mesinga, bronce, nikla i legura nikla itd. Nije prikladno za aluminij [&hellip;]<\/p>\n","protected":false},"featured_media":1374,"template":"","meta":[],"product_brand":[55],"product_cat":[39],"product_tag":[],"class_list":{"0":"post-1373","1":"product","2":"type-product","3":"status-publish","4":"has-post-thumbnail","6":"product_brand-harris-calorific","7":"product_cat-dodatni-materijali","9":"first","10":"instock","11":"shipping-taxable","12":"product-type-simple"},"_links":{"self":[{"href":"https:\/\/treatrade.hr\/en\/wp-json\/wp\/v2\/product\/1373","targetHints":{"allow":["GET"]}}],"collection":[{"href":"https:\/\/treatrade.hr\/en\/wp-json\/wp\/v2\/product"}],"about":[{"href":"https:\/\/treatrade.hr\/en\/wp-json\/wp\/v2\/types\/product"}],"wp:featuredmedia":[{"embeddable":true,"href":"https:\/\/treatrade.hr\/en\/wp-json\/wp\/v2\/media\/1374"}],"wp:attachment":[{"href":"https:\/\/treatrade.hr\/en\/wp-json\/wp\/v2\/media?parent=1373"}],"wp:term":[{"taxonomy":"product_brand","embeddable":true,"href":"https:\/\/treatrade.hr\/en\/wp-json\/wp\/v2\/product_brand?post=1373"},{"taxonomy":"product_cat","embeddable":true,"href":"https:\/\/treatrade.hr\/en\/wp-json\/wp\/v2\/product_cat?post=1373"},{"taxonomy":"product_tag","embeddable":true,"href":"https:\/\/treatrade.hr\/en\/wp-json\/wp\/v2\/product_tag?post=1373"}],"curies":[{"name":"wp","href":"https:\/\/api.w.org\/{rel}","templated":true}]}}