{"id":1372,"date":"2026-02-06T09:20:54","date_gmt":"2026-02-06T09:20:54","guid":{"rendered":"https:\/\/treatrade.hr\/?post_type=product&#038;p=1372"},"modified":"2026-02-06T09:27:07","modified_gmt":"2026-02-06T09:27:07","slug":"lincoln-electric-askaynak-r-143-elektrode-za-zavarivanje","status":"publish","type":"product","link":"https:\/\/treatrade.hr\/en\/product\/lincoln-electric-askaynak-r-143-elektrode-za-zavarivanje\/","title":{"rendered":"Lincoln Electric Askaynak R-143, elektrode za zavarivanje"},"content":{"rendered":"<p>AWS A5.1 E6013<br \/>\nEN ISO 2560-A E 42 0 RR 12<\/p>\n<p>Askaynak R-143 je oblo\u017eena rutilna elektroda. Zavar ima visoku otpornost na pucanje. Troska se lako uklanja i daje visokokvalitetni zavar, kao i izgled zavara. Lako se pali i ponovno pali te je stoga idealna i jednostavna elektroda za kori\u0161tenje.<br \/>\nAskaynak R-143 je elektroda op\u0107e namjene koja se posebno koristi za zavarivanje konstrukcijskih \u010delika s niskim i srednjim udjelom ugljika, u rasponu od St 33 do St 52.3. Izrada strojeva, konstrukcije mostova; zavarivanje kotlova, karoserija automobila, \u010deli\u010dnog namje\u0161taja, obrada metalnih plo\u010da, tankih plo\u010da i mali popravci su me\u0111u podru\u010djima njezine primjene.<\/p>","protected":false},"excerpt":{"rendered":"<p>AWS A5.1 E6013 EN ISO 2560-A E 42 0 RR 12 Askaynak R-143 je oblo\u017eena rutilna elektroda. Zavar ima visoku otpornost na pucanje. Troska se lako uklanja i daje visokokvalitetni zavar, kao i izgled zavara. Lako se pali i ponovno pali te je stoga idealna i jednostavna elektroda za kori\u0161tenje. Askaynak R-143 je elektroda op\u0107e [&hellip;]<\/p>\n","protected":false},"featured_media":1371,"template":"","meta":[],"product_brand":[53],"product_cat":[39],"product_tag":[],"class_list":{"0":"post-1372","1":"product","2":"type-product","3":"status-publish","4":"has-post-thumbnail","6":"product_brand-lincoln-electric","7":"product_cat-dodatni-materijali","9":"first","10":"instock","11":"shipping-taxable","12":"product-type-simple"},"_links":{"self":[{"href":"https:\/\/treatrade.hr\/en\/wp-json\/wp\/v2\/product\/1372","targetHints":{"allow":["GET"]}}],"collection":[{"href":"https:\/\/treatrade.hr\/en\/wp-json\/wp\/v2\/product"}],"about":[{"href":"https:\/\/treatrade.hr\/en\/wp-json\/wp\/v2\/types\/product"}],"wp:featuredmedia":[{"embeddable":true,"href":"https:\/\/treatrade.hr\/en\/wp-json\/wp\/v2\/media\/1371"}],"wp:attachment":[{"href":"https:\/\/treatrade.hr\/en\/wp-json\/wp\/v2\/media?parent=1372"}],"wp:term":[{"taxonomy":"product_brand","embeddable":true,"href":"https:\/\/treatrade.hr\/en\/wp-json\/wp\/v2\/product_brand?post=1372"},{"taxonomy":"product_cat","embeddable":true,"href":"https:\/\/treatrade.hr\/en\/wp-json\/wp\/v2\/product_cat?post=1372"},{"taxonomy":"product_tag","embeddable":true,"href":"https:\/\/treatrade.hr\/en\/wp-json\/wp\/v2\/product_tag?post=1372"}],"curies":[{"name":"wp","href":"https:\/\/api.w.org\/{rel}","templated":true}]}}