{"id":1370,"date":"2026-02-06T09:03:19","date_gmt":"2026-02-06T09:03:19","guid":{"rendered":"https:\/\/treatrade.hr\/?post_type=product&#038;p=1370"},"modified":"2026-02-06T09:18:45","modified_gmt":"2026-02-06T09:18:45","slug":"lincoln-electric-askaynak-b-255-elektrode-za-zavarivanje","status":"publish","type":"product","link":"https:\/\/treatrade.hr\/en\/product\/lincoln-electric-askaynak-b-255-elektrode-za-zavarivanje\/","title":{"rendered":"Lincoln Electric Askaynak B-255, elektrode za zavarivanje"},"content":{"rendered":"<p>AWS A5.1 E7018-1 H4<br \/>\nEN ISO 2560-A E 46 5 B 32 H5<\/p>\n<p>Askaynak B-255 je bazi\u010dna oblo\u017eena elektroda. Zavar ima visoku udarnu \u010dvrsto\u0107u na niskim temperaturama. Budu\u0107i da je zavar vrlo otporan na vru\u0107e pukotine, koristi se posebno za zavarivanje kruto vezanih masivnih konstrukcija gdje su visoka naprezanja zavarivanja neizbje\u017ena. Troska se lako uklanja i daje vrlo kvalitetne, glatke zavare. Ima 125%-tni oporavak metala.<\/p>\n<p>Askaynak B-255 je posebno prikladna elektroda za sitnozrnate konstrukcijske \u010delike s visokim vrijednostima granice razvla\u010denja. Dizajniran je za \u010deli\u010dne konstrukcije i strojeve koji rade pod dinami\u010dkim silama na niskim temperaturama. Zavarivanje brodskih plo\u010da A-, D- i jednakovrijednih, proizvodnja kotlova i tla\u010dnih posuda te spajanje cijevi su me\u0111u njegovim podru\u010djima primjene. Askaynak B-255 mo\u017ee spajati \u010deli\u010dne dijelove s \u010deli\u010dnim odljevcima i mo\u017ee se koristiti za zavarivanje debelih dijelova. Pogodan je za korijenski prolaz i zavarivanje u te\u0161kim polo\u017eajima. Daje izvrsne zavare s visokim vrijednostima udarne \u010dvrsto\u0107e na temperaturama ispod nule.<\/p>","protected":false},"excerpt":{"rendered":"<p>AWS A5.1 E7018-1 H4 EN ISO 2560-A E 46 5 B 32 H5 Askaynak B-255 je bazi\u010dna oblo\u017eena elektroda. Zavar ima visoku udarnu \u010dvrsto\u0107u na niskim temperaturama. Budu\u0107i da je zavar vrlo otporan na vru\u0107e pukotine, koristi se posebno za zavarivanje kruto vezanih masivnih konstrukcija gdje su visoka naprezanja zavarivanja neizbje\u017ena. Troska se lako uklanja [&hellip;]<\/p>\n","protected":false},"featured_media":1371,"template":"","meta":[],"product_brand":[53],"product_cat":[39],"product_tag":[],"class_list":{"0":"post-1370","1":"product","2":"type-product","3":"status-publish","4":"has-post-thumbnail","6":"product_brand-lincoln-electric","7":"product_cat-dodatni-materijali","9":"first","10":"instock","11":"shipping-taxable","12":"product-type-simple"},"_links":{"self":[{"href":"https:\/\/treatrade.hr\/en\/wp-json\/wp\/v2\/product\/1370","targetHints":{"allow":["GET"]}}],"collection":[{"href":"https:\/\/treatrade.hr\/en\/wp-json\/wp\/v2\/product"}],"about":[{"href":"https:\/\/treatrade.hr\/en\/wp-json\/wp\/v2\/types\/product"}],"wp:featuredmedia":[{"embeddable":true,"href":"https:\/\/treatrade.hr\/en\/wp-json\/wp\/v2\/media\/1371"}],"wp:attachment":[{"href":"https:\/\/treatrade.hr\/en\/wp-json\/wp\/v2\/media?parent=1370"}],"wp:term":[{"taxonomy":"product_brand","embeddable":true,"href":"https:\/\/treatrade.hr\/en\/wp-json\/wp\/v2\/product_brand?post=1370"},{"taxonomy":"product_cat","embeddable":true,"href":"https:\/\/treatrade.hr\/en\/wp-json\/wp\/v2\/product_cat?post=1370"},{"taxonomy":"product_tag","embeddable":true,"href":"https:\/\/treatrade.hr\/en\/wp-json\/wp\/v2\/product_tag?post=1370"}],"curies":[{"name":"wp","href":"https:\/\/api.w.org\/{rel}","templated":true}]}}