{"id":1363,"date":"2026-01-29T17:13:28","date_gmt":"2026-01-29T17:13:28","guid":{"rendered":"https:\/\/treatrade.hr\/?post_type=product&#038;p=1363"},"modified":"2026-01-29T17:13:28","modified_gmt":"2026-01-29T17:13:28","slug":"501-rucna-maska-za-zavarivanje","status":"publish","type":"product","link":"https:\/\/treatrade.hr\/en\/product\/501-rucna-maska-za-zavarivanje\/","title":{"rendered":"501, ru\u010dna maska za zavarivanje"},"content":{"rendered":"<p>Ru\u010dna maska za zavarivanje model 501 izra\u0111ena je od \u010dvrste posebne plastike otporne na toplinu i udarce.<\/p>\n<p>&nbsp;<\/p>\n<p><strong>Dostupne dimenzije stakala:<\/strong><\/p>\n<p>75&#215;98 mm<\/p>\n<p>90&#215;110 mm<\/p>","protected":false},"excerpt":{"rendered":"<p>Ru\u010dna maska za zavarivanje model 501 izra\u0111ena je od \u010dvrste posebne plastike otporne na toplinu i udarce. &nbsp; Dostupne dimenzije stakala: 75&#215;98 mm 90&#215;110 mm<\/p>","protected":false},"featured_media":1364,"template":"","meta":[],"product_brand":[57,56],"product_cat":[42,41],"product_tag":[],"class_list":{"0":"post-1363","1":"product","2":"type-product","3":"status-publish","4":"has-post-thumbnail","6":"product_brand-sacit","7":"product_brand-trafimet","8":"product_cat-maske-i-naocale","9":"product_cat-zastitna-oprema","11":"first","12":"instock","13":"shipping-taxable","14":"product-type-simple"},"_links":{"self":[{"href":"https:\/\/treatrade.hr\/en\/wp-json\/wp\/v2\/product\/1363","targetHints":{"allow":["GET"]}}],"collection":[{"href":"https:\/\/treatrade.hr\/en\/wp-json\/wp\/v2\/product"}],"about":[{"href":"https:\/\/treatrade.hr\/en\/wp-json\/wp\/v2\/types\/product"}],"wp:featuredmedia":[{"embeddable":true,"href":"https:\/\/treatrade.hr\/en\/wp-json\/wp\/v2\/media\/1364"}],"wp:attachment":[{"href":"https:\/\/treatrade.hr\/en\/wp-json\/wp\/v2\/media?parent=1363"}],"wp:term":[{"taxonomy":"product_brand","embeddable":true,"href":"https:\/\/treatrade.hr\/en\/wp-json\/wp\/v2\/product_brand?post=1363"},{"taxonomy":"product_cat","embeddable":true,"href":"https:\/\/treatrade.hr\/en\/wp-json\/wp\/v2\/product_cat?post=1363"},{"taxonomy":"product_tag","embeddable":true,"href":"https:\/\/treatrade.hr\/en\/wp-json\/wp\/v2\/product_tag?post=1363"}],"curies":[{"name":"wp","href":"https:\/\/api.w.org\/{rel}","templated":true}]}}