{"id":1358,"date":"2026-01-29T10:36:42","date_gmt":"2026-01-29T10:36:42","guid":{"rendered":"https:\/\/treatrade.hr\/?post_type=product&#038;p=1358"},"modified":"2026-01-29T10:38:36","modified_gmt":"2026-01-29T10:38:36","slug":"viking-3350-mojo-samozatamnjujuca-maska","status":"publish","type":"product","link":"https:\/\/treatrade.hr\/en\/product\/viking-3350-mojo-samozatamnjujuca-maska\/","title":{"rendered":"Viking 3350 Mojo, samozatamnjuju\u0107a maska"},"content":{"rendered":"<p data-eapps-font-size=\"16\" data-eapps-line-height=\"24\"><span dir=\"auto\">Nova i pobolj\u0161ana maska za zavarivanje VIKING 3350 predstavlja ultimativnu kombinaciju optike, udobnosti i svestranosti<\/span><\/p>\n<p><strong><span style=\"color: #993300;\">4C\u00ae tehnologija le\u0107a<\/span><\/strong><\/p>\n<p>Pro\u0161iruje raspon boja i nijansi koje se mogu vidjeti i u svijetlom i u tamnom stanju. To uklanja nesavr\u0161enosti i zasi\u0107enost boja kako bi se stvorio najjasniji prikaz osnovnog materijala, luka i lokve.<\/p>\n<p><strong><span style=\"color: #993300;\">Savr\u0161ena opti\u010dka jasno\u0107a 1\/1\/1\/1<\/span> <\/strong><\/p>\n<p>Ova se ocjena odre\u0111uje mjerenjem zamu\u0107enja, izobli\u010denja, konzistentnosti sjene i ujedna\u010denosti kuta samozatamnjuju\u0107e le\u0107e za zavarivanje<\/p>\n<p><strong><span style=\"color: #993300;\">Iznimno veliko podru\u010dje gledanja<\/span><\/strong><\/p>\n<p>Podru\u010dje gledanja od 8075 mm2 s automatskim zatamnjivanjem le\u0107e pru\u017ea veliko vidno polje za pove\u0107anje svestranosti i kontrole operatera.<\/p>\n<p><span style=\"color: #993300;\"><strong>Boja<\/strong><\/span><\/p>\n<p>Pro\u0161ireni raspon boja i nijansi koje se mogu vidjeti u svijetlom i tamnom stanju. Na taj na\u010din eliminiraju se nesavr\u0161enosti i zasi\u0107enost boja kako bi se stvorio naj\u010distiji prikaz osnovnog materijala, elektri\u010dnog luka i taline uz istovremeno smanjenje naprezanja o\u010diju.<\/p>\n<p><span style=\"color: #993300;\"><strong>Jasno\u0107a<\/strong><\/span><\/p>\n<p>Sve VIKING\u00ae maske za zavarivanje imaju najve\u0107u opti\u010dku jasno\u0107u u industriji. Ova zna\u010dajka se odre\u0111uje mjerenjem zamu\u0107enosti, izobli\u010denja, konzistencije zatamnjenja i ujedna\u010denosti zatamnjena kuteva za\u0161titnih filtera.<\/p>\n<p><span style=\"color: #993300;\"><strong>Mala masa<\/strong><\/span><\/p>\n<p>Smanjena masa 4C\u00ae samozatamnjuju\u0107ih le\u0107a pobolj\u0161ava ravnote\u017eu i smanjuje naprezanje vrata kako bi se osigurala cjelodnevna udobnost.<\/p>\n<p><span style=\"color: #993300;\"><strong>Konzistentnost<\/strong><\/span><\/p>\n<p>Tehnologija izrade filtera pobolj\u0161ava jasno\u0107u i postojanost zatamnjenja kod zavarivanja u prisilnim polo\u017eajima.<\/p>","protected":false},"excerpt":{"rendered":"<p>Nova i pobolj\u0161ana maska za zavarivanje VIKING 3350 predstavlja ultimativnu kombinaciju optike, udobnosti i svestranosti 4C\u00ae tehnologija le\u0107a Pro\u0161iruje raspon boja i nijansi koje se mogu vidjeti i u svijetlom i u tamnom stanju. To uklanja nesavr\u0161enosti i zasi\u0107enost boja kako bi se stvorio najjasniji prikaz osnovnog materijala, luka i lokve. Savr\u0161ena opti\u010dka jasno\u0107a 1\/1\/1\/1 [&hellip;]<\/p>\n","protected":false},"featured_media":1362,"template":"","meta":[],"product_brand":[53],"product_cat":[42,41],"product_tag":[],"class_list":{"0":"post-1358","1":"product","2":"type-product","3":"status-publish","4":"has-post-thumbnail","6":"product_brand-lincoln-electric","7":"product_cat-maske-i-naocale","8":"product_cat-zastitna-oprema","10":"first","11":"instock","12":"shipping-taxable","13":"product-type-simple"},"_links":{"self":[{"href":"https:\/\/treatrade.hr\/en\/wp-json\/wp\/v2\/product\/1358","targetHints":{"allow":["GET"]}}],"collection":[{"href":"https:\/\/treatrade.hr\/en\/wp-json\/wp\/v2\/product"}],"about":[{"href":"https:\/\/treatrade.hr\/en\/wp-json\/wp\/v2\/types\/product"}],"wp:featuredmedia":[{"embeddable":true,"href":"https:\/\/treatrade.hr\/en\/wp-json\/wp\/v2\/media\/1362"}],"wp:attachment":[{"href":"https:\/\/treatrade.hr\/en\/wp-json\/wp\/v2\/media?parent=1358"}],"wp:term":[{"taxonomy":"product_brand","embeddable":true,"href":"https:\/\/treatrade.hr\/en\/wp-json\/wp\/v2\/product_brand?post=1358"},{"taxonomy":"product_cat","embeddable":true,"href":"https:\/\/treatrade.hr\/en\/wp-json\/wp\/v2\/product_cat?post=1358"},{"taxonomy":"product_tag","embeddable":true,"href":"https:\/\/treatrade.hr\/en\/wp-json\/wp\/v2\/product_tag?post=1358"}],"curies":[{"name":"wp","href":"https:\/\/api.w.org\/{rel}","templated":true}]}}