{"id":1341,"date":"2026-01-23T10:48:24","date_gmt":"2026-01-23T10:48:24","guid":{"rendered":"https:\/\/treatrade.hr\/?post_type=product&#038;p=1341"},"modified":"2026-01-23T10:50:39","modified_gmt":"2026-01-23T10:50:39","slug":"trafimet-ergoplus-25-gorionik-za-zavarivanje","status":"publish","type":"product","link":"https:\/\/treatrade.hr\/en\/product\/trafimet-ergoplus-25-gorionik-za-zavarivanje\/","title":{"rendered":"Trafimet Ergoplus 25, gorionik za zavarivanje"},"content":{"rendered":"<p>ERGOPLUS je nesumnjivo TRAFIMET-ova najpopularnija serija gorionika za MIG\/MAG zavarivanje.<\/p>\n<p>ERGOPLUS linija proizvoda je nadopunjena i pro\u0161irena na na\u010din da su zadr\u017eane funkcionalne karakteristike s novim izgledom gorionika. Nova ERGOPLUS serija \u0107e i dalje biti referentna to\u010dka zavariva\u010da diljem svijeta.<\/p>\n<p>Novo dizajnirana ru\u010dka gorionika je razvijena da se zadr\u017ei izbalansiranost gorionika tijekom zavarivanja. Dodatnu protukliznost osigurava to\u010dkasti gumeni umetak na ru\u010dci.<\/p>\n<p>Nova ERGOPLUS serija gorionika pokriva \u0161iroki raspon struja zavarivanja (od 150A do 600A, zra\u010dno i vodeno hla\u0111enje) i uklju\u010duje razli\u010dite opcije:<\/p>\n<ul>\n<li>ru\u010dno i automatizirano zavarivanje ;<\/li>\n<li>za standardne izvore struje ;<\/li>\n<li>za nove izvore struje koji omogu\u0107avaju promjenu, regulaciju i pohranjivanje parametara zavarivanja na ru\u010dci gorionika ;<\/li>\n<li>fiksno tijelo gorionika ; neki modeli tako\u0111er omogu\u0107avaju fleksibilnost tijela gorionika.<\/li>\n<\/ul>\n<p>&nbsp;<\/p>","protected":false},"excerpt":{"rendered":"<p><a href=\"https:\/\/treatrade.hr\/wp-content\/uploads\/2026\/01\/Ergoplus-15.pdf\">Ergoplus 15 &#8211; prospekt<\/a><\/p>","protected":false},"featured_media":1342,"template":"","meta":[],"product_brand":[56],"product_cat":[33,34],"product_tag":[],"class_list":{"0":"post-1341","1":"product","2":"type-product","3":"status-publish","4":"has-post-thumbnail","6":"product_brand-trafimet","7":"product_cat-gorionici-za-zavarivanje-i-plazma-rezanje","8":"product_cat-mig-mag-zracno-hladenje","10":"first","11":"instock","12":"shipping-taxable","13":"product-type-simple"},"_links":{"self":[{"href":"https:\/\/treatrade.hr\/en\/wp-json\/wp\/v2\/product\/1341","targetHints":{"allow":["GET"]}}],"collection":[{"href":"https:\/\/treatrade.hr\/en\/wp-json\/wp\/v2\/product"}],"about":[{"href":"https:\/\/treatrade.hr\/en\/wp-json\/wp\/v2\/types\/product"}],"wp:featuredmedia":[{"embeddable":true,"href":"https:\/\/treatrade.hr\/en\/wp-json\/wp\/v2\/media\/1342"}],"wp:attachment":[{"href":"https:\/\/treatrade.hr\/en\/wp-json\/wp\/v2\/media?parent=1341"}],"wp:term":[{"taxonomy":"product_brand","embeddable":true,"href":"https:\/\/treatrade.hr\/en\/wp-json\/wp\/v2\/product_brand?post=1341"},{"taxonomy":"product_cat","embeddable":true,"href":"https:\/\/treatrade.hr\/en\/wp-json\/wp\/v2\/product_cat?post=1341"},{"taxonomy":"product_tag","embeddable":true,"href":"https:\/\/treatrade.hr\/en\/wp-json\/wp\/v2\/product_tag?post=1341"}],"curies":[{"name":"wp","href":"https:\/\/api.w.org\/{rel}","templated":true}]}}