{"id":1335,"date":"2026-01-23T10:17:21","date_gmt":"2026-01-23T10:17:21","guid":{"rendered":"https:\/\/treatrade.hr\/?post_type=product&#038;p=1335"},"modified":"2026-01-23T10:37:48","modified_gmt":"2026-01-23T10:37:48","slug":"harris-43-49-dvodijelni-rucni-gorionik","status":"publish","type":"product","link":"https:\/\/treatrade.hr\/en\/product\/harris-43-49-dvodijelni-rucni-gorionik\/","title":{"rendered":"Harris 43\/49, dvodijelni ru\u010dni gorionik za rezanje"},"content":{"rendered":"<p>43\/49 \u010cVRSTA HARRISOVA OPREMA<\/p>\n<p>43\/49 je dvodijelni ru\u010dni gorionik koji se sastoji od nastavka za rezanje modela 49-3 i dr\u0161ke gorionika modela 43-2<\/p>\n<p>Dugi vijek trajanja \u2013 ovo je najsna\u017eniji gorionik s kojim \u0107ete ikada raditi<br \/>\nSigurnost \u2013 Harrisova konstrukcija. kontrola kvalitete i ime \u010dine ovaj plamenih najsigurnijim<br \/>\nProfesionalne primjene \u2013 zavarivanje do 50 mm rezanje do 150 mm<br \/>\nPrimjena sa svim plinovima \u2013 od acetilena do propana, MAPP-a, prirodnog plina, itd.<br \/>\nPotpuna vi\u0161estranost \u2013 zavarivanje, grijanje, rezanje, \u010di\u0161\u0107enje plamenom, \u017elijebljenje<\/p>\n<p>&nbsp;<\/p>\n<p>&nbsp;<\/p>","protected":false},"excerpt":{"rendered":"<p>43\/49 \u010cVRSTA HARRISOVA OPREMA 43\/49 je dvodijelni ru\u010dni gorionik koji se sastoji od nastavka za rezanje modela 49-3 i dr\u0161ke gorionika modela 43-2 Dugi vijek trajanja \u2013 ovo je najsna\u017eniji gorionik s kojim \u0107ete ikada raditi Sigurnost \u2013 Harrisova konstrukcija. kontrola kvalitete i ime \u010dine ovaj plamenih najsigurnijim Profesionalne primjene \u2013 zavarivanje do 50 mm [&hellip;]<\/p>\n","protected":false},"featured_media":1337,"template":"","meta":[],"product_brand":[55],"product_cat":[31,29],"product_tag":[],"class_list":{"0":"post-1335","1":"product","2":"type-product","3":"status-publish","4":"has-post-thumbnail","6":"product_brand-harris-calorific","7":"product_cat-gorionici","8":"product_cat-oprema-za-plinsko-rezanje-i-zavarivanje","10":"first","11":"instock","12":"shipping-taxable","13":"product-type-simple"},"_links":{"self":[{"href":"https:\/\/treatrade.hr\/en\/wp-json\/wp\/v2\/product\/1335","targetHints":{"allow":["GET"]}}],"collection":[{"href":"https:\/\/treatrade.hr\/en\/wp-json\/wp\/v2\/product"}],"about":[{"href":"https:\/\/treatrade.hr\/en\/wp-json\/wp\/v2\/types\/product"}],"wp:featuredmedia":[{"embeddable":true,"href":"https:\/\/treatrade.hr\/en\/wp-json\/wp\/v2\/media\/1337"}],"wp:attachment":[{"href":"https:\/\/treatrade.hr\/en\/wp-json\/wp\/v2\/media?parent=1335"}],"wp:term":[{"taxonomy":"product_brand","embeddable":true,"href":"https:\/\/treatrade.hr\/en\/wp-json\/wp\/v2\/product_brand?post=1335"},{"taxonomy":"product_cat","embeddable":true,"href":"https:\/\/treatrade.hr\/en\/wp-json\/wp\/v2\/product_cat?post=1335"},{"taxonomy":"product_tag","embeddable":true,"href":"https:\/\/treatrade.hr\/en\/wp-json\/wp\/v2\/product_tag?post=1335"}],"curies":[{"name":"wp","href":"https:\/\/api.w.org\/{rel}","templated":true}]}}