{"id":1299,"date":"2026-01-22T07:34:29","date_gmt":"2026-01-22T07:34:29","guid":{"rendered":"https:\/\/treatrade.hr\/?post_type=product&#038;p=1299"},"modified":"2026-02-19T09:34:36","modified_gmt":"2026-02-19T09:34:36","slug":"lincoln-electric-bester-s-171-uredaj-za-zavarivanje","status":"publish","type":"product","link":"https:\/\/treatrade.hr\/en\/product\/lincoln-electric-bester-s-171-uredaj-za-zavarivanje\/","title":{"rendered":"Lincoln Electric Bester S 171, ure\u0111aj za zavarivanje"},"content":{"rendered":"<p><strong>REL &amp; Lift TIG inverter &#8211; 230V\/1Ph &#8211; Izlazna snaga: 160A@20%<\/strong><\/p>\n<ul>\n<li>Indikacija debljine elektrode: Automatska promjena na temelju postavki struje zavarivanja<\/li>\n<li>Podesive funkcije: Hot Start i Arc Force s 10 razina pode\u0161avanja.<\/li>\n<li>Pobolj\u0161ane performanse luka: Pobolj\u0161ano paljenje i stabilnost luka za vrhunsku kvalitetu zavara.<\/li>\n<li>Svijetli digitalni zaslon koji prikazuje na\u010din zavarivanja i odabrane funkcije.<\/li>\n<li>Pogodno za kori\u0161tenje s generatorom.<\/li>\n<\/ul>","protected":false},"excerpt":{"rendered":"<p>REL &amp; Lift TIG inverter &#8211; 230V\/1Ph &#8211; Izlazna snaga: 160A@20% Indikacija debljine elektrode: Automatska promjena na temelju postavki struje zavarivanja Podesive funkcije: Hot Start i Arc Force s 10 razina pode\u0161avanja. Pobolj\u0161ane performanse luka: Pobolj\u0161ano paljenje i stabilnost luka za vrhunsku kvalitetu zavara. Svijetli digitalni zaslon koji prikazuje na\u010din zavarivanja i odabrane funkcije. Pogodno [&hellip;]<\/p>\n","protected":false},"featured_media":1318,"template":"","meta":[],"product_brand":[53],"product_cat":[20,23],"product_tag":[],"class_list":{"0":"post-1299","1":"product","2":"type-product","3":"status-publish","4":"has-post-thumbnail","6":"product_brand-lincoln-electric","7":"product_cat-rel","8":"product_cat-uredaji-za-zavarivanje","10":"first","11":"instock","12":"shipping-taxable","13":"product-type-simple"},"_links":{"self":[{"href":"https:\/\/treatrade.hr\/en\/wp-json\/wp\/v2\/product\/1299","targetHints":{"allow":["GET"]}}],"collection":[{"href":"https:\/\/treatrade.hr\/en\/wp-json\/wp\/v2\/product"}],"about":[{"href":"https:\/\/treatrade.hr\/en\/wp-json\/wp\/v2\/types\/product"}],"wp:featuredmedia":[{"embeddable":true,"href":"https:\/\/treatrade.hr\/en\/wp-json\/wp\/v2\/media\/1318"}],"wp:attachment":[{"href":"https:\/\/treatrade.hr\/en\/wp-json\/wp\/v2\/media?parent=1299"}],"wp:term":[{"taxonomy":"product_brand","embeddable":true,"href":"https:\/\/treatrade.hr\/en\/wp-json\/wp\/v2\/product_brand?post=1299"},{"taxonomy":"product_cat","embeddable":true,"href":"https:\/\/treatrade.hr\/en\/wp-json\/wp\/v2\/product_cat?post=1299"},{"taxonomy":"product_tag","embeddable":true,"href":"https:\/\/treatrade.hr\/en\/wp-json\/wp\/v2\/product_tag?post=1299"}],"curies":[{"name":"wp","href":"https:\/\/api.w.org\/{rel}","templated":true}]}}