{"id":1291,"date":"2025-08-14T08:27:26","date_gmt":"2025-08-14T08:27:26","guid":{"rendered":"https:\/\/treatrade.hr\/?post_type=product&#038;p=1291"},"modified":"2025-08-14T08:27:26","modified_gmt":"2025-08-14T08:27:26","slug":"keramicke-podloge-za-zavarivanje","status":"publish","type":"product","link":"https:\/\/treatrade.hr\/en\/product\/keramicke-podloge-za-zavarivanje\/","title":{"rendered":"Kerami\u010dke podloge za zavarivanje"},"content":{"rendered":"<p><strong>Keramika za stra\u017enju stranu korijena zavara<\/strong><\/p>\n<p><strong>Koje su osnovne prednosti keramike koju isporu\u010duje Trea Trade?<\/strong><\/p>\n<p>Korijenske zavare mogu\u0107e je raditi na ve\u0107im strujama zavarivanja, stoga dobivate visoko kvalitetno staljivanje.<br \/>\nKvaliteta korijenskog zavara manje ovisi o kvaliteti zavariva\u010da,<br \/>\nSmanjuje se koli\u010dina nadglavnog zavarivanja. Zavar palube mogu\u0107e je napraviti samo u polo\u017eenom polo\u017eaju.<br \/>\nSmanjuje se repozicioniranje radnog predmeta. Radni predmet nije potrebno okretati kako bi se omogu\u0107ilo zavarivanje stra\u017enje strane zavarenog spoja.<br \/>\nManje gre\u0161aka u zavaru. Bolje staljivanje spoja osigurava manje gre\u0161aka u zavaru.<br \/>\nVe\u0107e tolerancije kod pripreme. Kori\u0161tenje ve\u0107e lokve taline koju podr\u017eava keramika omogu\u0107uje ve\u0107a odstupanja i zazore koje je mogu\u0107e popuniti zdravim metalom zavara.<br \/>\nIspunjavanje inertnim plinom nije nu\u017eno za za\u0161titu stra\u017enje strane korijenskog zavara.<\/p>\n<p><strong>Koje su karakteristike na\u0161e keramike?<\/strong><\/p>\n<p>Ne apsorbiraju vlagu. Napravljena je od hidroskopske keramike visoke gusto\u0107e. Zajedno s dodatnim materijalom niskog sadr\u017eaja vodika, omogu\u0107uju najve\u0107u sigurnost kada zavarujete materijale koji su osjetljivi na pukotine izazvane uklju\u010dcima vodika.<br \/>\nNa\u0161a keramika je inertna i ne unosi ne\u017eeljene elemente u talinu.<br \/>\nPoja\u010dava stra\u017enju stranu zavara. Dodatni materijal zavara koji se hladi u dodiru s keramikom je gladak, lagano konveksan i u pravilu ne zahtijeva daljnje \u010di\u0161\u0107enje ili bru\u0161enje.<br \/>\nKeramika je lagana za postavljanje na stra\u017enju stranu zavara, te lako izdr\u017eavaju normalne temperature predgrijavanja. U \u010dvrstom kontaktu sa zavarom podlogu dr\u017ei aluminijska traka. Nema lo\u0161ih utjecaja uslijed dodira metala zavara i kerami\u010dke podloge.<br \/>\nNa\u0161e trake mogu\u0107e je koristiti uz mnoge materijale, kao \u0161to su konstrukcioni \u010delici, nisko legirani i nehr\u0111aju\u0107i \u010delici, kao i mnoge tehnologije zavarivanja kao \u0161to su oblo\u017eene elektrode ili pune \u017eice, te ve\u0107ina \u017eica za standardno MIG\/MAG zavarivanje s C02 ili mje\u0161avinom kao za\u0161titnim plinom.<br \/>\nKerami\u010dke podloge izra\u0111ene su u razli\u010ditim oblicima i veli\u010dinama koje odgovaraju gotovo svakom zavaru.<br \/>\nTijekom zavarivanja ne ispu\u0161taju neugodne plinove.<\/p>\n<p>Na\u0161a keramika se uveliko koristi u brodogradnji, mostogradnji, kemijskoj industriji i pri proizvodnji spremnika.<\/p>","protected":false},"excerpt":{"rendered":"<p>Keramika za stra\u017enju stranu korijena zavara Koje su osnovne prednosti keramike koju isporu\u010duje Trea Trade? Korijenske zavare mogu\u0107e je raditi na ve\u0107im strujama zavarivanja, stoga dobivate visoko kvalitetno staljivanje. Kvaliteta korijenskog zavara manje ovisi o kvaliteti zavariva\u010da, Smanjuje se koli\u010dina nadglavnog zavarivanja. Zavar palube mogu\u0107e je napraviti samo u polo\u017eenom polo\u017eaju. Smanjuje se repozicioniranje radnog [&hellip;]<\/p>\n","protected":false},"featured_media":0,"template":"","meta":[],"product_brand":[],"product_cat":[47],"product_tag":[],"class_list":{"0":"post-1291","1":"product","2":"type-product","3":"status-publish","5":"product_cat-keramicke-podloge","7":"first","8":"instock","9":"shipping-taxable","10":"product-type-simple"},"_links":{"self":[{"href":"https:\/\/treatrade.hr\/en\/wp-json\/wp\/v2\/product\/1291","targetHints":{"allow":["GET"]}}],"collection":[{"href":"https:\/\/treatrade.hr\/en\/wp-json\/wp\/v2\/product"}],"about":[{"href":"https:\/\/treatrade.hr\/en\/wp-json\/wp\/v2\/types\/product"}],"wp:attachment":[{"href":"https:\/\/treatrade.hr\/en\/wp-json\/wp\/v2\/media?parent=1291"}],"wp:term":[{"taxonomy":"product_brand","embeddable":true,"href":"https:\/\/treatrade.hr\/en\/wp-json\/wp\/v2\/product_brand?post=1291"},{"taxonomy":"product_cat","embeddable":true,"href":"https:\/\/treatrade.hr\/en\/wp-json\/wp\/v2\/product_cat?post=1291"},{"taxonomy":"product_tag","embeddable":true,"href":"https:\/\/treatrade.hr\/en\/wp-json\/wp\/v2\/product_tag?post=1291"}],"curies":[{"name":"wp","href":"https:\/\/api.w.org\/{rel}","templated":true}]}}