{"id":1240,"date":"2025-07-08T12:50:34","date_gmt":"2025-07-08T12:50:34","guid":{"rendered":"https:\/\/treatrade.hr\/?post_type=product&#038;p=1240"},"modified":"2025-07-08T12:57:37","modified_gmt":"2025-07-08T12:57:37","slug":"harris-625-afl-1250-gorionik-za-rezanje","status":"publish","type":"product","link":"https:\/\/treatrade.hr\/en\/product\/harris-625-afl-1250-gorionik-za-rezanje\/","title":{"rendered":"Harris 625 AFL 1250, gorionik za rezanje"},"content":{"rendered":"<p><b>RU\u010cNI REZNI GORIONIK ZA KISIK-PROPAN \/\u00a0 KISIK-PRIRODNI PLIN \/ KISIK- BUTAN<br \/>\n<\/b><\/p>\n<p><b>SVOJSTVA:<\/b><\/p>\n<ul>\n<li>Re\u017ee \u010delik debljine do 300 mm<\/li>\n<li>Nizak pritisak gorivog plina od samo 0.015 bar<\/li>\n<li>Robusna konstrukcija \u2013 tri cijevi od nehr\u0111aju\u0107eg \u010delika, kovana glava i poluga od mesinga<\/li>\n<li>Jednostavna zamjena sapnice za rezanje, grijanje i \u017elijebljenje<\/li>\n<li>Harrisove sapnice re\u017eu br\u017ee sa sna\u017enim predgrijavanjem<\/li>\n<li>Svjetska reputacija najboljeg za kisik\/propan, butan ili prirodni plin<\/li>\n<li>Operateri vole ove gorionike jer kombiniraju sigurnu konstrukciju sa najsigurnijim plinom<\/li>\n<\/ul>\n<p><b>\u0160TEDITE JER:<\/b><\/p>\n<ul>\n<li>Brzo se ispla\u0107uje zbog ni\u017eih tro\u0161kova plina u odnosu na acetilen<\/li>\n<li>Ovi gorionici griju i re\u017eu brzo<\/li>\n<li>\u00a0Robustan dizajn du\u017ee traje, a jednostavan je za popravak<\/li>\n<li>\u00a0Isti gorionik se mo\u017ee koristiti za grijanje, \u017elijebljenje i rezanje<\/li>\n<li>Rezervni dijelovi i pribor su odmah dostupni<\/li>\n<li>Harrisove sapnice su jeftinije i du\u017ee traju<\/li>\n<\/ul>","protected":false},"excerpt":{"rendered":"<p>RU\u010cNI REZNI GORIONIK ZA KISIK-PROPAN \/\u00a0 KISIK-PRIRODNI PLIN \/ KISIK- BUTAN SVOJSTVA: Re\u017ee \u010delik debljine do 300 mm Nizak pritisak gorivog plina od samo 0.015 bar Robusna konstrukcija \u2013 tri cijevi od nehr\u0111aju\u0107eg \u010delika, kovana glava i poluga od mesinga Jednostavna zamjena sapnice za rezanje, grijanje i \u017elijebljenje Harrisove sapnice re\u017eu br\u017ee sa sna\u017enim predgrijavanjem [&hellip;]<\/p>\n","protected":false},"featured_media":1242,"template":"","meta":[],"product_brand":[55],"product_cat":[31,29],"product_tag":[],"class_list":{"0":"post-1240","1":"product","2":"type-product","3":"status-publish","4":"has-post-thumbnail","6":"product_brand-harris-calorific","7":"product_cat-gorionici","8":"product_cat-oprema-za-plinsko-rezanje-i-zavarivanje","10":"first","11":"instock","12":"shipping-taxable","13":"product-type-simple"},"_links":{"self":[{"href":"https:\/\/treatrade.hr\/en\/wp-json\/wp\/v2\/product\/1240","targetHints":{"allow":["GET"]}}],"collection":[{"href":"https:\/\/treatrade.hr\/en\/wp-json\/wp\/v2\/product"}],"about":[{"href":"https:\/\/treatrade.hr\/en\/wp-json\/wp\/v2\/types\/product"}],"wp:featuredmedia":[{"embeddable":true,"href":"https:\/\/treatrade.hr\/en\/wp-json\/wp\/v2\/media\/1242"}],"wp:attachment":[{"href":"https:\/\/treatrade.hr\/en\/wp-json\/wp\/v2\/media?parent=1240"}],"wp:term":[{"taxonomy":"product_brand","embeddable":true,"href":"https:\/\/treatrade.hr\/en\/wp-json\/wp\/v2\/product_brand?post=1240"},{"taxonomy":"product_cat","embeddable":true,"href":"https:\/\/treatrade.hr\/en\/wp-json\/wp\/v2\/product_cat?post=1240"},{"taxonomy":"product_tag","embeddable":true,"href":"https:\/\/treatrade.hr\/en\/wp-json\/wp\/v2\/product_tag?post=1240"}],"curies":[{"name":"wp","href":"https:\/\/api.w.org\/{rel}","templated":true}]}}