{"id":1235,"date":"2025-07-08T12:03:01","date_gmt":"2025-07-08T12:03:01","guid":{"rendered":"https:\/\/treatrade.hr\/?post_type=product&#038;p=1235"},"modified":"2025-07-08T12:05:12","modified_gmt":"2025-07-08T12:05:12","slug":"lincoln-electric-invertec-400-sx-uredaj-za-zavarivanje","status":"publish","type":"product","link":"https:\/\/treatrade.hr\/en\/product\/lincoln-electric-invertec-400-sx-uredaj-za-zavarivanje\/","title":{"rendered":"Lincoln Electric Invertec 400 SX, ure\u0111aj za zavarivanje"},"content":{"rendered":"<p><strong>Profesionalni izvor struje za rad u te\u0161kim uvjetima<\/strong><\/p>\n<p>Invertec\u00ae 270SX &amp; 400SX izvori struje za REL zavarivanje i TIG zavarivanje dodirom su dizajnirani i proizvedeni na na\u010din da kombiniraju robusnu industrijsku konstrukciju s izvrsnim karakteristikama el. luka. Izvori struje su konstruirani za rad u te\u0161kim radnim uvjetima koriste\u0107i Lincoln \u201ctunnel technology\u201d za odvajanje tiskanih plo\u010dica i osjetljivih dijelova od zaga\u0111enog<br \/>\nprotoka zraka za hla\u0111enje. Robusno metalno ku\u0107i\u0161te s velikim za\u0161titnim gumenim kutovima \u010dini ga pogodnim za rad na terenu u kombinaciji s generatorom ili unutar okru\u017eenja radione, omogu\u0107uju\u0107i maksimalnu fleksibilnost i izdr\u017eljivost. Intenzivno i opse\u017eno testiranje u Lincoln laboratoriju jam\u010di kvalitetu ovih izvora struje.<\/p>\n<p><strong>Zna\u010dajke<\/strong><\/p>\n<p>\u2022 Robusni, izra\u0111eni za rad u te\u0161kim radnim uvjetima.<br \/>\n\u2022 Potpuno opremljen uz upravlja\u010dku plo\u010du jednostavnu za kori\u0161tenje s digitalnim zaslonom omogu\u0107uje precizno pode\u0161avanje struje zavarivanja.<br \/>\n\u2022 Meki i tvrdi luk : razli\u010dite vrste elektri\u010dnog luka za razli\u010dite vrste elektroda.<br \/>\n\u2022 Samopode\u0161avaju\u0107a snaga el. luka : standardni meki i tvrdi luk, automatska promjena snage luka se pokre\u0107e kada je potrebno<br \/>\n\u2022 Podesive funkcije vru\u0107eg starta i snage el. luka omogu\u0107uju glatko uspostavljanje\/ponovno uspostavljanje el. luka i spre\u010davanje lijepljenja elektrode u talinu zavara.<br \/>\n\u2022 Zna\u010dajka TIG uspostavljanja el.luka dodirom (\u201cLift TIG\u201d) bez one\u010di\u0161\u0107enja volframom.<br \/>\n\u2022 Maksimalne izlazne struje od 270A i 400A omogu\u0107uju upotrebu elektroda promjera do 5.0 mm (270SX) i do 6.3 mm (400SX).<\/p>","protected":false},"excerpt":{"rendered":"<p>Profesionalni izvor struje za rad u te\u0161kim uvjetima Invertec\u00ae 270SX &amp; 400SX izvori struje za REL zavarivanje i TIG zavarivanje dodirom su dizajnirani i proizvedeni na na\u010din da kombiniraju robusnu industrijsku konstrukciju s izvrsnim karakteristikama el. luka. Izvori struje su konstruirani za rad u te\u0161kim radnim uvjetima koriste\u0107i Lincoln \u201ctunnel technology\u201d za odvajanje tiskanih plo\u010dica [&hellip;]<\/p>\n","protected":false},"featured_media":1236,"template":"","meta":[],"product_brand":[53],"product_cat":[20,23],"product_tag":[],"class_list":{"0":"post-1235","1":"product","2":"type-product","3":"status-publish","4":"has-post-thumbnail","6":"product_brand-lincoln-electric","7":"product_cat-rel","8":"product_cat-uredaji-za-zavarivanje","10":"first","11":"instock","12":"shipping-taxable","13":"product-type-simple"},"_links":{"self":[{"href":"https:\/\/treatrade.hr\/en\/wp-json\/wp\/v2\/product\/1235","targetHints":{"allow":["GET"]}}],"collection":[{"href":"https:\/\/treatrade.hr\/en\/wp-json\/wp\/v2\/product"}],"about":[{"href":"https:\/\/treatrade.hr\/en\/wp-json\/wp\/v2\/types\/product"}],"wp:featuredmedia":[{"embeddable":true,"href":"https:\/\/treatrade.hr\/en\/wp-json\/wp\/v2\/media\/1236"}],"wp:attachment":[{"href":"https:\/\/treatrade.hr\/en\/wp-json\/wp\/v2\/media?parent=1235"}],"wp:term":[{"taxonomy":"product_brand","embeddable":true,"href":"https:\/\/treatrade.hr\/en\/wp-json\/wp\/v2\/product_brand?post=1235"},{"taxonomy":"product_cat","embeddable":true,"href":"https:\/\/treatrade.hr\/en\/wp-json\/wp\/v2\/product_cat?post=1235"},{"taxonomy":"product_tag","embeddable":true,"href":"https:\/\/treatrade.hr\/en\/wp-json\/wp\/v2\/product_tag?post=1235"}],"curies":[{"name":"wp","href":"https:\/\/api.w.org\/{rel}","templated":true}]}}