{"id":1222,"date":"2025-07-08T11:08:16","date_gmt":"2025-07-08T11:08:16","guid":{"rendered":"https:\/\/treatrade.hr\/?post_type=product&#038;p=1222"},"modified":"2025-07-08T11:09:24","modified_gmt":"2025-07-08T11:09:24","slug":"lincoln-electric-tomahawk-1538-uredaj-za-plazma-rezanje","status":"publish","type":"product","link":"https:\/\/treatrade.hr\/en\/product\/lincoln-electric-tomahawk-1538-uredaj-za-plazma-rezanje\/","title":{"rendered":"Lincoln Electric Tomahawk 1538, ure\u0111aj za plazma rezanje"},"content":{"rendered":"<p>Ure\u0111aji Tomahawk 1025 i 1538 za rezanje plazma lukom, izra\u0111eni su za vrlo te\u0161ke uvjete rada, koriste\u0107i Lincoln tehnologiju zra\u010dnog tunela, da se tiskane plo\u010dice i ostali osjetljivi dijelovi odvoje od strujanja kontaminiranog zraka za hla\u0111enje. Pobolj\u0161ane tolerancije napona napajanja te robusno metalno ku\u0107i\u0161te s za\u0161titnim gumenim kutovima \u010dine ove ure\u0111aje pogodnima za rad na terenu gdje se koriste motorni generatori, kao i za radioni\u010dke uvjete rada.<\/p>\n<p>Novi Lincoln gorionici za rezanje plazma lukom, fokusirani su na tri zna\u010dajke :<\/p>\n<ul>\n<li>Uspostavljanje luka : kori\u0161tenje inovativnog sistema startanja luka bez visoke frekvencije produ\u017euje vijek trajanja elektroda.<\/li>\n<li>Performanse : kru\u017eno strujanje zraka velikom brzinom, zajedno s specijalnom konstrukcijom elektrode i sapnice, koncentrira mlaz plazma luka. Ekstremno koncentriran mlaz plazme<br \/>\npodi\u017ee brzinu rezanja i performanse rezanja na najbolje u klasi.<\/li>\n<li>Dugotrajnost : produ\u017eeni izlaz zraka iz sapnice nakon zavr\u0161etka rezanja, hladi sapnicu i elektrodu \u0161to produ\u017euje njihov vijek trajanja.<\/li>\n<\/ul>\n<p>Ure\u0111aji TH1025 i TH1538 posjeduju tri na\u010dina rezanja plazma lukom. Prvi na\u010din je standardni za sve aplikacije rezanja plazma lukom. Drugi na\u010din je za rezanje mre\u017ea i perforiranih limova koji omogu\u0107uje kontinuirano uspostavljen plazma luk, dok je tre\u0107i na\u010din namijenjen za \u017elijebljenje gdje je osiguran ekstremno dugi mlaz plazma luka.<\/p>","protected":false},"excerpt":{"rendered":"<p>Ure\u0111aji Tomahawk 1025 i 1538 za rezanje plazma lukom, izra\u0111eni su za vrlo te\u0161ke uvjete rada, koriste\u0107i Lincoln tehnologiju zra\u010dnog tunela, da se tiskane plo\u010dice i ostali osjetljivi dijelovi odvoje od strujanja kontaminiranog zraka za hla\u0111enje. Pobolj\u0161ane tolerancije napona napajanja te robusno metalno ku\u0107i\u0161te s za\u0161titnim gumenim kutovima \u010dine ove ure\u0111aje pogodnima za rad na [&hellip;]<\/p>\n","protected":false},"featured_media":1223,"template":"","meta":[],"product_brand":[53],"product_cat":[28],"product_tag":[],"class_list":{"0":"post-1222","1":"product","2":"type-product","3":"status-publish","4":"has-post-thumbnail","6":"product_brand-lincoln-electric","7":"product_cat-uredaji-za-plazma-rezanje","9":"first","10":"instock","11":"shipping-taxable","12":"product-type-simple"},"_links":{"self":[{"href":"https:\/\/treatrade.hr\/en\/wp-json\/wp\/v2\/product\/1222","targetHints":{"allow":["GET"]}}],"collection":[{"href":"https:\/\/treatrade.hr\/en\/wp-json\/wp\/v2\/product"}],"about":[{"href":"https:\/\/treatrade.hr\/en\/wp-json\/wp\/v2\/types\/product"}],"wp:featuredmedia":[{"embeddable":true,"href":"https:\/\/treatrade.hr\/en\/wp-json\/wp\/v2\/media\/1223"}],"wp:attachment":[{"href":"https:\/\/treatrade.hr\/en\/wp-json\/wp\/v2\/media?parent=1222"}],"wp:term":[{"taxonomy":"product_brand","embeddable":true,"href":"https:\/\/treatrade.hr\/en\/wp-json\/wp\/v2\/product_brand?post=1222"},{"taxonomy":"product_cat","embeddable":true,"href":"https:\/\/treatrade.hr\/en\/wp-json\/wp\/v2\/product_cat?post=1222"},{"taxonomy":"product_tag","embeddable":true,"href":"https:\/\/treatrade.hr\/en\/wp-json\/wp\/v2\/product_tag?post=1222"}],"curies":[{"name":"wp","href":"https:\/\/api.w.org\/{rel}","templated":true}]}}