{"id":1193,"date":"2025-07-07T12:55:45","date_gmt":"2025-07-07T12:55:45","guid":{"rendered":"https:\/\/treatrade.hr\/?post_type=product&#038;p=1193"},"modified":"2026-01-21T12:30:43","modified_gmt":"2026-01-21T12:30:43","slug":"harris-653-ar-co2-regulator-ustede-plina","status":"publish","type":"product","link":"https:\/\/treatrade.hr\/en\/product\/harris-653-ar-co2-regulator-ustede-plina\/","title":{"rendered":"Harris 653 Ar\/Co2, regulator u\u0161tede plina"},"content":{"rendered":"<p>Regulator 653 omogu\u0107uje optimizirani protok za\u0161titnog plina od prve sekunde upotrebe. Svaki tradicionalni regulator plina ne kontrolira protok plina prije uspostavljanja elektri\u010dnog luka; protok plina je u tom trenutku nepotrebno velik i predstavlja vrlo skup tro\u0161ak. U najgorem slu\u010daju ovaj nepotrebno velik protok plina mo\u017ee iznositi do 50 % ukupnog tro\u0161ka za\u0161titnog plina.<\/p>\n<p>&nbsp;<\/p>\n<p>Primjene:<\/p>\n<ul>\n<li>Svi postupci zavarivanja. Regulator je konstruiran za precizno pode\u0161en prorok te u\u0161tedu za\u0161titnog plina.<\/li>\n<\/ul>\n<p>Prednosti:<\/p>\n<ul>\n<li>Smanjena potro\u0161nja za\u0161titnog plina do 50%<\/li>\n<li>Stabilan protok za\u0161titnog plina<\/li>\n<li>Dobra kvaliteta zavarivanja zbog smanjene poroznosti u zavaru<\/li>\n<\/ul>\n<p>Zna\u010dajke:<\/p>\n<ul>\n<li>Kovano mesingano ku\u0107i\u0161te za maksimalnu \u010dvrsto\u0107u<\/li>\n<li>Za primjenu na cjevovodima za dobavu za\u0161titnog plina<\/li>\n<li>Ulazni filter za za\u0161titu od prljav\u0161tine<\/li>\n<li>Precizno pode\u0161avanje protoka plina<\/li>\n<li>\u010cvrst, otporan mjera\u010d protoka od polikarbonata s vidljivo\u0161\u0107u 360<\/li>\n<li>Bo\u010dni priklju\u010dak za priklju\u010divanje na cjevovod<\/li>\n<li>Dostupna izvedba s zaklju\u010davanjem pode\u0161enog protoka plina<\/li>\n<li>Jamstvo 7 godina<\/li>\n<\/ul>","protected":false},"excerpt":{"rendered":"<p>Regulator 653 omogu\u0107uje optimizirani protok za\u0161titnog plina od prve sekunde upotrebe. Svaki tradicionalni regulator plina ne kontrolira protok plina prije uspostavljanja elektri\u010dnog luka; protok plina je u tom trenutku nepotrebno velik i predstavlja vrlo skup tro\u0161ak. U najgorem slu\u010daju ovaj nepotrebno velik protok plina mo\u017ee iznositi do 50 % ukupnog tro\u0161ka za\u0161titnog plina. &nbsp; Primjene: [&hellip;]<\/p>\n","protected":false},"featured_media":1194,"template":"","meta":[],"product_brand":[55],"product_cat":[29,30],"product_tag":[],"class_list":{"0":"post-1193","1":"product","2":"type-product","3":"status-publish","4":"has-post-thumbnail","6":"product_brand-harris-calorific","7":"product_cat-oprema-za-plinsko-rezanje-i-zavarivanje","8":"product_cat-regulatori","10":"first","11":"instock","12":"shipping-taxable","13":"product-type-simple"},"_links":{"self":[{"href":"https:\/\/treatrade.hr\/en\/wp-json\/wp\/v2\/product\/1193","targetHints":{"allow":["GET"]}}],"collection":[{"href":"https:\/\/treatrade.hr\/en\/wp-json\/wp\/v2\/product"}],"about":[{"href":"https:\/\/treatrade.hr\/en\/wp-json\/wp\/v2\/types\/product"}],"wp:featuredmedia":[{"embeddable":true,"href":"https:\/\/treatrade.hr\/en\/wp-json\/wp\/v2\/media\/1194"}],"wp:attachment":[{"href":"https:\/\/treatrade.hr\/en\/wp-json\/wp\/v2\/media?parent=1193"}],"wp:term":[{"taxonomy":"product_brand","embeddable":true,"href":"https:\/\/treatrade.hr\/en\/wp-json\/wp\/v2\/product_brand?post=1193"},{"taxonomy":"product_cat","embeddable":true,"href":"https:\/\/treatrade.hr\/en\/wp-json\/wp\/v2\/product_cat?post=1193"},{"taxonomy":"product_tag","embeddable":true,"href":"https:\/\/treatrade.hr\/en\/wp-json\/wp\/v2\/product_tag?post=1193"}],"curies":[{"name":"wp","href":"https:\/\/api.w.org\/{rel}","templated":true}]}}