{"id":1191,"date":"2025-07-07T12:42:48","date_gmt":"2025-07-07T12:42:48","guid":{"rendered":"https:\/\/treatrade.hr\/?post_type=product&#038;p=1191"},"modified":"2025-07-09T12:47:44","modified_gmt":"2025-07-09T12:47:44","slug":"gintune-gs-praskom-punjena-zica-bez-zastite-plina","status":"publish","type":"product","link":"https:\/\/treatrade.hr\/en\/product\/gintune-gs-praskom-punjena-zica-bez-zastite-plina\/","title":{"rendered":"Gintune GS, pra\u0161kom punjena \u017eica bez za\u0161tite plina"},"content":{"rendered":"<p>AWS A5.20-2021<\/p>","protected":false},"excerpt":{"rendered":"<p>AWS A5.20-2021<\/p>","protected":false},"featured_media":1192,"template":"","meta":[],"product_brand":[73],"product_cat":[39],"product_tag":[],"class_list":{"0":"post-1191","1":"product","2":"type-product","3":"status-publish","4":"has-post-thumbnail","6":"product_brand-gintune","7":"product_cat-dodatni-materijali","9":"first","10":"instock","11":"shipping-taxable","12":"product-type-simple"},"_links":{"self":[{"href":"https:\/\/treatrade.hr\/en\/wp-json\/wp\/v2\/product\/1191","targetHints":{"allow":["GET"]}}],"collection":[{"href":"https:\/\/treatrade.hr\/en\/wp-json\/wp\/v2\/product"}],"about":[{"href":"https:\/\/treatrade.hr\/en\/wp-json\/wp\/v2\/types\/product"}],"wp:featuredmedia":[{"embeddable":true,"href":"https:\/\/treatrade.hr\/en\/wp-json\/wp\/v2\/media\/1192"}],"wp:attachment":[{"href":"https:\/\/treatrade.hr\/en\/wp-json\/wp\/v2\/media?parent=1191"}],"wp:term":[{"taxonomy":"product_brand","embeddable":true,"href":"https:\/\/treatrade.hr\/en\/wp-json\/wp\/v2\/product_brand?post=1191"},{"taxonomy":"product_cat","embeddable":true,"href":"https:\/\/treatrade.hr\/en\/wp-json\/wp\/v2\/product_cat?post=1191"},{"taxonomy":"product_tag","embeddable":true,"href":"https:\/\/treatrade.hr\/en\/wp-json\/wp\/v2\/product_tag?post=1191"}],"curies":[{"name":"wp","href":"https:\/\/api.w.org\/{rel}","templated":true}]}}