{"id":1167,"date":"2025-06-02T05:25:25","date_gmt":"2025-06-02T05:25:25","guid":{"rendered":"https:\/\/treatrade.hr\/?post_type=product&#038;p=1167"},"modified":"2025-07-17T12:46:22","modified_gmt":"2025-07-17T12:46:22","slug":"lincoln-electric-speedtec-200c","status":"publish","type":"product","link":"https:\/\/treatrade.hr\/en\/product\/lincoln-electric-speedtec-200c\/","title":{"rendered":"Lincoln Electric &#8211; Speedtec 200C"},"content":{"rendered":"<p><strong>Mnogi zadaci na razli\u010ditim mjestima<\/strong><\/p>\n<p>SPEEDTEC\u00ae 180C, 200C &amp; 215C su mali ali mo\u0107ni jednofazni kompaktni invertori, multiprocesni ure\u0111aji. Lincoln Electric je izradio potpuno profesionalni ure\u0111aj opremljen profesionalnim opcijama u malenom kompaktnom ku\u0107i\u0161tu male mase, \u010dime je maksimizirana lako\u0107a preno\u0161enja. Ove mogu\u0107nosti \u010dine ovu Lincoln Electric seriju invertora posebno vi\u0161enamjenskom, koja se koristi za razli\u010dite primjene, lako se prenosi po radnom prostoru i bez napora premje\u0161ta na bilo koje mjesto. Ove ure\u0111aje mogu\u0107e je napajati s mre\u017ee, a tako\u0111er su pogodni za napajanje s motornih agregata.<\/p>\n<p>Izvori struje SPEEDTEC\u00ae 180C, 200C &amp; 215C opremljeni su ispravljanjem faktora snage (PFC), zna\u010dajkom koja podr\u017eava visoke struje zavarivanja na 230V \/ 1-faznom napajanju frekvencije 50\/60Hz, uz kori\u0161tenje duga\u010dkih produ\u017enih kabela napajanja (do najvi\u0161e 100 m). Uz elektroni\u010dki upravljane valne oblike struje zavarivanja Lincoln Electric nudi ove multiprocesne ure\u0111aje za MIG, REL i TIG postupke zavarivanja, ostaje Vam samo pitanje odabira pravog modela. SPEEDTEC\u00ae 180C, 200C &amp; 215C spremni su uhvatiti se u ko\u0161tac s razli\u010ditim zavariva\u010dkim zadacima. Izvedba zavarivanja omogu\u0107uje vrhunske rezultate na konstrukcijskom i nehr\u0111aju\u0107em \u010deliku, te aluminiju (kori\u0161tenjem koluta \u017eice promjera 200mm). SPEEDTEC\u00ae 180C, 200C &amp; 215C ure\u0111aji savr\u0161eno rade s mje\u0161avinama za\u0161titnog plina, kao i sa 100% CO2 plinom, te sa samoza\u0161ti\u0107uju\u0107im pra\u0161kom punjenim \u017eicama (Innershield).<\/p>\n<p><strong>Zna\u010dajke<\/strong><br \/>\n\u2022 Kompaktan \u010dvrst, inovativan, lagan i prijenosan bilo kada, bilo gdje.<br \/>\n\u2022 Vi\u0161enamjenski: Speedtec\u00ae 180C: MIG zavarivanje konstantnim naponom, PP\u017d, REL ; Speedtec\u00ae 200C\/215C: MIG zavarivanje konstantnim naponom, ru\u010dno i sinergijsko pode\u0161avanje parametara zavarivanja, PP\u017d, REL i TIG dodirom.<br \/>\n\u2022 Ispravljanje faktora snage (PFC) : ve\u0107a snaga zavarivanja, u\u0161teda energije (tro\u0161i 30% manje energije nego konvencionalna oprema, mogu\u0107nost napajanja s motornih agregata).<br \/>\n\u2022 Vrlo jednostavno rukovanje, upravlja\u010dka plo\u010da s ikonama (Speedtec\u00ae 180C), upravljanje ikonama preko TFT korisni\u010dkog zaslona (Speedtec\u00ae 200C\/215C).<br \/>\n\u2022Napredne karakteristike luka : MIG zavarivanje konstantnim naponom ; beskona\u010dna promjena napona, brzina \u017eice i induktiviteta, REL: Vru\u0107i start i upravljanje snagom luka, TIG: uspostavljanje luka dodirom sprje\u010dava one\u010di\u0161\u0107enje zavara volframom.<br \/>\n\u2022Pametno ku\u0107i\u0161te : kori\u0161tenje koluta mase 15kg kolut \u017eice, korisne police, 48% manja te\u017eina u usporedbi s konvencionalnom MIG opremom ( samo Speedtec\u00ae 215C).<\/p>","protected":false},"excerpt":{"rendered":"<p>Mnogi zadaci na razli\u010ditim mjestima SPEEDTEC\u00ae 180C, 200C &amp; 215C su mali ali mo\u0107ni jednofazni kompaktni invertori, multiprocesni ure\u0111aji. Lincoln Electric je izradio potpuno profesionalni ure\u0111aj opremljen profesionalnim opcijama u malenom kompaktnom ku\u0107i\u0161tu male mase, \u010dime je maksimizirana lako\u0107a preno\u0161enja. Ove mogu\u0107nosti \u010dine ovu Lincoln Electric seriju invertora posebno vi\u0161enamjenskom, koja se koristi za razli\u010dite [&hellip;]<\/p>\n","protected":false},"featured_media":1249,"template":"","meta":[],"product_brand":[53],"product_cat":[24,23],"product_tag":[],"class_list":{"0":"post-1167","1":"product","2":"type-product","3":"status-publish","4":"has-post-thumbnail","6":"product_brand-lincoln-electric","7":"product_cat-mig-mag-i-multiprocesni","8":"product_cat-uredaji-za-zavarivanje","10":"first","11":"instock","12":"shipping-taxable","13":"product-type-simple"},"_links":{"self":[{"href":"https:\/\/treatrade.hr\/en\/wp-json\/wp\/v2\/product\/1167","targetHints":{"allow":["GET"]}}],"collection":[{"href":"https:\/\/treatrade.hr\/en\/wp-json\/wp\/v2\/product"}],"about":[{"href":"https:\/\/treatrade.hr\/en\/wp-json\/wp\/v2\/types\/product"}],"wp:featuredmedia":[{"embeddable":true,"href":"https:\/\/treatrade.hr\/en\/wp-json\/wp\/v2\/media\/1249"}],"wp:attachment":[{"href":"https:\/\/treatrade.hr\/en\/wp-json\/wp\/v2\/media?parent=1167"}],"wp:term":[{"taxonomy":"product_brand","embeddable":true,"href":"https:\/\/treatrade.hr\/en\/wp-json\/wp\/v2\/product_brand?post=1167"},{"taxonomy":"product_cat","embeddable":true,"href":"https:\/\/treatrade.hr\/en\/wp-json\/wp\/v2\/product_cat?post=1167"},{"taxonomy":"product_tag","embeddable":true,"href":"https:\/\/treatrade.hr\/en\/wp-json\/wp\/v2\/product_tag?post=1167"}],"curies":[{"name":"wp","href":"https:\/\/api.w.org\/{rel}","templated":true}]}}