{"id":1163,"date":"2025-05-28T11:25:19","date_gmt":"2025-05-28T11:25:19","guid":{"rendered":"https:\/\/treatrade.hr\/?post_type=product&#038;p=1163"},"modified":"2025-05-28T11:25:19","modified_gmt":"2025-05-28T11:25:19","slug":"samozatamnjujuca-maska-sacit-kaiman","status":"publish","type":"product","link":"https:\/\/treatrade.hr\/en\/product\/samozatamnjujuca-maska-sacit-kaiman\/","title":{"rendered":"Samozatamnjuju\u0107a maska Sacit Kaiman"},"content":{"rendered":"<p><span class=\"fontstyle0\">PROFESIONALNA SAMOZATAMNJUJU\u0106A MASKA ZA ZAVARIVANJE<\/span><\/p>\n<p><span class=\"fontstyle0\">Samozatamnjuju\u0107a KAIMAN maska za zavarivanje je novi model Sacit maski koja je idealna za sve postupke zavarivanja i s odli\u010dnim omjerom cijene i kvalitete.<\/span><\/p>\n<p><span class=\"fontstyle0\">Opremljena je s 4 senzora, unutarnjim kontrolama, iTrue Color sustavom, koji omogu\u0107uje \u010dist i jasan pogled kroz masku, \u0161to omogu\u0107uje korisniku da jednostavno razlikuje objekte u radnom prostoru s manjim naprezanjem o\u010diju.<\/span><\/p>\n<ul>\n<li><span class=\"fontstyle0\">Opti\u010dka klasa 1\/1\/1\/2<\/span><\/li>\n<li>Dimenzije vidnog podru\u010dja: 100 x 53 mm<\/li>\n<li>Dimenzije filtera: 110x90x9 mm<\/li>\n<li>4 senzora el. luka<\/li>\n<li>Unutarnje upravljanje zatamnjenjem DIN 4 \/ 9-13<\/li>\n<li>Vrijeme reakcije &lt; 0,3 ms<\/li>\n<li>Unutarnje upravljanje odgodom \/ ka\u0161njenjem: 0,1 \u2013 1,0 s<\/li>\n<li>Unutarnje upravljanje osjetljivo\u0161\u0107u<\/li>\n<li>Napajanja baterijama i solarnim \u0107elijama<\/li>\n<li>Masa: 470 g<\/li>\n<\/ul>","protected":false},"excerpt":{"rendered":"<p>PROFESIONALNA SAMOZATAMNJUJU\u0106A MASKA ZA ZAVARIVANJE Samozatamnjuju\u0107a KAIMAN maska za zavarivanje je novi model Sacit maski koja je idealna za sve postupke zavarivanja i s odli\u010dnim omjerom cijene i kvalitete. Opremljena je s 4 senzora, unutarnjim kontrolama, iTrue Color sustavom, koji omogu\u0107uje \u010dist i jasan pogled kroz masku, \u0161to omogu\u0107uje korisniku da jednostavno razlikuje objekte u [&hellip;]<\/p>\n","protected":false},"featured_media":1165,"template":"","meta":[],"product_brand":[57,56],"product_cat":[42,41],"product_tag":[],"class_list":{"0":"post-1163","1":"product","2":"type-product","3":"status-publish","4":"has-post-thumbnail","6":"product_brand-sacit","7":"product_brand-trafimet","8":"product_cat-maske-i-naocale","9":"product_cat-zastitna-oprema","11":"first","12":"instock","13":"shipping-taxable","14":"product-type-simple"},"_links":{"self":[{"href":"https:\/\/treatrade.hr\/en\/wp-json\/wp\/v2\/product\/1163","targetHints":{"allow":["GET"]}}],"collection":[{"href":"https:\/\/treatrade.hr\/en\/wp-json\/wp\/v2\/product"}],"about":[{"href":"https:\/\/treatrade.hr\/en\/wp-json\/wp\/v2\/types\/product"}],"wp:featuredmedia":[{"embeddable":true,"href":"https:\/\/treatrade.hr\/en\/wp-json\/wp\/v2\/media\/1165"}],"wp:attachment":[{"href":"https:\/\/treatrade.hr\/en\/wp-json\/wp\/v2\/media?parent=1163"}],"wp:term":[{"taxonomy":"product_brand","embeddable":true,"href":"https:\/\/treatrade.hr\/en\/wp-json\/wp\/v2\/product_brand?post=1163"},{"taxonomy":"product_cat","embeddable":true,"href":"https:\/\/treatrade.hr\/en\/wp-json\/wp\/v2\/product_cat?post=1163"},{"taxonomy":"product_tag","embeddable":true,"href":"https:\/\/treatrade.hr\/en\/wp-json\/wp\/v2\/product_tag?post=1163"}],"curies":[{"name":"wp","href":"https:\/\/api.w.org\/{rel}","templated":true}]}}