{"id":1157,"date":"2025-05-28T06:00:46","date_gmt":"2025-05-28T06:00:46","guid":{"rendered":"https:\/\/treatrade.hr\/?post_type=product&#038;p=1157"},"modified":"2025-06-02T05:26:25","modified_gmt":"2025-06-02T05:26:25","slug":"lincoln-electric-powertec-i450c-advanced","status":"publish","type":"product","link":"https:\/\/treatrade.hr\/en\/product\/lincoln-electric-powertec-i450c-advanced\/","title":{"rendered":"Lincoln Electric &#8211; Powertec i450C Advanced"},"content":{"rendered":"<p>Asortiman novih POWERTEC\u00ae i KOMPAKTA izgra\u0111en je na najnovijoj Lincoln Electric invertorskoj platformi, osiguravaju\u0107i optimalne performanse MIG\/MAG i REL zavarivanja uz postizanje izvrsne snage i tro\u0161kovne efikasnosti.<br \/>\nAsortiman se sastoji od izvora struje od 250A, 320A, 380A i 450A s izborom izme\u0111u STANDARDNOG zaslona (i250C i i320C) ili ADVANCED zaslona (i250C, i320C, i380C i i450C), koji zadovoljavaju ve\u0107inu potreba korisnika i pokrivaju \u0161irok raspon postupaka zavarivanja.<\/p>\n<p><span class=\"fontstyle0\">VRHUNSKA TEHNOLOGIJA U DODAVANJU \u017dICE &#8211; <\/span><span class=\"fontstyle2\">Profesionalan sustav dodavanja \u017eice \u2013 robustan i precizan<\/span><\/p>\n<ul>\n<li><span class=\"fontstyle2\">4 <\/span><span class=\"fontstyle2\">zasebna pogonska kota\u010di\u0107a za iznimno stabilno dodavanje \u017eice razli\u010ditih vrsta \u017eica<\/span><\/li>\n<li><span class=\"fontstyle2\">Aluminijsko ku\u0107i\u0161te za dugi vijek trajanja <\/span><\/li>\n<li><span class=\"fontstyle2\">Veliki promjer kota\u010di\u0107a \u017eice (37 mm) za optimalno dodavanje \u017eice <\/span><\/li>\n<li><span class=\"fontstyle2\">Jednostavna promjena koluta \u017eice bez alata <\/span><\/li>\n<li><span class=\"fontstyle2\">Tvorni\u010dki je opremljen s kota\u010di\u0107ima za 1,0 mm i 1,2 mm \u017eicu za \u010delik i nehr\u0111aju\u0107i \u010delik<\/span><\/li>\n<\/ul>\n<p>&nbsp;<\/p>\n<p>Invertorska tehnologija \u2013 ECO Friendly<\/p>\n<ul>\n<li>Ni\u017ea potro\u0161nja energije<\/li>\n<li>Automatski na\u010dini rada uz u\u0161tedu energije (funkcija \u010dekanja\/isklju\u010divanja)<\/li>\n<li>Spreman za rad s motornim agregatima<\/li>\n<\/ul>\n<p>&nbsp;<\/p>\n<p>Nazivni izlaz (A): 450A \/ 80%, 240A \/ 420%<\/p>","protected":false},"excerpt":{"rendered":"<p>Asortiman novih POWERTEC\u00ae i KOMPAKTA izgra\u0111en je na najnovijoj Lincoln Electric invertorskoj platformi, osiguravaju\u0107i optimalne performanse MIG\/MAG i REL zavarivanja uz postizanje izvrsne snage i tro\u0161kovne efikasnosti. Asortiman se sastoji od izvora struje od 250A, 320A, 380A i 450A s izborom izme\u0111u STANDARDNOG zaslona (i250C i i320C) ili ADVANCED zaslona (i250C, i320C, i380C i i450C), [&hellip;]<\/p>\n","protected":false},"featured_media":1158,"template":"","meta":[],"product_brand":[53],"product_cat":[24,23],"product_tag":[],"class_list":{"0":"post-1157","1":"product","2":"type-product","3":"status-publish","4":"has-post-thumbnail","6":"product_brand-lincoln-electric","7":"product_cat-mig-mag-i-multiprocesni","8":"product_cat-uredaji-za-zavarivanje","10":"first","11":"instock","12":"shipping-taxable","13":"product-type-simple"},"_links":{"self":[{"href":"https:\/\/treatrade.hr\/en\/wp-json\/wp\/v2\/product\/1157","targetHints":{"allow":["GET"]}}],"collection":[{"href":"https:\/\/treatrade.hr\/en\/wp-json\/wp\/v2\/product"}],"about":[{"href":"https:\/\/treatrade.hr\/en\/wp-json\/wp\/v2\/types\/product"}],"wp:featuredmedia":[{"embeddable":true,"href":"https:\/\/treatrade.hr\/en\/wp-json\/wp\/v2\/media\/1158"}],"wp:attachment":[{"href":"https:\/\/treatrade.hr\/en\/wp-json\/wp\/v2\/media?parent=1157"}],"wp:term":[{"taxonomy":"product_brand","embeddable":true,"href":"https:\/\/treatrade.hr\/en\/wp-json\/wp\/v2\/product_brand?post=1157"},{"taxonomy":"product_cat","embeddable":true,"href":"https:\/\/treatrade.hr\/en\/wp-json\/wp\/v2\/product_cat?post=1157"},{"taxonomy":"product_tag","embeddable":true,"href":"https:\/\/treatrade.hr\/en\/wp-json\/wp\/v2\/product_tag?post=1157"}],"curies":[{"name":"wp","href":"https:\/\/api.w.org\/{rel}","templated":true}]}}