{"id":807,"date":"2025-04-22T09:29:42","date_gmt":"2025-04-22T09:29:42","guid":{"rendered":"https:\/\/treatrade.hr\/?page_id=807"},"modified":"2025-04-22T11:06:04","modified_gmt":"2025-04-22T11:06:04","slug":"o-nama","status":"publish","type":"page","link":"https:\/\/treatrade.hr\/en\/o-nama\/","title":{"rendered":"O nama"},"content":{"rendered":"<div data-elementor-type=\"wp-page\" data-elementor-id=\"807\" class=\"elementor elementor-807\" data-elementor-post-type=\"page\">\n\t\t\t\t<div class=\"has_eae_slider elementor-element elementor-element-b4e2dc4 e-con-full e-flex e-con e-parent\" data-eae-slider=\"3151\" data-id=\"b4e2dc4\" data-element_type=\"container\" data-e-type=\"container\" data-settings=\"{&quot;background_background&quot;:&quot;classic&quot;}\">\n\t\t<div class=\"has_eae_slider elementor-element elementor-element-5fb2fa0 e-con-full e-flex e-con e-child\" data-eae-slider=\"31472\" data-id=\"5fb2fa0\" data-element_type=\"container\" data-e-type=\"container\" data-settings=\"{&quot;background_background&quot;:&quot;classic&quot;}\">\n\t\t\t\t<div class=\"elementor-element elementor-element-7dc0a92 elementor-widget elementor-widget-heading\" data-id=\"7dc0a92\" data-element_type=\"widget\" data-e-type=\"widget\" data-widget_type=\"heading.default\">\n\t\t\t\t<div class=\"elementor-widget-container\">\n\t\t\t\t\t<h2 class=\"elementor-heading-title elementor-size-default\">O nama<\/h2>\t\t\t\t<\/div>\n\t\t\t\t<\/div>\n\t\t\t\t<\/div>\n\t\t\t\t<\/div>\n\t\t<div class=\"has_eae_slider elementor-element elementor-element-c7a09da e-con-full e-flex e-con e-parent\" data-eae-slider=\"74078\" data-id=\"c7a09da\" data-element_type=\"container\" data-e-type=\"container\">\n\t\t<div class=\"has_eae_slider elementor-element elementor-element-eb94030 e-con-full e-flex e-con e-child\" data-eae-slider=\"47837\" data-id=\"eb94030\" data-element_type=\"container\" data-e-type=\"container\" data-settings=\"{&quot;background_background&quot;:&quot;classic&quot;}\">\n\t\t\t\t<\/div>\n\t\t<div class=\"has_eae_slider elementor-element elementor-element-cc2385c e-con-full e-flex e-con e-child\" data-eae-slider=\"34245\" data-id=\"cc2385c\" data-element_type=\"container\" data-e-type=\"container\">\n\t\t\t\t<div class=\"elementor-element elementor-element-07293c4 elementor-widget elementor-widget-heading\" data-id=\"07293c4\" data-element_type=\"widget\" data-e-type=\"widget\" data-widget_type=\"heading.default\">\n\t\t\t\t<div class=\"elementor-widget-container\">\n\t\t\t\t\t<h6 class=\"elementor-heading-title elementor-size-default\">S vama od 1992. godine<\/h6>\t\t\t\t<\/div>\n\t\t\t\t<\/div>\n\t\t\t\t<div class=\"elementor-element elementor-element-7b9fc9e elementor-widget elementor-widget-text-editor\" data-id=\"7b9fc9e\" data-element_type=\"widget\" data-e-type=\"widget\" data-widget_type=\"text-editor.default\">\n\t\t\t\t<div class=\"elementor-widget-container\">\n\t\t\t\t\t\t\t\t\t<p>TREA TRADE d.o.o. je osnovano 1992. godine u Rijeci. Od svog osnutka do danas, TREA TRADE d.o.o. je naraslo do dru\u0161tva s 22 zaposlenih. U upravi firme su tri \u010dlana \u2013 Zdravko \u0160vab, dipl. ing., Zorin \u0160anko, dipl. ing. i Darko Miheli\u0107, dipl. ing. Primarne djelatnosti su nam proizvodnja specijalnih alata i dodataka za bagere, kamenolome, brodarsku i drvnu industriju, specijalno i reparaturno zavarivanje novim tehnologijama te prodaja aparata za zavarivanje i plinsko rezanje renomiranih svjetskih proizvo\u0111a\u010da poput Lincoln Electrica i Harris Calorifica. Sjedi\u0161te nam je na Vi\u0161kovu, Bla\u017ei\u0107i 2a, gdje je smje\u0161tena hala za proizvodnju i reparaturno zavarivanje, skladi\u0161te, servis i kancelarije. U skladi\u0161nom prostoru imamo oko 30t dodatnog materijala za zavarivanje, 80 razli\u010ditih aparata za sve vrste zavarivanja i oko 2500 artikala neophodnih pri zavarivanju i plinskom rezanju. Za kupljene proizvode na\u0161ih proizvo\u0111a\u010da nudimo i servis u sklopu na\u0161e hale. Zbog velikog znanja i iskustva u polju specijalnog zavarivanja, proizvodnje i implementiranja novih tehnologija, TREA TRADE d.o.o. postaje prepoznata firma za sve probleme koji se dodiruju s navedenom tematikom.<\/p>\t\t\t\t\t\t\t\t<\/div>\n\t\t\t\t<\/div>\n\t\t\t\t<div class=\"elementor-element elementor-element-efcec94 elementor-widget elementor-widget-heading\" data-id=\"efcec94\" data-element_type=\"widget\" data-e-type=\"widget\" data-widget_type=\"heading.default\">\n\t\t\t\t<div class=\"elementor-widget-container\">\n\t\t\t\t\t<h6 class=\"elementor-heading-title elementor-size-default\">Misija<\/h6>\t\t\t\t<\/div>\n\t\t\t\t<\/div>\n\t\t\t\t<div class=\"elementor-element elementor-element-d06af66 elementor-widget elementor-widget-text-editor\" data-id=\"d06af66\" data-element_type=\"widget\" data-e-type=\"widget\" data-widget_type=\"text-editor.default\">\n\t\t\t\t<div class=\"elementor-widget-container\">\n\t\t\t\t\t\t\t\t\t<p>Cilj nam je ponuditi na tr\u017ei\u0161tu Hrvatske, ali i susjednih zemalja (Bosne i Hercegovine, Srbije, Crne Gore itd.) na\u0161e proizvode koji kvalitetom i optimalnom konstrukcijom nadilaze konkurenciju. Koriste\u0107i svjetski priznatu opremu za zavarivanje i rezanje ameri\u010dkih proizvo\u0111a\u010da Lincoln Electric i Harris Calorific u mogu\u0107nosti smo proizvoditi uz maksimalnu kvalitetu i rok trajanja. Tako\u0111er, zahvaljuju\u0107i znanju, iskustvu i stalnom usavr\u0161avanju mo\u017eemo implementirati najnaprednije svjetske tehnologije u regionalne okvire.<\/p>\t\t\t\t\t\t\t\t<\/div>\n\t\t\t\t<\/div>\n\t\t\t\t<div class=\"elementor-element elementor-element-8a76136 elementor-widget elementor-widget-button\" data-id=\"8a76136\" data-element_type=\"widget\" data-e-type=\"widget\" data-widget_type=\"button.default\">\n\t\t\t\t<div class=\"elementor-widget-container\">\n\t\t\t\t\t\t\t\t\t<div class=\"elementor-button-wrapper\">\n\t\t\t\t\t<a class=\"elementor-button elementor-button-link elementor-size-sm\" href=\"https:\/\/treatrade.hr\/en\/kontakt\/\">\n\t\t\t\t\t\t<span class=\"elementor-button-content-wrapper\">\n\t\t\t\t\t\t\t\t\t<span class=\"elementor-button-text\">Kontaktirajte nas<\/span>\n\t\t\t\t\t<\/span>\n\t\t\t\t\t<\/a>\n\t\t\t\t<\/div>\n\t\t\t\t\t\t\t\t<\/div>\n\t\t\t\t<\/div>\n\t\t\t\t<\/div>\n\t\t\t\t<\/div>\n\t\t<div class=\"has_eae_slider elementor-element elementor-element-c7a3def e-flex e-con-boxed e-con e-parent\" data-eae-slider=\"57638\" data-id=\"c7a3def\" data-element_type=\"container\" data-e-type=\"container\">\n\t\t\t\t\t<div class=\"e-con-inner\">\n\t\t<div class=\"has_eae_slider elementor-element elementor-element-bfac1cb e-con-full e-flex e-con e-child\" data-eae-slider=\"42377\" data-id=\"bfac1cb\" data-element_type=\"container\" data-e-type=\"container\">\n\t\t\t\t<div class=\"elementor-element elementor-element-66045df elementor-widget elementor-widget-heading\" data-id=\"66045df\" data-element_type=\"widget\" data-e-type=\"widget\" data-widget_type=\"heading.default\">\n\t\t\t\t<div class=\"elementor-widget-container\">\n\t\t\t\t\t<h2 class=\"elementor-heading-title elementor-size-default\">Djelatnost poduze\u0107a<\/h2>\t\t\t\t<\/div>\n\t\t\t\t<\/div>\n\t\t\t\t<div class=\"elementor-element elementor-element-3ac4e27 elementor-widget__width-initial elementor-widget-mobile__width-inherit elementor-widget elementor-widget-text-editor\" data-id=\"3ac4e27\" data-element_type=\"widget\" data-e-type=\"widget\" data-widget_type=\"text-editor.default\">\n\t\t\t\t<div class=\"elementor-widget-container\">\n\t\t\t\t\t\t\t\t\t<p>Poduze\u0107e je orijentirano na proizvodnju novih dijelova, prodaju i podr\u0161ku Lincoln Electric, BUG-O i Autogen-Ritter strojeva, automata i opreme za zavarivanje, Hypertherm opreme za plazma rezanje, Harris Calorific opreme za plinsko rezanje, dodatnog materijala u vidu \u017eica i elektroda i reprometarijala poput plinskih sapnica, regulatora za plinove i dr. Za svu na\u0161u kupljenu opremu nudimo servis koji se nalazi u sklopu na\u0161e hale na Vi\u0161kovu. Podr\u0161ka se sastoji od redovitog odr\u017eavanja i servisa strojeva za zavarivanje i ostale opreme koju smo mi isporu\u010dili. Pored konstrukcije i proizvodnje pru\u017eamo usluge reparaturnog zavarivanja i tvrdog navarivanja specijalnim materijalima kao i toplinsko na\u0161trcavanje (metalizacija) prahom. Tako\u0111er, zahvaljuju\u0107i velikom znanju i iskustvu svojih djelatnika, vr\u0161imo i izobrazbu i obu\u010davanje kadrova za rad na na\u0161im sofisticiranim strojevima sve u cilju maksimalne iskoristivosti, u\u010dinkovitosti i zadovoljstva na\u0161ih kupaca.<\/p><p>Reparaturno zavarivanje ima za cilj popravak o\u0161te\u0107enih dijelova strojeva, opreme i mehanizacije uz mogu\u0107nost kori\u0161tenja dodatnih materijala velike tvrdo\u0107e kako bi popravljeni dijelovi trajali du\u017ee nego originalni. Veliki korisnici navedenih usluga su gra\u0111evinari, kamenolomi, cementare, ciglarska industrija, naftna industrija, termoelektrane i druge djelatnosti gdje se zbog velikih naprezanja osnovni materijal stroja brzo tro\u0161i ili je sklon lomovima.<\/p><p>U na\u0161im proizvodnim pogonima provodimo edukaciju zavarivanja razli\u010ditim postupcima zavarivanja, kao i reatestaciju istih. Na zahtjev kupca preporu\u010dujemo najadekvatnije tehnologije zavarivanja za odre\u0111eni proizvodni program.<br \/>Svoju opremu ugra\u0111ujemo u gotovo sva brodogradili\u0161ta u Hrvatskoj, te su nam ona i jedni od najzna\u010dajnijih poslovnih partnera.<\/p><p>Danas TREA TRADE d.o.o. slovi kao jedna od vode\u0107ih tvrtki u zemlji na podru\u010dju proizvodnje, specijalnog i reparaturnog zavarivanja, prodaje, servisa i odr\u017eavanja svih vrsta strojeva za zavarivanje i opreme iz na\u0161eg proizvodnog programa. Stalnim ulaganjem u poslovni prostor, dijagnosti\u010dku i servisnu opremu, kontinuiranim educiranjem stru\u010dnog kadra (unutar Hrvatske i \u010desto na specijaliziranim seminarima u SAD, Francuskoj, Nizozemskoj itd.) te stalnim prilago\u0111avanjem \u017eeljama i potrebama kupaca, dostigli smo visoku razinu kvalitete na\u0161ih proizvoda i usluga, \u010dime smo postavili nove standarde na na\u0161em tr\u017ei\u0161tu.<\/p><p>TREA TRADE d.o.o. ula\u017ee zna\u010dajna sredstva kako na tehni\u010dkom planu tako i u organizacijskom smislu kako bio se postizalo stalno pobolj\u0161anje kvalitete te uvo\u0111enje niza novih usluga koje \u0107e na\u0161im poslovnim partnerima omogu\u0107iti pove\u0107anje konkurentnosti i smanjenje tro\u0161kova poslovanja.<\/p><p>Dugoro\u010dni nam je cilj postati i ostati pouzdan doma\u0107i poslovni partner, prepoznatljiv po kvaliteti usluga na svjetskoj razini, na zadovoljstvo na\u0161ih sada\u0161njih i budu\u0107ih kupaca.<\/p>\t\t\t\t\t\t\t\t<\/div>\n\t\t\t\t<\/div>\n\t\t\t\t<\/div>\n\t\t\t\t\t<\/div>\n\t\t\t\t<\/div>\n\t\t<div class=\"has_eae_slider elementor-element elementor-element-75eaca2 e-flex e-con-boxed e-con e-parent\" data-eae-slider=\"96558\" data-id=\"75eaca2\" data-element_type=\"container\" data-e-type=\"container\">\n\t\t\t\t\t<div class=\"e-con-inner\">\n\t\t<a class=\"eael-wrapper-link-cf8a999 --eael-wrapper-link-tag\" href=\"https:\/\/treatrade.hr\/en\/o-nama\/zaposljavanje\/\"><\/a><div data-eael-wrapper-link=\"eael-wrapper-link-cf8a999\" class=\"has_eae_slider elementor-element elementor-element-cf8a999 e-con-full e-flex e-con e-child\" data-eae-slider=\"89326\" data-id=\"cf8a999\" data-element_type=\"container\" data-e-type=\"container\" data-settings=\"{&quot;background_background&quot;:&quot;classic&quot;}\">\n\t\t<a class=\"has_eae_slider elementor-element elementor-element-7e6d1f8 e-con-full e-flex e-con e-child\" data-eae-slider=\"45564\" data-id=\"7e6d1f8\" data-element_type=\"container\" data-e-type=\"container\" href=\"https:\/\/treatrade.hr\/en\/usluge\/reparaturno-zavarivanje-2\/\">\n\t\t\t\t<div class=\"elementor-element elementor-element-dd2374d elementor-widget elementor-widget-heading\" data-id=\"dd2374d\" data-element_type=\"widget\" data-e-type=\"widget\" data-widget_type=\"heading.default\">\n\t\t\t\t<div class=\"elementor-widget-container\">\n\t\t\t\t\t<h2 class=\"elementor-heading-title elementor-size-default\">Zapo\u0161ljavanje<\/h2>\t\t\t\t<\/div>\n\t\t\t\t<\/div>\n\t\t\t\t<\/a>\n\t\t\t\t<\/div>\n\t\t<a class=\"eael-wrapper-link-3e0a9f3 --eael-wrapper-link-tag\" href=\"https:\/\/treatrade.hr\/en\/o-nama\/eu-projekti\/\"><\/a><div data-eael-wrapper-link=\"eael-wrapper-link-3e0a9f3\" class=\"has_eae_slider elementor-element elementor-element-3e0a9f3 e-con-full e-flex e-con e-child\" data-eae-slider=\"3157\" data-id=\"3e0a9f3\" data-element_type=\"container\" data-e-type=\"container\" data-settings=\"{&quot;background_background&quot;:&quot;classic&quot;}\">\n\t\t<a class=\"has_eae_slider elementor-element elementor-element-cf9b585 e-con-full e-flex e-con e-child\" data-eae-slider=\"39044\" data-id=\"cf9b585\" data-element_type=\"container\" data-e-type=\"container\" href=\"https:\/\/treatrade.hr\/en\/usluge\/toplinsko-nastrcavanje-metalizacija\/\">\n\t\t\t\t<div class=\"elementor-element elementor-element-4fe5557 elementor-widget elementor-widget-heading\" data-id=\"4fe5557\" data-element_type=\"widget\" data-e-type=\"widget\" data-widget_type=\"heading.default\">\n\t\t\t\t<div class=\"elementor-widget-container\">\n\t\t\t\t\t<h2 class=\"elementor-heading-title elementor-size-default\">EU Projekti<\/h2>\t\t\t\t<\/div>\n\t\t\t\t<\/div>\n\t\t\t\t<\/a>\n\t\t\t\t<\/div>\n\t\t\t\t\t<\/div>\n\t\t\t\t<\/div>\n\t\t<div class=\"has_eae_slider elementor-element elementor-element-d407745 e-flex e-con-boxed e-con e-parent\" data-eae-slider=\"24790\" data-id=\"d407745\" data-element_type=\"container\" data-e-type=\"container\">\n\t\t\t\t\t<div class=\"e-con-inner\">\n\t\t<div class=\"has_eae_slider elementor-element elementor-element-943ade7 e-con-full e-flex e-con e-child\" data-eae-slider=\"56794\" data-id=\"943ade7\" data-element_type=\"container\" data-e-type=\"container\">\n\t\t\t\t<div class=\"elementor-element elementor-element-b5eb73e elementor-widget__width-initial elementor-widget-tablet__width-inherit elementor-widget elementor-widget-testimonial\" data-id=\"b5eb73e\" data-element_type=\"widget\" data-e-type=\"widget\" data-widget_type=\"testimonial.default\">\n\t\t\t\t<div class=\"elementor-widget-container\">\n\t\t\t\t\t\t\t<div class=\"elementor-testimonial-wrapper\">\n\t\t\t\t\t\t\t<div class=\"elementor-testimonial-content\">Slo\u017eeni poslovi. Te\u0161ke instalacije. Kreativnost se nalazi u svim segmentima na\u0161eg rada.<\/div>\n\t\t\t\n\t\t\t\t\t\t<div class=\"elementor-testimonial-meta\">\n\t\t\t\t<div class=\"elementor-testimonial-meta-inner\">\n\t\t\t\t\t\n\t\t\t\t\t\t\t\t\t\t<div class=\"elementor-testimonial-details\">\n\t\t\t\t\t\t\t\t\t\t\t\t\t\t<div class=\"elementor-testimonial-name\">Kreativnost<\/div>\n\t\t\t\t\t\t\t\t\t\t\t\t\t\t\t\t\t\t\t\t\t\t<div class=\"elementor-testimonial-job\">Trea Trade<\/div>\n\t\t\t\t\t\t\t\t\t\t\t\t\t<\/div>\n\t\t\t\t\t\t\t\t\t<\/div>\n\t\t\t<\/div>\n\t\t\t\t\t<\/div>\n\t\t\t\t\t\t<\/div>\n\t\t\t\t<\/div>\n\t\t\t\t<div class=\"elementor-element elementor-element-9e76d77 elementor-widget__width-initial elementor-widget-tablet__width-inherit elementor-widget elementor-widget-testimonial\" data-id=\"9e76d77\" data-element_type=\"widget\" data-e-type=\"widget\" data-widget_type=\"testimonial.default\">\n\t\t\t\t<div class=\"elementor-widget-container\">\n\t\t\t\t\t\t\t<div class=\"elementor-testimonial-wrapper\">\n\t\t\t\t\t\t\t<div class=\"elementor-testimonial-content\">Poslove zavr\u0161avamo u dogovorenim rokovima. \u010cak i kad se planovi moraju promijeniti u toku izvedbe.<\/div>\n\t\t\t\n\t\t\t\t\t\t<div class=\"elementor-testimonial-meta\">\n\t\t\t\t<div class=\"elementor-testimonial-meta-inner\">\n\t\t\t\t\t\n\t\t\t\t\t\t\t\t\t\t<div class=\"elementor-testimonial-details\">\n\t\t\t\t\t\t\t\t\t\t\t\t\t\t<div class=\"elementor-testimonial-name\">Pouzdanost<\/div>\n\t\t\t\t\t\t\t\t\t\t\t\t\t\t\t\t\t\t\t\t\t\t<div class=\"elementor-testimonial-job\">Trea Trade<\/div>\n\t\t\t\t\t\t\t\t\t\t\t\t\t<\/div>\n\t\t\t\t\t\t\t\t\t<\/div>\n\t\t\t<\/div>\n\t\t\t\t\t<\/div>\n\t\t\t\t\t\t<\/div>\n\t\t\t\t<\/div>\n\t\t\t\t<div class=\"elementor-element elementor-element-b904e72 elementor-widget__width-initial elementor-widget-tablet__width-inherit elementor-widget elementor-widget-testimonial\" data-id=\"b904e72\" data-element_type=\"widget\" data-e-type=\"widget\" data-widget_type=\"testimonial.default\">\n\t\t\t\t<div class=\"elementor-widget-container\">\n\t\t\t\t\t\t\t<div class=\"elementor-testimonial-wrapper\">\n\t\t\t\t\t\t\t<div class=\"elementor-testimonial-content\">Od pokretanja projekta pa do dovr\u0161etka, imati \u0107ete na raspolaganju posve\u0107ene ljude kojima je pru\u017eanje kvalitetne usluge prioritet.\n<\/div>\n\t\t\t\n\t\t\t\t\t\t<div class=\"elementor-testimonial-meta\">\n\t\t\t\t<div class=\"elementor-testimonial-meta-inner\">\n\t\t\t\t\t\n\t\t\t\t\t\t\t\t\t\t<div class=\"elementor-testimonial-details\">\n\t\t\t\t\t\t\t\t\t\t\t\t\t\t<div class=\"elementor-testimonial-name\">Usluga<\/div>\n\t\t\t\t\t\t\t\t\t\t\t\t\t\t\t\t\t\t\t\t\t\t<div class=\"elementor-testimonial-job\">Trea Trade<\/div>\n\t\t\t\t\t\t\t\t\t\t\t\t\t<\/div>\n\t\t\t\t\t\t\t\t\t<\/div>\n\t\t\t<\/div>\n\t\t\t\t\t<\/div>\n\t\t\t\t\t\t<\/div>\n\t\t\t\t<\/div>\n\t\t\t\t<div class=\"elementor-element elementor-element-2bd7f01 elementor-widget__width-initial elementor-widget-tablet__width-inherit elementor-widget elementor-widget-testimonial\" data-id=\"2bd7f01\" data-element_type=\"widget\" data-e-type=\"widget\" data-widget_type=\"testimonial.default\">\n\t\t\t\t<div class=\"elementor-widget-container\">\n\t\t\t\t\t\t\t<div class=\"elementor-testimonial-wrapper\">\n\t\t\t\t\t\t\t<div class=\"elementor-testimonial-content\">Svaki rez materijala i sveki kut odgovara specifikacijama projekta.<\/div>\n\t\t\t\n\t\t\t\t\t\t<div class=\"elementor-testimonial-meta\">\n\t\t\t\t<div class=\"elementor-testimonial-meta-inner\">\n\t\t\t\t\t\n\t\t\t\t\t\t\t\t\t\t<div class=\"elementor-testimonial-details\">\n\t\t\t\t\t\t\t\t\t\t\t\t\t\t<div class=\"elementor-testimonial-name\">Preciznost<\/div>\n\t\t\t\t\t\t\t\t\t\t\t\t\t\t\t\t\t\t\t\t\t\t<div class=\"elementor-testimonial-job\">Trea Trade<\/div>\n\t\t\t\t\t\t\t\t\t\t\t\t\t<\/div>\n\t\t\t\t\t\t\t\t\t<\/div>\n\t\t\t<\/div>\n\t\t\t\t\t<\/div>\n\t\t\t\t\t\t<\/div>\n\t\t\t\t<\/div>\n\t\t\t\t<\/div>\n\t\t\t\t\t<\/div>\n\t\t\t\t<\/div>\n\t\t<div class=\"has_eae_slider elementor-element elementor-element-f621287 e-flex e-con-boxed e-con e-parent\" data-eae-slider=\"75646\" data-id=\"f621287\" data-element_type=\"container\" data-e-type=\"container\" data-settings=\"{&quot;background_background&quot;:&quot;classic&quot;}\">\n\t\t\t\t\t<div class=\"e-con-inner\">\n\t\t\t\t<div class=\"elementor-element elementor-element-67ef037 elementor-widget elementor-widget-image-carousel\" data-id=\"67ef037\" data-element_type=\"widget\" data-e-type=\"widget\" data-settings=\"{&quot;slides_to_show&quot;:&quot;6&quot;,&quot;navigation&quot;:&quot;none&quot;,&quot;autoplay&quot;:&quot;yes&quot;,&quot;pause_on_hover&quot;:&quot;yes&quot;,&quot;pause_on_interaction&quot;:&quot;yes&quot;,&quot;autoplay_speed&quot;:5000,&quot;infinite&quot;:&quot;yes&quot;,&quot;speed&quot;:500}\" data-widget_type=\"image-carousel.default\">\n\t\t\t\t<div class=\"elementor-widget-container\">\n\t\t\t\t\t\t\t<div class=\"elementor-image-carousel-wrapper swiper\" role=\"region\" aria-roledescription=\"carousel\" aria-label=\"Image Carousel\" dir=\"ltr\">\n\t\t\t<div class=\"elementor-image-carousel swiper-wrapper\" aria-live=\"off\">\n\t\t\t\t\t\t\t\t<div class=\"swiper-slide\" role=\"group\" aria-roledescription=\"slide\" aria-label=\"1 od 11\"><figure class=\"swiper-slide-inner\"><img decoding=\"async\" class=\"swiper-slide-image\" src=\"https:\/\/treatrade.hr\/wp-content\/uploads\/2025\/03\/bugo.png\" alt=\"bugo\" \/><\/figure><\/div><div class=\"swiper-slide\" role=\"group\" aria-roledescription=\"slide\" aria-label=\"2 od 11\"><figure class=\"swiper-slide-inner\"><img decoding=\"async\" class=\"swiper-slide-image\" src=\"https:\/\/treatrade.hr\/wp-content\/uploads\/2025\/03\/fanuc-robotics.png\" alt=\"fanuc-robotics\" \/><\/figure><\/div><div class=\"swiper-slide\" role=\"group\" aria-roledescription=\"slide\" aria-label=\"3 od 11\"><figure class=\"swiper-slide-inner\"><img decoding=\"async\" class=\"swiper-slide-image\" src=\"https:\/\/treatrade.hr\/wp-content\/uploads\/2025\/03\/hypertherm.png\" alt=\"hypertherm\" \/><\/figure><\/div><div class=\"swiper-slide\" role=\"group\" aria-roledescription=\"slide\" aria-label=\"4 od 11\"><figure class=\"swiper-slide-inner\"><img decoding=\"async\" class=\"swiper-slide-image\" src=\"https:\/\/treatrade.hr\/wp-content\/uploads\/2025\/03\/lastek.png\" alt=\"lastek\" \/><\/figure><\/div><div class=\"swiper-slide\" role=\"group\" aria-roledescription=\"slide\" aria-label=\"5 od 11\"><figure class=\"swiper-slide-inner\"><img decoding=\"async\" class=\"swiper-slide-image\" src=\"https:\/\/treatrade.hr\/wp-content\/uploads\/2025\/03\/lincoln-electric.png\" alt=\"lincoln-electric\" \/><\/figure><\/div><div class=\"swiper-slide\" role=\"group\" aria-roledescription=\"slide\" aria-label=\"6 od 11\"><figure class=\"swiper-slide-inner\"><img decoding=\"async\" class=\"swiper-slide-image\" src=\"https:\/\/treatrade.hr\/wp-content\/uploads\/2025\/03\/pierce.png\" alt=\"pierce\" \/><\/figure><\/div><div class=\"swiper-slide\" role=\"group\" aria-roledescription=\"slide\" aria-label=\"7 od 11\"><figure class=\"swiper-slide-inner\"><img decoding=\"async\" class=\"swiper-slide-image\" src=\"https:\/\/treatrade.hr\/wp-content\/uploads\/2025\/03\/reglo.png\" alt=\"reglo\" \/><\/figure><\/div><div class=\"swiper-slide\" role=\"group\" aria-roledescription=\"slide\" aria-label=\"8 od 11\"><figure class=\"swiper-slide-inner\"><img decoding=\"async\" class=\"swiper-slide-image\" src=\"https:\/\/treatrade.hr\/wp-content\/uploads\/2025\/03\/sacit.png\" alt=\"sacit\" \/><\/figure><\/div><div class=\"swiper-slide\" role=\"group\" aria-roledescription=\"slide\" aria-label=\"9 od 11\"><figure class=\"swiper-slide-inner\"><img decoding=\"async\" class=\"swiper-slide-image\" src=\"https:\/\/treatrade.hr\/wp-content\/uploads\/2025\/03\/trafimet.png\" alt=\"trafimet\" \/><\/figure><\/div><div class=\"swiper-slide\" role=\"group\" aria-roledescription=\"slide\" aria-label=\"10 od 11\"><figure class=\"swiper-slide-inner\"><img decoding=\"async\" class=\"swiper-slide-image\" src=\"https:\/\/treatrade.hr\/wp-content\/uploads\/2025\/03\/weldas.png\" alt=\"weldas\" \/><\/figure><\/div><div class=\"swiper-slide\" role=\"group\" aria-roledescription=\"slide\" aria-label=\"11 od 11\"><figure class=\"swiper-slide-inner\"><img decoding=\"async\" class=\"swiper-slide-image\" src=\"https:\/\/treatrade.hr\/wp-content\/uploads\/2025\/03\/wt.png\" alt=\"wt\" \/><\/figure><\/div>\t\t\t<\/div>\n\t\t\t\t\t\t\t\n\t\t\t\t\t\t\t\t\t<\/div>\n\t\t\t\t\t\t<\/div>\n\t\t\t\t<\/div>\n\t\t\t\t\t<\/div>\n\t\t\t\t<\/div>\n\t\t\t\t<\/div>","protected":false},"excerpt":{"rendered":"<p>O nama S vama od 1992. godine TREA TRADE d.o.o. je osnovano 1992. godine u Rijeci. Od svog osnutka do danas, TREA TRADE d.o.o. je naraslo do dru\u0161tva s 22 zaposlenih. U upravi firme su tri \u010dlana \u2013 Zdravko \u0160vab, dipl. ing., Zorin \u0160anko, dipl. ing. i Darko Miheli\u0107, dipl. ing. Primarne djelatnosti su nam [&hellip;]<\/p>\n","protected":false},"author":1,"featured_media":0,"parent":0,"menu_order":0,"comment_status":"closed","ping_status":"closed","template":"","meta":{"footnotes":""},"class_list":["post-807","page","type-page","status-publish","hentry"],"_links":{"self":[{"href":"https:\/\/treatrade.hr\/en\/wp-json\/wp\/v2\/pages\/807","targetHints":{"allow":["GET"]}}],"collection":[{"href":"https:\/\/treatrade.hr\/en\/wp-json\/wp\/v2\/pages"}],"about":[{"href":"https:\/\/treatrade.hr\/en\/wp-json\/wp\/v2\/types\/page"}],"author":[{"embeddable":true,"href":"https:\/\/treatrade.hr\/en\/wp-json\/wp\/v2\/users\/1"}],"replies":[{"embeddable":true,"href":"https:\/\/treatrade.hr\/en\/wp-json\/wp\/v2\/comments?post=807"}],"version-history":[{"count":31,"href":"https:\/\/treatrade.hr\/en\/wp-json\/wp\/v2\/pages\/807\/revisions"}],"predecessor-version":[{"id":878,"href":"https:\/\/treatrade.hr\/en\/wp-json\/wp\/v2\/pages\/807\/revisions\/878"}],"wp:attachment":[{"href":"https:\/\/treatrade.hr\/en\/wp-json\/wp\/v2\/media?parent=807"}],"curies":[{"name":"wp","href":"https:\/\/api.w.org\/{rel}","templated":true}]}}