{"id":659,"date":"2025-04-16T11:02:31","date_gmt":"2025-04-16T11:02:31","guid":{"rendered":"https:\/\/treatrade.hr\/?page_id=659"},"modified":"2025-04-16T13:22:49","modified_gmt":"2025-04-16T13:22:49","slug":"umjeravanje-opreme-za-zavarivanje-2","status":"publish","type":"page","link":"https:\/\/treatrade.hr\/en\/usluge\/umjeravanje-opreme-za-zavarivanje-2\/","title":{"rendered":"Umjeravanje opreme za zavarivanje"},"content":{"rendered":"<div data-elementor-type=\"wp-page\" data-elementor-id=\"659\" class=\"elementor elementor-659\" data-elementor-post-type=\"page\">\n\t\t\t\t<div class=\"has_eae_slider elementor-element elementor-element-bae9d7a e-con-full e-flex e-con e-parent\" data-eae-slider=\"71944\" data-id=\"bae9d7a\" data-element_type=\"container\" data-e-type=\"container\" data-settings=\"{&quot;background_background&quot;:&quot;classic&quot;}\">\n\t\t<div class=\"has_eae_slider elementor-element elementor-element-2dd6257 e-con-full e-flex e-con e-child\" data-eae-slider=\"98589\" data-id=\"2dd6257\" data-element_type=\"container\" data-e-type=\"container\" data-settings=\"{&quot;background_background&quot;:&quot;classic&quot;}\">\n\t\t\t\t<div class=\"elementor-element elementor-element-20ae996 elementor-widget elementor-widget-heading\" data-id=\"20ae996\" data-element_type=\"widget\" data-e-type=\"widget\" data-widget_type=\"heading.default\">\n\t\t\t\t<div class=\"elementor-widget-container\">\n\t\t\t\t\t<h2 class=\"elementor-heading-title elementor-size-default\">Umjeravanje opreme za zavarivanje<\/h2>\t\t\t\t<\/div>\n\t\t\t\t<\/div>\n\t\t\t\t<\/div>\n\t\t\t\t<\/div>\n\t\t<div class=\"has_eae_slider elementor-element elementor-element-7466390 e-flex e-con-boxed e-con e-parent\" data-eae-slider=\"98661\" data-id=\"7466390\" data-element_type=\"container\" data-e-type=\"container\">\n\t\t\t\t\t<div class=\"e-con-inner\">\n\t\t\t\t<div class=\"elementor-element elementor-element-2398d89 elementor-widget elementor-widget-text-editor\" data-id=\"2398d89\" data-element_type=\"widget\" data-e-type=\"widget\" data-widget_type=\"text-editor.default\">\n\t\t\t\t<div class=\"elementor-widget-container\">\n\t\t\t\t\t\t\t\t\t<p><span style=\"color: #4a4a4a; font-family: 'Merriweather Sans', sans-serif; font-size: 16px;\">Umjeravanje i kalibracija ure\u0111aja za zavarivanje izuzetno je bitno za sve tvrtke koje u svojem djelovanju koriste proces zavarivanja u skladu s normama za pra\u0107enje kvalitete i smjernicama za izradu metalnih proizvoda. Umjeravanjem dokazujemo da ure\u0111aj za zavarivanje zaista isporu\u010duje ono \u0161to od njega tra\u017eimo i o\u010dekujemo. Ovo je posebno bitno u slu\u010daju ve\u0107eg kvara i\/ili popravka ure\u0111aja za zavarivanje.<\/span><\/p>\t\t\t\t\t\t\t\t<\/div>\n\t\t\t\t<\/div>\n\t\t\t\t\t<\/div>\n\t\t\t\t<\/div>\n\t\t<div class=\"has_eae_slider elementor-element elementor-element-5cd9067 e-flex e-con-boxed e-con e-parent\" data-eae-slider=\"71052\" data-id=\"5cd9067\" data-element_type=\"container\" data-e-type=\"container\">\n\t\t\t\t\t<div class=\"e-con-inner\">\n\t\t<div class=\"has_eae_slider elementor-element elementor-element-3e332a0 e-con-full e-flex e-con e-child\" data-eae-slider=\"57594\" data-id=\"3e332a0\" data-element_type=\"container\" data-e-type=\"container\">\n\t\t\t\t<div class=\"elementor-element elementor-element-8432560 elementor-widget elementor-widget-text-editor\" data-id=\"8432560\" data-element_type=\"widget\" data-e-type=\"widget\" data-widget_type=\"text-editor.default\">\n\t\t\t\t<div class=\"elementor-widget-container\">\n\t\t\t\t\t\t\t\t\t<p>Na\u0161e servisno osoblje nudi uslugu umjeravanja svih vrsta ure\u0111aja za zavarivanje (REL, TIG, MIG\/MAG, EPP) sukladno zahtjevima norme IEC 60974- 14 ili ostalih prema zahtjevima kupca. Usluge umjeravanja pru\u017eamo u na\u0161em servisnom prostoru u sjedi\u0161tu tvrtke, kao i u prostorima kupca i\/ili na terenu, a sve prema specifi\u010dnim zahtjevima kupca. Nakon uspje\u0161nog umjeravanjanja ure\u0111aja izdajemo potvrdu o ispravnosti s pripadaju\u0107om naljepnicom na ure\u0111aju za zavarivanje.<\/p>\t\t\t\t\t\t\t\t<\/div>\n\t\t\t\t<\/div>\n\t\t\t\t<\/div>\n\t\t<div class=\"has_eae_slider elementor-element elementor-element-4309aa2 e-con-full e-flex e-con e-child\" data-eae-slider=\"45563\" data-id=\"4309aa2\" data-element_type=\"container\" data-e-type=\"container\">\n\t\t\t\t<div class=\"elementor-element elementor-element-2b2bd6a elementor-widget elementor-widget-image\" data-id=\"2b2bd6a\" data-element_type=\"widget\" data-e-type=\"widget\" data-widget_type=\"image.default\">\n\t\t\t\t<div class=\"elementor-widget-container\">\n\t\t\t\t\t\t\t\t\t\t\t\t\t\t\t<img fetchpriority=\"high\" decoding=\"async\" width=\"800\" height=\"590\" src=\"https:\/\/treatrade.hr\/wp-content\/uploads\/2025\/04\/1-servis-umjeravanje-opreme.jpg\" class=\"attachment-large size-large wp-image-661\" alt=\"\" srcset=\"https:\/\/treatrade.hr\/wp-content\/uploads\/2025\/04\/1-servis-umjeravanje-opreme.jpg 1024w, https:\/\/treatrade.hr\/wp-content\/uploads\/2025\/04\/1-servis-umjeravanje-opreme-300x221.jpg 300w, https:\/\/treatrade.hr\/wp-content\/uploads\/2025\/04\/1-servis-umjeravanje-opreme-768x566.jpg 768w, https:\/\/treatrade.hr\/wp-content\/uploads\/2025\/04\/1-servis-umjeravanje-opreme-16x12.jpg 16w, https:\/\/treatrade.hr\/wp-content\/uploads\/2025\/04\/1-servis-umjeravanje-opreme-24x18.jpg 24w, https:\/\/treatrade.hr\/wp-content\/uploads\/2025\/04\/1-servis-umjeravanje-opreme-36x27.jpg 36w, https:\/\/treatrade.hr\/wp-content\/uploads\/2025\/04\/1-servis-umjeravanje-opreme-48x35.jpg 48w, https:\/\/treatrade.hr\/wp-content\/uploads\/2025\/04\/1-servis-umjeravanje-opreme-600x442.jpg 600w\" sizes=\"(max-width: 800px) 100vw, 800px\" \/>\t\t\t\t\t\t\t\t\t\t\t\t\t\t\t<\/div>\n\t\t\t\t<\/div>\n\t\t\t\t<\/div>\n\t\t\t\t\t<\/div>\n\t\t\t\t<\/div>\n\t\t<div class=\"has_eae_slider elementor-element elementor-element-88da0b9 e-grid e-con-boxed e-con e-parent\" data-eae-slider=\"96060\" data-id=\"88da0b9\" data-element_type=\"container\" data-e-type=\"container\" data-settings=\"{&quot;background_background&quot;:&quot;classic&quot;}\">\n\t\t\t\t\t<div class=\"e-con-inner\">\n\t\t<a class=\"eael-wrapper-link-7421655 --eael-wrapper-link-tag\" href=\"https:\/\/treatrade.hr\/en\/usluge\/reparaturno-zavarivanje-2\/\"><\/a><div data-eael-wrapper-link=\"eael-wrapper-link-7421655\" class=\"has_eae_slider elementor-element elementor-element-7421655 e-con-full e-flex e-con e-child\" data-eae-slider=\"31851\" data-id=\"7421655\" data-element_type=\"container\" data-e-type=\"container\" data-settings=\"{&quot;background_background&quot;:&quot;classic&quot;}\">\n\t\t<div class=\"has_eae_slider elementor-element elementor-element-8cbafda e-con-full e-flex e-con e-child\" data-eae-slider=\"64511\" data-id=\"8cbafda\" data-element_type=\"container\" data-e-type=\"container\">\n\t\t\t\t<div class=\"elementor-element elementor-element-da76f24 elementor-widget elementor-widget-heading\" data-id=\"da76f24\" data-element_type=\"widget\" data-e-type=\"widget\" data-widget_type=\"heading.default\">\n\t\t\t\t<div class=\"elementor-widget-container\">\n\t\t\t\t\t<h2 class=\"elementor-heading-title elementor-size-default\">Reparaturno zavarivanje<\/h2>\t\t\t\t<\/div>\n\t\t\t\t<\/div>\n\t\t\t\t<\/div>\n\t\t\t\t<\/div>\n\t\t<a class=\"eael-wrapper-link-48b9632 --eael-wrapper-link-tag\" href=\"https:\/\/treatrade.hr\/en\/usluge\/toplinsko-nastrcavanje-metalizacija\/\"><\/a><div data-eael-wrapper-link=\"eael-wrapper-link-48b9632\" class=\"has_eae_slider elementor-element elementor-element-48b9632 e-con-full e-flex e-con e-child\" data-eae-slider=\"19467\" data-id=\"48b9632\" data-element_type=\"container\" data-e-type=\"container\" data-settings=\"{&quot;background_background&quot;:&quot;classic&quot;}\">\n\t\t<div class=\"has_eae_slider elementor-element elementor-element-66d8717 e-con-full e-flex e-con e-child\" data-eae-slider=\"8295\" data-id=\"66d8717\" data-element_type=\"container\" data-e-type=\"container\">\n\t\t\t\t<div class=\"elementor-element elementor-element-434e72d elementor-widget elementor-widget-heading\" data-id=\"434e72d\" data-element_type=\"widget\" data-e-type=\"widget\" data-widget_type=\"heading.default\">\n\t\t\t\t<div class=\"elementor-widget-container\">\n\t\t\t\t\t<h2 class=\"elementor-heading-title elementor-size-default\">Toplinsko na\u0161trcavanje - metalizacija<\/h2>\t\t\t\t<\/div>\n\t\t\t\t<\/div>\n\t\t\t\t<\/div>\n\t\t\t\t<\/div>\n\t\t<a class=\"eael-wrapper-link-b8dfe52 --eael-wrapper-link-tag\" href=\"https:\/\/treatrade.hr\/en\/usluge\/koordinacija-u-zavarivackim-poslovima-2\/\"><\/a><div data-eael-wrapper-link=\"eael-wrapper-link-b8dfe52\" class=\"has_eae_slider elementor-element elementor-element-b8dfe52 e-con-full e-flex e-con e-child\" data-eae-slider=\"7295\" data-id=\"b8dfe52\" data-element_type=\"container\" data-e-type=\"container\" data-settings=\"{&quot;background_background&quot;:&quot;classic&quot;}\">\n\t\t<div class=\"has_eae_slider elementor-element elementor-element-4548dda e-con-full e-flex e-con e-child\" data-eae-slider=\"18227\" data-id=\"4548dda\" data-element_type=\"container\" data-e-type=\"container\">\n\t\t\t\t<div class=\"elementor-element elementor-element-fd980c0 elementor-widget elementor-widget-heading\" data-id=\"fd980c0\" data-element_type=\"widget\" data-e-type=\"widget\" data-widget_type=\"heading.default\">\n\t\t\t\t<div class=\"elementor-widget-container\">\n\t\t\t\t\t<h2 class=\"elementor-heading-title elementor-size-default\">Koordinacija u zavariva\u010dkim poslovima<\/h2>\t\t\t\t<\/div>\n\t\t\t\t<\/div>\n\t\t\t\t<\/div>\n\t\t\t\t<\/div>\n\t\t<a class=\"eael-wrapper-link-bf8cd0b --eael-wrapper-link-tag\" href=\"https:\/\/treatrade.hr\/en\/usluge\/usluga-tehnickih-ispitivanja\/\"><\/a><div data-eael-wrapper-link=\"eael-wrapper-link-bf8cd0b\" class=\"has_eae_slider elementor-element elementor-element-bf8cd0b e-con-full e-flex e-con e-child\" data-eae-slider=\"9748\" data-id=\"bf8cd0b\" data-element_type=\"container\" data-e-type=\"container\" data-settings=\"{&quot;background_background&quot;:&quot;classic&quot;}\">\n\t\t<div class=\"has_eae_slider elementor-element elementor-element-892efd3 e-con-full e-flex e-con e-child\" data-eae-slider=\"59779\" data-id=\"892efd3\" data-element_type=\"container\" data-e-type=\"container\">\n\t\t\t\t<div class=\"elementor-element elementor-element-577ea2c elementor-widget elementor-widget-heading\" data-id=\"577ea2c\" data-element_type=\"widget\" data-e-type=\"widget\" data-widget_type=\"heading.default\">\n\t\t\t\t<div class=\"elementor-widget-container\">\n\t\t\t\t\t<h2 class=\"elementor-heading-title elementor-size-default\">Usluga tehni\u010dkih ispitivanja i analiza<\/h2>\t\t\t\t<\/div>\n\t\t\t\t<\/div>\n\t\t\t\t<\/div>\n\t\t\t\t<\/div>\n\t\t<a class=\"eael-wrapper-link-98e35e7 --eael-wrapper-link-tag\" href=\"https:\/\/treatrade.hr\/en\/usluge\/servis-opreme-za-zavarivanje-i-rezanje-2\/\"><\/a><div data-eael-wrapper-link=\"eael-wrapper-link-98e35e7\" class=\"has_eae_slider elementor-element elementor-element-98e35e7 e-con-full e-flex e-con e-child\" data-eae-slider=\"83904\" data-id=\"98e35e7\" data-element_type=\"container\" data-e-type=\"container\" data-settings=\"{&quot;background_background&quot;:&quot;classic&quot;}\">\n\t\t<div class=\"has_eae_slider elementor-element elementor-element-66f7dc6 e-con-full e-flex e-con e-child\" data-eae-slider=\"49180\" data-id=\"66f7dc6\" data-element_type=\"container\" data-e-type=\"container\">\n\t\t\t\t<div class=\"elementor-element elementor-element-b5d46e9 elementor-widget elementor-widget-heading\" data-id=\"b5d46e9\" data-element_type=\"widget\" data-e-type=\"widget\" data-widget_type=\"heading.default\">\n\t\t\t\t<div class=\"elementor-widget-container\">\n\t\t\t\t\t<h2 class=\"elementor-heading-title elementor-size-default\">Servis opreme za zavarivanje i rezanje<\/h2>\t\t\t\t<\/div>\n\t\t\t\t<\/div>\n\t\t\t\t<\/div>\n\t\t\t\t<\/div>\n\t\t<a class=\"eael-wrapper-link-ab682fd --eael-wrapper-link-tag\" href=\"https:\/\/treatrade.hr\/en\/usluge\/umjeravanje-opreme-za-zavarivanje-2\/\"><\/a><div data-eael-wrapper-link=\"eael-wrapper-link-ab682fd\" class=\"has_eae_slider elementor-element elementor-element-ab682fd e-con-full e-flex e-con e-child\" data-eae-slider=\"63510\" data-id=\"ab682fd\" data-element_type=\"container\" data-e-type=\"container\" data-settings=\"{&quot;background_background&quot;:&quot;classic&quot;}\">\n\t\t<div class=\"has_eae_slider elementor-element elementor-element-35f3456 e-con-full e-flex e-con e-child\" data-eae-slider=\"97405\" data-id=\"35f3456\" data-element_type=\"container\" data-e-type=\"container\">\n\t\t\t\t<div class=\"elementor-element elementor-element-442c33b elementor-widget elementor-widget-heading\" data-id=\"442c33b\" data-element_type=\"widget\" data-e-type=\"widget\" data-widget_type=\"heading.default\">\n\t\t\t\t<div class=\"elementor-widget-container\">\n\t\t\t\t\t<h2 class=\"elementor-heading-title elementor-size-default\">Umjeravanje opreme za zavarivanje<\/h2>\t\t\t\t<\/div>\n\t\t\t\t<\/div>\n\t\t\t\t<\/div>\n\t\t\t\t<\/div>\n\t\t<a class=\"eael-wrapper-link-43e8ed6 --eael-wrapper-link-tag\" href=\"https:\/\/treatrade.hr\/en\/usluge\/najam-opreme-za-zavarivanje-i-rezanje-2\/\"><\/a><div data-eael-wrapper-link=\"eael-wrapper-link-43e8ed6\" class=\"has_eae_slider elementor-element elementor-element-43e8ed6 e-con-full e-flex e-con e-child\" data-eae-slider=\"8589\" data-id=\"43e8ed6\" data-element_type=\"container\" data-e-type=\"container\" data-settings=\"{&quot;background_background&quot;:&quot;classic&quot;}\">\n\t\t<div class=\"has_eae_slider elementor-element elementor-element-d152595 e-con-full e-flex e-con e-child\" data-eae-slider=\"9669\" data-id=\"d152595\" data-element_type=\"container\" data-e-type=\"container\">\n\t\t\t\t<div class=\"elementor-element elementor-element-5abfc39 elementor-widget elementor-widget-heading\" data-id=\"5abfc39\" data-element_type=\"widget\" data-e-type=\"widget\" data-widget_type=\"heading.default\">\n\t\t\t\t<div class=\"elementor-widget-container\">\n\t\t\t\t\t<h2 class=\"elementor-heading-title elementor-size-default\">Najam opreme za zavarivanje i rezanje<\/h2>\t\t\t\t<\/div>\n\t\t\t\t<\/div>\n\t\t\t\t<\/div>\n\t\t\t\t<\/div>\n\t\t\t\t\t<\/div>\n\t\t\t\t<\/div>\n\t\t<div class=\"has_eae_slider elementor-element elementor-element-4728bb9 e-flex e-con-boxed e-con e-parent\" data-eae-slider=\"73532\" data-id=\"4728bb9\" data-element_type=\"container\" data-e-type=\"container\">\n\t\t\t\t\t<div class=\"e-con-inner\">\n\t\t<div class=\"has_eae_slider elementor-element elementor-element-0c897cb e-con-full e-flex e-con e-child\" data-eae-slider=\"31643\" data-id=\"0c897cb\" data-element_type=\"container\" data-e-type=\"container\">\n\t\t\t\t<div class=\"elementor-element elementor-element-8d09ed8 elementor-widget__width-initial elementor-widget-tablet__width-inherit elementor-widget elementor-widget-testimonial\" data-id=\"8d09ed8\" data-element_type=\"widget\" data-e-type=\"widget\" data-widget_type=\"testimonial.default\">\n\t\t\t\t<div class=\"elementor-widget-container\">\n\t\t\t\t\t\t\t<div class=\"elementor-testimonial-wrapper\">\n\t\t\t\t\t\t\t<div class=\"elementor-testimonial-content\">Slo\u017eeni poslovi. Te\u0161ke instalacije. Kreativnost se nalazi u svim segmentima na\u0161eg rada.<\/div>\n\t\t\t\n\t\t\t\t\t\t<div class=\"elementor-testimonial-meta\">\n\t\t\t\t<div class=\"elementor-testimonial-meta-inner\">\n\t\t\t\t\t\n\t\t\t\t\t\t\t\t\t\t<div class=\"elementor-testimonial-details\">\n\t\t\t\t\t\t\t\t\t\t\t\t\t\t<div class=\"elementor-testimonial-name\">Kreativnost<\/div>\n\t\t\t\t\t\t\t\t\t\t\t\t\t\t\t\t\t\t\t\t\t\t<div class=\"elementor-testimonial-job\">Trea Trade<\/div>\n\t\t\t\t\t\t\t\t\t\t\t\t\t<\/div>\n\t\t\t\t\t\t\t\t\t<\/div>\n\t\t\t<\/div>\n\t\t\t\t\t<\/div>\n\t\t\t\t\t\t<\/div>\n\t\t\t\t<\/div>\n\t\t\t\t<div class=\"elementor-element elementor-element-ca22ac9 elementor-widget__width-initial elementor-widget-tablet__width-inherit elementor-widget elementor-widget-testimonial\" data-id=\"ca22ac9\" data-element_type=\"widget\" data-e-type=\"widget\" data-widget_type=\"testimonial.default\">\n\t\t\t\t<div class=\"elementor-widget-container\">\n\t\t\t\t\t\t\t<div class=\"elementor-testimonial-wrapper\">\n\t\t\t\t\t\t\t<div class=\"elementor-testimonial-content\">Poslove zavr\u0161avamo u dogovorenim rokovima. \u010cak i kad se planovi moraju promijeniti u toku izvedbe.<\/div>\n\t\t\t\n\t\t\t\t\t\t<div class=\"elementor-testimonial-meta\">\n\t\t\t\t<div class=\"elementor-testimonial-meta-inner\">\n\t\t\t\t\t\n\t\t\t\t\t\t\t\t\t\t<div class=\"elementor-testimonial-details\">\n\t\t\t\t\t\t\t\t\t\t\t\t\t\t<div class=\"elementor-testimonial-name\">Pouzdanost<\/div>\n\t\t\t\t\t\t\t\t\t\t\t\t\t\t\t\t\t\t\t\t\t\t<div class=\"elementor-testimonial-job\">Trea Trade<\/div>\n\t\t\t\t\t\t\t\t\t\t\t\t\t<\/div>\n\t\t\t\t\t\t\t\t\t<\/div>\n\t\t\t<\/div>\n\t\t\t\t\t<\/div>\n\t\t\t\t\t\t<\/div>\n\t\t\t\t<\/div>\n\t\t\t\t<div class=\"elementor-element elementor-element-6f95ea5 elementor-widget__width-initial elementor-widget-tablet__width-inherit elementor-widget elementor-widget-testimonial\" data-id=\"6f95ea5\" data-element_type=\"widget\" data-e-type=\"widget\" data-widget_type=\"testimonial.default\">\n\t\t\t\t<div class=\"elementor-widget-container\">\n\t\t\t\t\t\t\t<div class=\"elementor-testimonial-wrapper\">\n\t\t\t\t\t\t\t<div class=\"elementor-testimonial-content\">Od pokretanja projekta pa do dovr\u0161etka, imati \u0107ete na raspolaganju posve\u0107ene ljude kojima je pru\u017eanje kvalitetne usluge prioritet.\n<\/div>\n\t\t\t\n\t\t\t\t\t\t<div class=\"elementor-testimonial-meta\">\n\t\t\t\t<div class=\"elementor-testimonial-meta-inner\">\n\t\t\t\t\t\n\t\t\t\t\t\t\t\t\t\t<div class=\"elementor-testimonial-details\">\n\t\t\t\t\t\t\t\t\t\t\t\t\t\t<div class=\"elementor-testimonial-name\">Usluga<\/div>\n\t\t\t\t\t\t\t\t\t\t\t\t\t\t\t\t\t\t\t\t\t\t<div class=\"elementor-testimonial-job\">Trea Trade<\/div>\n\t\t\t\t\t\t\t\t\t\t\t\t\t<\/div>\n\t\t\t\t\t\t\t\t\t<\/div>\n\t\t\t<\/div>\n\t\t\t\t\t<\/div>\n\t\t\t\t\t\t<\/div>\n\t\t\t\t<\/div>\n\t\t\t\t<div class=\"elementor-element elementor-element-1cd01d7 elementor-widget__width-initial elementor-widget-tablet__width-inherit elementor-widget elementor-widget-testimonial\" data-id=\"1cd01d7\" data-element_type=\"widget\" data-e-type=\"widget\" data-widget_type=\"testimonial.default\">\n\t\t\t\t<div class=\"elementor-widget-container\">\n\t\t\t\t\t\t\t<div class=\"elementor-testimonial-wrapper\">\n\t\t\t\t\t\t\t<div class=\"elementor-testimonial-content\">Svaki rez materijala i sveki kut odgovara specifikacijama projekta.<\/div>\n\t\t\t\n\t\t\t\t\t\t<div class=\"elementor-testimonial-meta\">\n\t\t\t\t<div class=\"elementor-testimonial-meta-inner\">\n\t\t\t\t\t\n\t\t\t\t\t\t\t\t\t\t<div class=\"elementor-testimonial-details\">\n\t\t\t\t\t\t\t\t\t\t\t\t\t\t<div class=\"elementor-testimonial-name\">Preciznost<\/div>\n\t\t\t\t\t\t\t\t\t\t\t\t\t\t\t\t\t\t\t\t\t\t<div class=\"elementor-testimonial-job\">Trea Trade<\/div>\n\t\t\t\t\t\t\t\t\t\t\t\t\t<\/div>\n\t\t\t\t\t\t\t\t\t<\/div>\n\t\t\t<\/div>\n\t\t\t\t\t<\/div>\n\t\t\t\t\t\t<\/div>\n\t\t\t\t<\/div>\n\t\t\t\t<\/div>\n\t\t\t\t\t<\/div>\n\t\t\t\t<\/div>\n\t\t<div class=\"has_eae_slider elementor-element elementor-element-4b4b01e e-flex e-con-boxed e-con e-parent\" data-eae-slider=\"17063\" data-id=\"4b4b01e\" data-element_type=\"container\" data-e-type=\"container\" data-settings=\"{&quot;background_background&quot;:&quot;classic&quot;}\">\n\t\t\t\t\t<div class=\"e-con-inner\">\n\t\t\t\t<div class=\"elementor-element elementor-element-2da834e elementor-widget elementor-widget-image-carousel\" data-id=\"2da834e\" data-element_type=\"widget\" data-e-type=\"widget\" data-settings=\"{&quot;slides_to_show&quot;:&quot;6&quot;,&quot;navigation&quot;:&quot;none&quot;,&quot;autoplay&quot;:&quot;yes&quot;,&quot;pause_on_hover&quot;:&quot;yes&quot;,&quot;pause_on_interaction&quot;:&quot;yes&quot;,&quot;autoplay_speed&quot;:5000,&quot;infinite&quot;:&quot;yes&quot;,&quot;speed&quot;:500}\" data-widget_type=\"image-carousel.default\">\n\t\t\t\t<div class=\"elementor-widget-container\">\n\t\t\t\t\t\t\t<div class=\"elementor-image-carousel-wrapper swiper\" role=\"region\" aria-roledescription=\"carousel\" aria-label=\"Image Carousel\" dir=\"ltr\">\n\t\t\t<div class=\"elementor-image-carousel swiper-wrapper\" aria-live=\"off\">\n\t\t\t\t\t\t\t\t<div class=\"swiper-slide\" role=\"group\" aria-roledescription=\"slide\" aria-label=\"1 od 11\"><figure class=\"swiper-slide-inner\"><img decoding=\"async\" class=\"swiper-slide-image\" src=\"https:\/\/treatrade.hr\/wp-content\/uploads\/2025\/03\/bugo.png\" alt=\"bugo\" \/><\/figure><\/div><div class=\"swiper-slide\" role=\"group\" aria-roledescription=\"slide\" aria-label=\"2 od 11\"><figure class=\"swiper-slide-inner\"><img decoding=\"async\" class=\"swiper-slide-image\" src=\"https:\/\/treatrade.hr\/wp-content\/uploads\/2025\/03\/fanuc-robotics.png\" alt=\"fanuc-robotics\" \/><\/figure><\/div><div class=\"swiper-slide\" role=\"group\" aria-roledescription=\"slide\" aria-label=\"3 od 11\"><figure class=\"swiper-slide-inner\"><img decoding=\"async\" class=\"swiper-slide-image\" src=\"https:\/\/treatrade.hr\/wp-content\/uploads\/2025\/03\/hypertherm.png\" alt=\"hypertherm\" \/><\/figure><\/div><div class=\"swiper-slide\" role=\"group\" aria-roledescription=\"slide\" aria-label=\"4 od 11\"><figure class=\"swiper-slide-inner\"><img decoding=\"async\" class=\"swiper-slide-image\" src=\"https:\/\/treatrade.hr\/wp-content\/uploads\/2025\/03\/lastek.png\" alt=\"lastek\" \/><\/figure><\/div><div class=\"swiper-slide\" role=\"group\" aria-roledescription=\"slide\" aria-label=\"5 od 11\"><figure class=\"swiper-slide-inner\"><img decoding=\"async\" class=\"swiper-slide-image\" src=\"https:\/\/treatrade.hr\/wp-content\/uploads\/2025\/03\/lincoln-electric.png\" alt=\"lincoln-electric\" \/><\/figure><\/div><div class=\"swiper-slide\" role=\"group\" aria-roledescription=\"slide\" aria-label=\"6 od 11\"><figure class=\"swiper-slide-inner\"><img decoding=\"async\" class=\"swiper-slide-image\" src=\"https:\/\/treatrade.hr\/wp-content\/uploads\/2025\/03\/pierce.png\" alt=\"pierce\" \/><\/figure><\/div><div class=\"swiper-slide\" role=\"group\" aria-roledescription=\"slide\" aria-label=\"7 od 11\"><figure class=\"swiper-slide-inner\"><img decoding=\"async\" class=\"swiper-slide-image\" src=\"https:\/\/treatrade.hr\/wp-content\/uploads\/2025\/03\/reglo.png\" alt=\"reglo\" \/><\/figure><\/div><div class=\"swiper-slide\" role=\"group\" aria-roledescription=\"slide\" aria-label=\"8 od 11\"><figure class=\"swiper-slide-inner\"><img decoding=\"async\" class=\"swiper-slide-image\" src=\"https:\/\/treatrade.hr\/wp-content\/uploads\/2025\/03\/sacit.png\" alt=\"sacit\" \/><\/figure><\/div><div class=\"swiper-slide\" role=\"group\" aria-roledescription=\"slide\" aria-label=\"9 od 11\"><figure class=\"swiper-slide-inner\"><img decoding=\"async\" class=\"swiper-slide-image\" src=\"https:\/\/treatrade.hr\/wp-content\/uploads\/2025\/03\/trafimet.png\" alt=\"trafimet\" \/><\/figure><\/div><div class=\"swiper-slide\" role=\"group\" aria-roledescription=\"slide\" aria-label=\"10 od 11\"><figure class=\"swiper-slide-inner\"><img decoding=\"async\" class=\"swiper-slide-image\" src=\"https:\/\/treatrade.hr\/wp-content\/uploads\/2025\/03\/weldas.png\" alt=\"weldas\" \/><\/figure><\/div><div class=\"swiper-slide\" role=\"group\" aria-roledescription=\"slide\" aria-label=\"11 od 11\"><figure class=\"swiper-slide-inner\"><img decoding=\"async\" class=\"swiper-slide-image\" src=\"https:\/\/treatrade.hr\/wp-content\/uploads\/2025\/03\/wt.png\" alt=\"wt\" \/><\/figure><\/div>\t\t\t<\/div>\n\t\t\t\t\t\t\t\n\t\t\t\t\t\t\t\t\t<\/div>\n\t\t\t\t\t\t<\/div>\n\t\t\t\t<\/div>\n\t\t\t\t\t<\/div>\n\t\t\t\t<\/div>\n\t\t\t\t<\/div>","protected":false},"excerpt":{"rendered":"<p>Umjeravanje opreme za zavarivanje Umjeravanje i kalibracija ure\u0111aja za zavarivanje izuzetno je bitno za sve tvrtke koje u svojem djelovanju koriste proces zavarivanja u skladu s normama za pra\u0107enje kvalitete i smjernicama za izradu metalnih proizvoda. Umjeravanjem dokazujemo da ure\u0111aj za zavarivanje zaista isporu\u010duje ono \u0161to od njega tra\u017eimo i o\u010dekujemo. Ovo je posebno bitno [&hellip;]<\/p>\n","protected":false},"author":1,"featured_media":0,"parent":467,"menu_order":0,"comment_status":"closed","ping_status":"closed","template":"","meta":{"footnotes":""},"class_list":["post-659","page","type-page","status-publish","hentry"],"_links":{"self":[{"href":"https:\/\/treatrade.hr\/en\/wp-json\/wp\/v2\/pages\/659","targetHints":{"allow":["GET"]}}],"collection":[{"href":"https:\/\/treatrade.hr\/en\/wp-json\/wp\/v2\/pages"}],"about":[{"href":"https:\/\/treatrade.hr\/en\/wp-json\/wp\/v2\/types\/page"}],"author":[{"embeddable":true,"href":"https:\/\/treatrade.hr\/en\/wp-json\/wp\/v2\/users\/1"}],"replies":[{"embeddable":true,"href":"https:\/\/treatrade.hr\/en\/wp-json\/wp\/v2\/comments?post=659"}],"version-history":[{"count":52,"href":"https:\/\/treatrade.hr\/en\/wp-json\/wp\/v2\/pages\/659\/revisions"}],"predecessor-version":[{"id":746,"href":"https:\/\/treatrade.hr\/en\/wp-json\/wp\/v2\/pages\/659\/revisions\/746"}],"up":[{"embeddable":true,"href":"https:\/\/treatrade.hr\/en\/wp-json\/wp\/v2\/pages\/467"}],"wp:attachment":[{"href":"https:\/\/treatrade.hr\/en\/wp-json\/wp\/v2\/media?parent=659"}],"curies":[{"name":"wp","href":"https:\/\/api.w.org\/{rel}","templated":true}]}}