{"id":642,"date":"2025-04-16T09:31:43","date_gmt":"2025-04-16T09:31:43","guid":{"rendered":"https:\/\/treatrade.hr\/?page_id=642"},"modified":"2025-04-16T13:22:30","modified_gmt":"2025-04-16T13:22:30","slug":"usluga-tehnickih-ispitivanja","status":"publish","type":"page","link":"https:\/\/treatrade.hr\/en\/usluge\/usluga-tehnickih-ispitivanja\/","title":{"rendered":"Usluga tehni\u010dkih ispitivanja"},"content":{"rendered":"<div data-elementor-type=\"wp-page\" data-elementor-id=\"642\" class=\"elementor elementor-642\" data-elementor-post-type=\"page\">\n\t\t\t\t<div class=\"has_eae_slider elementor-element elementor-element-bae9d7a e-con-full e-flex e-con e-parent\" data-eae-slider=\"16832\" data-id=\"bae9d7a\" data-element_type=\"container\" data-e-type=\"container\" data-settings=\"{&quot;background_background&quot;:&quot;classic&quot;}\">\n\t\t<div class=\"has_eae_slider elementor-element elementor-element-2dd6257 e-con-full e-flex e-con e-child\" data-eae-slider=\"28745\" data-id=\"2dd6257\" data-element_type=\"container\" data-e-type=\"container\" data-settings=\"{&quot;background_background&quot;:&quot;classic&quot;}\">\n\t\t\t\t<div class=\"elementor-element elementor-element-20ae996 elementor-widget elementor-widget-heading\" data-id=\"20ae996\" data-element_type=\"widget\" data-e-type=\"widget\" data-widget_type=\"heading.default\">\n\t\t\t\t<div class=\"elementor-widget-container\">\n\t\t\t\t\t<h2 class=\"elementor-heading-title elementor-size-default\">Usluga tehni\u010dkih ispitivanja<\/h2>\t\t\t\t<\/div>\n\t\t\t\t<\/div>\n\t\t\t\t<\/div>\n\t\t\t\t<\/div>\n\t\t<div class=\"has_eae_slider elementor-element elementor-element-7466390 e-flex e-con-boxed e-con e-parent\" data-eae-slider=\"38452\" data-id=\"7466390\" data-element_type=\"container\" data-e-type=\"container\">\n\t\t\t\t\t<div class=\"e-con-inner\">\n\t\t\t\t<div class=\"elementor-element elementor-element-2398d89 elementor-widget elementor-widget-text-editor\" data-id=\"2398d89\" data-element_type=\"widget\" data-e-type=\"widget\" data-widget_type=\"text-editor.default\">\n\t\t\t\t<div class=\"elementor-widget-container\">\n\t\t\t\t\t\t\t\t\t<p>U suradnji sa vanjskom tvrtkom u mogu\u0107nosti smo pru\u017eiti i usluge tehni\u010dkih ispitivanja i analizu rezultata, a koja uklju\u010duju:<\/p><ul><li>Ispitivanje RTG metodom (x i \u03b3 zrake)<\/li><li>Ispitivanje ultrazvu\u010dnom metodom (UTZ)<\/li><li>Ispitivanje teku\u0107im penetrantima (PT)<\/li><li>Ispitivanje magnetnim \u010desticama (MT)<\/li><\/ul><p><br \/><br \/><strong>Ispitivanje se mo\u017ee obaviti u laboratorijskim uvjetima, u prostorima na\u0161e tvrtke, u proizvodnim prostorima naru\u010ditelja ili direktno na objektu.<\/strong><\/p>\t\t\t\t\t\t\t\t<\/div>\n\t\t\t\t<\/div>\n\t\t\t\t\t<\/div>\n\t\t\t\t<\/div>\n\t\t<div class=\"has_eae_slider elementor-element elementor-element-54b08b2 e-grid e-con-boxed e-con e-parent\" data-eae-slider=\"51670\" data-id=\"54b08b2\" data-element_type=\"container\" data-e-type=\"container\" data-settings=\"{&quot;background_background&quot;:&quot;classic&quot;}\">\n\t\t\t\t\t<div class=\"e-con-inner\">\n\t\t<a class=\"eael-wrapper-link-c6fa73d --eael-wrapper-link-tag\" href=\"https:\/\/treatrade.hr\/en\/usluge\/reparaturno-zavarivanje-2\/\"><\/a><div data-eael-wrapper-link=\"eael-wrapper-link-c6fa73d\" class=\"has_eae_slider elementor-element elementor-element-c6fa73d e-con-full e-flex e-con e-child\" data-eae-slider=\"19968\" data-id=\"c6fa73d\" data-element_type=\"container\" data-e-type=\"container\" data-settings=\"{&quot;background_background&quot;:&quot;classic&quot;}\">\n\t\t<div class=\"has_eae_slider elementor-element elementor-element-b162764 e-con-full e-flex e-con e-child\" data-eae-slider=\"37075\" data-id=\"b162764\" data-element_type=\"container\" data-e-type=\"container\">\n\t\t\t\t<div class=\"elementor-element elementor-element-c5e5756 elementor-widget elementor-widget-heading\" data-id=\"c5e5756\" data-element_type=\"widget\" data-e-type=\"widget\" data-widget_type=\"heading.default\">\n\t\t\t\t<div class=\"elementor-widget-container\">\n\t\t\t\t\t<h2 class=\"elementor-heading-title elementor-size-default\">Reparaturno zavarivanje<\/h2>\t\t\t\t<\/div>\n\t\t\t\t<\/div>\n\t\t\t\t<\/div>\n\t\t\t\t<\/div>\n\t\t<a class=\"eael-wrapper-link-d8d10f5 --eael-wrapper-link-tag\" href=\"https:\/\/treatrade.hr\/en\/usluge\/toplinsko-nastrcavanje-metalizacija\/\"><\/a><div data-eael-wrapper-link=\"eael-wrapper-link-d8d10f5\" class=\"has_eae_slider elementor-element elementor-element-d8d10f5 e-con-full e-flex e-con e-child\" data-eae-slider=\"5462\" data-id=\"d8d10f5\" data-element_type=\"container\" data-e-type=\"container\" data-settings=\"{&quot;background_background&quot;:&quot;classic&quot;}\">\n\t\t<div class=\"has_eae_slider elementor-element elementor-element-2258cc7 e-con-full e-flex e-con e-child\" data-eae-slider=\"83943\" data-id=\"2258cc7\" data-element_type=\"container\" data-e-type=\"container\">\n\t\t\t\t<div class=\"elementor-element elementor-element-3cc8f38 elementor-widget elementor-widget-heading\" data-id=\"3cc8f38\" data-element_type=\"widget\" data-e-type=\"widget\" data-widget_type=\"heading.default\">\n\t\t\t\t<div class=\"elementor-widget-container\">\n\t\t\t\t\t<h2 class=\"elementor-heading-title elementor-size-default\">Toplinsko na\u0161trcavanje - metalizacija<\/h2>\t\t\t\t<\/div>\n\t\t\t\t<\/div>\n\t\t\t\t<\/div>\n\t\t\t\t<\/div>\n\t\t<a class=\"eael-wrapper-link-56cef69 --eael-wrapper-link-tag\" href=\"https:\/\/treatrade.hr\/en\/usluge\/koordinacija-u-zavarivackim-poslovima-2\/\"><\/a><div data-eael-wrapper-link=\"eael-wrapper-link-56cef69\" class=\"has_eae_slider elementor-element elementor-element-56cef69 e-con-full e-flex e-con e-child\" data-eae-slider=\"18130\" data-id=\"56cef69\" data-element_type=\"container\" data-e-type=\"container\" data-settings=\"{&quot;background_background&quot;:&quot;classic&quot;}\">\n\t\t<div class=\"has_eae_slider elementor-element elementor-element-b56b27b e-con-full e-flex e-con e-child\" data-eae-slider=\"33759\" data-id=\"b56b27b\" data-element_type=\"container\" data-e-type=\"container\">\n\t\t\t\t<div class=\"elementor-element elementor-element-05dfa1c elementor-widget elementor-widget-heading\" data-id=\"05dfa1c\" data-element_type=\"widget\" data-e-type=\"widget\" data-widget_type=\"heading.default\">\n\t\t\t\t<div class=\"elementor-widget-container\">\n\t\t\t\t\t<h2 class=\"elementor-heading-title elementor-size-default\">Koordinacija u zavariva\u010dkim poslovima<\/h2>\t\t\t\t<\/div>\n\t\t\t\t<\/div>\n\t\t\t\t<\/div>\n\t\t\t\t<\/div>\n\t\t<a class=\"eael-wrapper-link-ca9136f --eael-wrapper-link-tag\" href=\"https:\/\/treatrade.hr\/en\/usluge\/usluga-tehnickih-ispitivanja\/\"><\/a><div data-eael-wrapper-link=\"eael-wrapper-link-ca9136f\" class=\"has_eae_slider elementor-element elementor-element-ca9136f e-con-full e-flex e-con e-child\" data-eae-slider=\"41744\" data-id=\"ca9136f\" data-element_type=\"container\" data-e-type=\"container\" data-settings=\"{&quot;background_background&quot;:&quot;classic&quot;}\">\n\t\t<div class=\"has_eae_slider elementor-element elementor-element-baf094e e-con-full e-flex e-con e-child\" data-eae-slider=\"96770\" data-id=\"baf094e\" data-element_type=\"container\" data-e-type=\"container\">\n\t\t\t\t<div class=\"elementor-element elementor-element-5b03c45 elementor-widget elementor-widget-heading\" data-id=\"5b03c45\" data-element_type=\"widget\" data-e-type=\"widget\" data-widget_type=\"heading.default\">\n\t\t\t\t<div class=\"elementor-widget-container\">\n\t\t\t\t\t<h2 class=\"elementor-heading-title elementor-size-default\">Usluga tehni\u010dkih ispitivanja i analiza<\/h2>\t\t\t\t<\/div>\n\t\t\t\t<\/div>\n\t\t\t\t<\/div>\n\t\t\t\t<\/div>\n\t\t<a class=\"eael-wrapper-link-d830767 --eael-wrapper-link-tag\" href=\"https:\/\/treatrade.hr\/en\/usluge\/servis-opreme-za-zavarivanje-i-rezanje-2\/\"><\/a><div data-eael-wrapper-link=\"eael-wrapper-link-d830767\" class=\"has_eae_slider elementor-element elementor-element-d830767 e-con-full e-flex e-con e-child\" data-eae-slider=\"89286\" data-id=\"d830767\" data-element_type=\"container\" data-e-type=\"container\" data-settings=\"{&quot;background_background&quot;:&quot;classic&quot;}\">\n\t\t<div class=\"has_eae_slider elementor-element elementor-element-4cdf179 e-con-full e-flex e-con e-child\" data-eae-slider=\"13336\" data-id=\"4cdf179\" data-element_type=\"container\" data-e-type=\"container\">\n\t\t\t\t<div class=\"elementor-element elementor-element-2cc0997 elementor-widget elementor-widget-heading\" data-id=\"2cc0997\" data-element_type=\"widget\" data-e-type=\"widget\" data-widget_type=\"heading.default\">\n\t\t\t\t<div class=\"elementor-widget-container\">\n\t\t\t\t\t<h2 class=\"elementor-heading-title elementor-size-default\">Servis opreme za zavarivanje i rezanje<\/h2>\t\t\t\t<\/div>\n\t\t\t\t<\/div>\n\t\t\t\t<\/div>\n\t\t\t\t<\/div>\n\t\t<a class=\"eael-wrapper-link-997741f --eael-wrapper-link-tag\" href=\"https:\/\/treatrade.hr\/en\/usluge\/umjeravanje-opreme-za-zavarivanje-2\/\"><\/a><div data-eael-wrapper-link=\"eael-wrapper-link-997741f\" class=\"has_eae_slider elementor-element elementor-element-997741f e-con-full e-flex e-con e-child\" data-eae-slider=\"43859\" data-id=\"997741f\" data-element_type=\"container\" data-e-type=\"container\" data-settings=\"{&quot;background_background&quot;:&quot;classic&quot;}\">\n\t\t<div class=\"has_eae_slider elementor-element elementor-element-6ef1fc2 e-con-full e-flex e-con e-child\" data-eae-slider=\"24103\" data-id=\"6ef1fc2\" data-element_type=\"container\" data-e-type=\"container\">\n\t\t\t\t<div class=\"elementor-element elementor-element-115f23e elementor-widget elementor-widget-heading\" data-id=\"115f23e\" data-element_type=\"widget\" data-e-type=\"widget\" data-widget_type=\"heading.default\">\n\t\t\t\t<div class=\"elementor-widget-container\">\n\t\t\t\t\t<h2 class=\"elementor-heading-title elementor-size-default\">Umjeravanje opreme za zavarivanje<\/h2>\t\t\t\t<\/div>\n\t\t\t\t<\/div>\n\t\t\t\t<\/div>\n\t\t\t\t<\/div>\n\t\t<a class=\"eael-wrapper-link-4fc9426 --eael-wrapper-link-tag\" href=\"https:\/\/treatrade.hr\/en\/usluge\/najam-opreme-za-zavarivanje-i-rezanje-2\/\"><\/a><div data-eael-wrapper-link=\"eael-wrapper-link-4fc9426\" class=\"has_eae_slider elementor-element elementor-element-4fc9426 e-con-full e-flex e-con e-child\" data-eae-slider=\"44027\" data-id=\"4fc9426\" data-element_type=\"container\" data-e-type=\"container\" data-settings=\"{&quot;background_background&quot;:&quot;classic&quot;}\">\n\t\t<div class=\"has_eae_slider elementor-element elementor-element-7e41824 e-con-full e-flex e-con e-child\" data-eae-slider=\"81768\" data-id=\"7e41824\" data-element_type=\"container\" data-e-type=\"container\">\n\t\t\t\t<div class=\"elementor-element elementor-element-4e2d78f elementor-widget elementor-widget-heading\" data-id=\"4e2d78f\" data-element_type=\"widget\" data-e-type=\"widget\" data-widget_type=\"heading.default\">\n\t\t\t\t<div class=\"elementor-widget-container\">\n\t\t\t\t\t<h2 class=\"elementor-heading-title elementor-size-default\">Najam opreme za zavarivanje i rezanje<\/h2>\t\t\t\t<\/div>\n\t\t\t\t<\/div>\n\t\t\t\t<\/div>\n\t\t\t\t<\/div>\n\t\t\t\t\t<\/div>\n\t\t\t\t<\/div>\n\t\t<div class=\"has_eae_slider elementor-element elementor-element-4728bb9 e-flex e-con-boxed e-con e-parent\" data-eae-slider=\"58429\" data-id=\"4728bb9\" data-element_type=\"container\" data-e-type=\"container\">\n\t\t\t\t\t<div class=\"e-con-inner\">\n\t\t<div class=\"has_eae_slider elementor-element elementor-element-0c897cb e-con-full e-flex e-con e-child\" data-eae-slider=\"55528\" data-id=\"0c897cb\" data-element_type=\"container\" data-e-type=\"container\">\n\t\t\t\t<div class=\"elementor-element elementor-element-8d09ed8 elementor-widget__width-initial elementor-widget-tablet__width-inherit elementor-widget elementor-widget-testimonial\" data-id=\"8d09ed8\" data-element_type=\"widget\" data-e-type=\"widget\" data-widget_type=\"testimonial.default\">\n\t\t\t\t<div class=\"elementor-widget-container\">\n\t\t\t\t\t\t\t<div class=\"elementor-testimonial-wrapper\">\n\t\t\t\t\t\t\t<div class=\"elementor-testimonial-content\">Slo\u017eeni poslovi. Te\u0161ke instalacije. Kreativnost se nalazi u svim segmentima na\u0161eg rada.<\/div>\n\t\t\t\n\t\t\t\t\t\t<div class=\"elementor-testimonial-meta\">\n\t\t\t\t<div class=\"elementor-testimonial-meta-inner\">\n\t\t\t\t\t\n\t\t\t\t\t\t\t\t\t\t<div class=\"elementor-testimonial-details\">\n\t\t\t\t\t\t\t\t\t\t\t\t\t\t<div class=\"elementor-testimonial-name\">Kreativnost<\/div>\n\t\t\t\t\t\t\t\t\t\t\t\t\t\t\t\t\t\t\t\t\t\t<div class=\"elementor-testimonial-job\">Trea Trade<\/div>\n\t\t\t\t\t\t\t\t\t\t\t\t\t<\/div>\n\t\t\t\t\t\t\t\t\t<\/div>\n\t\t\t<\/div>\n\t\t\t\t\t<\/div>\n\t\t\t\t\t\t<\/div>\n\t\t\t\t<\/div>\n\t\t\t\t<div class=\"elementor-element elementor-element-ca22ac9 elementor-widget__width-initial elementor-widget-tablet__width-inherit elementor-widget elementor-widget-testimonial\" data-id=\"ca22ac9\" data-element_type=\"widget\" data-e-type=\"widget\" data-widget_type=\"testimonial.default\">\n\t\t\t\t<div class=\"elementor-widget-container\">\n\t\t\t\t\t\t\t<div class=\"elementor-testimonial-wrapper\">\n\t\t\t\t\t\t\t<div class=\"elementor-testimonial-content\">Poslove zavr\u0161avamo u dogovorenim rokovima. \u010cak i kad se planovi moraju promijeniti u toku izvedbe.<\/div>\n\t\t\t\n\t\t\t\t\t\t<div class=\"elementor-testimonial-meta\">\n\t\t\t\t<div class=\"elementor-testimonial-meta-inner\">\n\t\t\t\t\t\n\t\t\t\t\t\t\t\t\t\t<div class=\"elementor-testimonial-details\">\n\t\t\t\t\t\t\t\t\t\t\t\t\t\t<div class=\"elementor-testimonial-name\">Pouzdanost<\/div>\n\t\t\t\t\t\t\t\t\t\t\t\t\t\t\t\t\t\t\t\t\t\t<div class=\"elementor-testimonial-job\">Trea Trade<\/div>\n\t\t\t\t\t\t\t\t\t\t\t\t\t<\/div>\n\t\t\t\t\t\t\t\t\t<\/div>\n\t\t\t<\/div>\n\t\t\t\t\t<\/div>\n\t\t\t\t\t\t<\/div>\n\t\t\t\t<\/div>\n\t\t\t\t<div class=\"elementor-element elementor-element-6f95ea5 elementor-widget__width-initial elementor-widget-tablet__width-inherit elementor-widget elementor-widget-testimonial\" data-id=\"6f95ea5\" data-element_type=\"widget\" data-e-type=\"widget\" data-widget_type=\"testimonial.default\">\n\t\t\t\t<div class=\"elementor-widget-container\">\n\t\t\t\t\t\t\t<div class=\"elementor-testimonial-wrapper\">\n\t\t\t\t\t\t\t<div class=\"elementor-testimonial-content\">Od pokretanja projekta pa do dovr\u0161etka, imati \u0107ete na raspolaganju posve\u0107ene ljude kojima je pru\u017eanje kvalitetne usluge prioritet.\n<\/div>\n\t\t\t\n\t\t\t\t\t\t<div class=\"elementor-testimonial-meta\">\n\t\t\t\t<div class=\"elementor-testimonial-meta-inner\">\n\t\t\t\t\t\n\t\t\t\t\t\t\t\t\t\t<div class=\"elementor-testimonial-details\">\n\t\t\t\t\t\t\t\t\t\t\t\t\t\t<div class=\"elementor-testimonial-name\">Usluga<\/div>\n\t\t\t\t\t\t\t\t\t\t\t\t\t\t\t\t\t\t\t\t\t\t<div class=\"elementor-testimonial-job\">Trea Trade<\/div>\n\t\t\t\t\t\t\t\t\t\t\t\t\t<\/div>\n\t\t\t\t\t\t\t\t\t<\/div>\n\t\t\t<\/div>\n\t\t\t\t\t<\/div>\n\t\t\t\t\t\t<\/div>\n\t\t\t\t<\/div>\n\t\t\t\t<div class=\"elementor-element elementor-element-1cd01d7 elementor-widget__width-initial elementor-widget-tablet__width-inherit elementor-widget elementor-widget-testimonial\" data-id=\"1cd01d7\" data-element_type=\"widget\" data-e-type=\"widget\" data-widget_type=\"testimonial.default\">\n\t\t\t\t<div class=\"elementor-widget-container\">\n\t\t\t\t\t\t\t<div class=\"elementor-testimonial-wrapper\">\n\t\t\t\t\t\t\t<div class=\"elementor-testimonial-content\">Svaki rez materijala i sveki kut odgovara specifikacijama projekta.<\/div>\n\t\t\t\n\t\t\t\t\t\t<div class=\"elementor-testimonial-meta\">\n\t\t\t\t<div class=\"elementor-testimonial-meta-inner\">\n\t\t\t\t\t\n\t\t\t\t\t\t\t\t\t\t<div class=\"elementor-testimonial-details\">\n\t\t\t\t\t\t\t\t\t\t\t\t\t\t<div class=\"elementor-testimonial-name\">Preciznost<\/div>\n\t\t\t\t\t\t\t\t\t\t\t\t\t\t\t\t\t\t\t\t\t\t<div class=\"elementor-testimonial-job\">Trea Trade<\/div>\n\t\t\t\t\t\t\t\t\t\t\t\t\t<\/div>\n\t\t\t\t\t\t\t\t\t<\/div>\n\t\t\t<\/div>\n\t\t\t\t\t<\/div>\n\t\t\t\t\t\t<\/div>\n\t\t\t\t<\/div>\n\t\t\t\t<\/div>\n\t\t\t\t\t<\/div>\n\t\t\t\t<\/div>\n\t\t<div class=\"has_eae_slider elementor-element elementor-element-4b4b01e e-flex e-con-boxed e-con e-parent\" data-eae-slider=\"57404\" data-id=\"4b4b01e\" data-element_type=\"container\" data-e-type=\"container\" data-settings=\"{&quot;background_background&quot;:&quot;classic&quot;}\">\n\t\t\t\t\t<div class=\"e-con-inner\">\n\t\t\t\t<div class=\"elementor-element elementor-element-2da834e elementor-widget elementor-widget-image-carousel\" data-id=\"2da834e\" data-element_type=\"widget\" data-e-type=\"widget\" data-settings=\"{&quot;slides_to_show&quot;:&quot;6&quot;,&quot;navigation&quot;:&quot;none&quot;,&quot;autoplay&quot;:&quot;yes&quot;,&quot;pause_on_hover&quot;:&quot;yes&quot;,&quot;pause_on_interaction&quot;:&quot;yes&quot;,&quot;autoplay_speed&quot;:5000,&quot;infinite&quot;:&quot;yes&quot;,&quot;speed&quot;:500}\" data-widget_type=\"image-carousel.default\">\n\t\t\t\t<div class=\"elementor-widget-container\">\n\t\t\t\t\t\t\t<div class=\"elementor-image-carousel-wrapper swiper\" role=\"region\" aria-roledescription=\"carousel\" aria-label=\"Image Carousel\" dir=\"ltr\">\n\t\t\t<div class=\"elementor-image-carousel swiper-wrapper\" aria-live=\"off\">\n\t\t\t\t\t\t\t\t<div class=\"swiper-slide\" role=\"group\" aria-roledescription=\"slide\" aria-label=\"1 od 11\"><figure class=\"swiper-slide-inner\"><img decoding=\"async\" class=\"swiper-slide-image\" src=\"https:\/\/treatrade.hr\/wp-content\/uploads\/2025\/03\/bugo.png\" alt=\"bugo\" \/><\/figure><\/div><div class=\"swiper-slide\" role=\"group\" aria-roledescription=\"slide\" aria-label=\"2 od 11\"><figure class=\"swiper-slide-inner\"><img decoding=\"async\" class=\"swiper-slide-image\" src=\"https:\/\/treatrade.hr\/wp-content\/uploads\/2025\/03\/fanuc-robotics.png\" alt=\"fanuc-robotics\" \/><\/figure><\/div><div class=\"swiper-slide\" role=\"group\" aria-roledescription=\"slide\" aria-label=\"3 od 11\"><figure class=\"swiper-slide-inner\"><img decoding=\"async\" class=\"swiper-slide-image\" src=\"https:\/\/treatrade.hr\/wp-content\/uploads\/2025\/03\/hypertherm.png\" alt=\"hypertherm\" \/><\/figure><\/div><div class=\"swiper-slide\" role=\"group\" aria-roledescription=\"slide\" aria-label=\"4 od 11\"><figure class=\"swiper-slide-inner\"><img decoding=\"async\" class=\"swiper-slide-image\" src=\"https:\/\/treatrade.hr\/wp-content\/uploads\/2025\/03\/lastek.png\" alt=\"lastek\" \/><\/figure><\/div><div class=\"swiper-slide\" role=\"group\" aria-roledescription=\"slide\" aria-label=\"5 od 11\"><figure class=\"swiper-slide-inner\"><img decoding=\"async\" class=\"swiper-slide-image\" src=\"https:\/\/treatrade.hr\/wp-content\/uploads\/2025\/03\/lincoln-electric.png\" alt=\"lincoln-electric\" \/><\/figure><\/div><div class=\"swiper-slide\" role=\"group\" aria-roledescription=\"slide\" aria-label=\"6 od 11\"><figure class=\"swiper-slide-inner\"><img decoding=\"async\" class=\"swiper-slide-image\" src=\"https:\/\/treatrade.hr\/wp-content\/uploads\/2025\/03\/pierce.png\" alt=\"pierce\" \/><\/figure><\/div><div class=\"swiper-slide\" role=\"group\" aria-roledescription=\"slide\" aria-label=\"7 od 11\"><figure class=\"swiper-slide-inner\"><img decoding=\"async\" class=\"swiper-slide-image\" src=\"https:\/\/treatrade.hr\/wp-content\/uploads\/2025\/03\/reglo.png\" alt=\"reglo\" \/><\/figure><\/div><div class=\"swiper-slide\" role=\"group\" aria-roledescription=\"slide\" aria-label=\"8 od 11\"><figure class=\"swiper-slide-inner\"><img decoding=\"async\" class=\"swiper-slide-image\" src=\"https:\/\/treatrade.hr\/wp-content\/uploads\/2025\/03\/sacit.png\" alt=\"sacit\" \/><\/figure><\/div><div class=\"swiper-slide\" role=\"group\" aria-roledescription=\"slide\" aria-label=\"9 od 11\"><figure class=\"swiper-slide-inner\"><img decoding=\"async\" class=\"swiper-slide-image\" src=\"https:\/\/treatrade.hr\/wp-content\/uploads\/2025\/03\/trafimet.png\" alt=\"trafimet\" \/><\/figure><\/div><div class=\"swiper-slide\" role=\"group\" aria-roledescription=\"slide\" aria-label=\"10 od 11\"><figure class=\"swiper-slide-inner\"><img decoding=\"async\" class=\"swiper-slide-image\" src=\"https:\/\/treatrade.hr\/wp-content\/uploads\/2025\/03\/weldas.png\" alt=\"weldas\" \/><\/figure><\/div><div class=\"swiper-slide\" role=\"group\" aria-roledescription=\"slide\" aria-label=\"11 od 11\"><figure class=\"swiper-slide-inner\"><img decoding=\"async\" class=\"swiper-slide-image\" src=\"https:\/\/treatrade.hr\/wp-content\/uploads\/2025\/03\/wt.png\" alt=\"wt\" \/><\/figure><\/div>\t\t\t<\/div>\n\t\t\t\t\t\t\t\n\t\t\t\t\t\t\t\t\t<\/div>\n\t\t\t\t\t\t<\/div>\n\t\t\t\t<\/div>\n\t\t\t\t\t<\/div>\n\t\t\t\t<\/div>\n\t\t\t\t<\/div>","protected":false},"excerpt":{"rendered":"<p>Usluga tehni\u010dkih ispitivanja U suradnji sa vanjskom tvrtkom u mogu\u0107nosti smo pru\u017eiti i usluge tehni\u010dkih ispitivanja i analizu rezultata, a koja uklju\u010duju: Ispitivanje RTG metodom (x i \u03b3 zrake) Ispitivanje ultrazvu\u010dnom metodom (UTZ) Ispitivanje teku\u0107im penetrantima (PT) Ispitivanje magnetnim \u010desticama (MT) Ispitivanje se mo\u017ee obaviti u laboratorijskim uvjetima, u prostorima na\u0161e tvrtke, u proizvodnim prostorima [&hellip;]<\/p>\n","protected":false},"author":1,"featured_media":0,"parent":467,"menu_order":0,"comment_status":"closed","ping_status":"closed","template":"","meta":{"footnotes":""},"class_list":["post-642","page","type-page","status-publish","hentry"],"_links":{"self":[{"href":"https:\/\/treatrade.hr\/en\/wp-json\/wp\/v2\/pages\/642","targetHints":{"allow":["GET"]}}],"collection":[{"href":"https:\/\/treatrade.hr\/en\/wp-json\/wp\/v2\/pages"}],"about":[{"href":"https:\/\/treatrade.hr\/en\/wp-json\/wp\/v2\/types\/page"}],"author":[{"embeddable":true,"href":"https:\/\/treatrade.hr\/en\/wp-json\/wp\/v2\/users\/1"}],"replies":[{"embeddable":true,"href":"https:\/\/treatrade.hr\/en\/wp-json\/wp\/v2\/comments?post=642"}],"version-history":[{"count":10,"href":"https:\/\/treatrade.hr\/en\/wp-json\/wp\/v2\/pages\/642\/revisions"}],"predecessor-version":[{"id":777,"href":"https:\/\/treatrade.hr\/en\/wp-json\/wp\/v2\/pages\/642\/revisions\/777"}],"up":[{"embeddable":true,"href":"https:\/\/treatrade.hr\/en\/wp-json\/wp\/v2\/pages\/467"}],"wp:attachment":[{"href":"https:\/\/treatrade.hr\/en\/wp-json\/wp\/v2\/media?parent=642"}],"curies":[{"name":"wp","href":"https:\/\/api.w.org\/{rel}","templated":true}]}}